{"id":32233,"date":"2025-10-23T20:39:36","date_gmt":"2025-10-23T19:39:36","guid":{"rendered":"https:\/\/www.casala.com\/product\/sina\/"},"modified":"2026-03-12T13:37:48","modified_gmt":"2026-03-12T12:37:48","slug":"sina","status":"publish","type":"product","link":"https:\/\/www.casala.com\/fr\/produit\/sina\/","title":{"rendered":"Sina"},"content":{"rendered":"","protected":false},"featured_media":15566,"template":"","product_category":[175],"product_sector":[179],"designer":[411],"class_list":["post-32233","product","type-product","status-publish","has-post-thumbnail","hentry","product_category-chaises","product_sector-sante","designer-kressel-schelle"],"acf":[],"yoast_head":"<!-- This site is optimized with the Yoast SEO plugin v27.1.1 - https:\/\/yoast.com\/product\/yoast-seo-wordpress\/ -->\n<title>Chaise Sina | Casala<\/title>\n<meta name=\"description\" content=\"Confortable, hygi\u00e9nique et facile \u00e0 entretenir, la chaise Sina de Casala a \u00e9t\u00e9 sp\u00e9cialement con\u00e7ue pour les \u00e9tablissements de sant\u00e9 et maisons de retraite.\" \/>\n<meta name=\"robots\" content=\"index, follow, max-snippet:-1, max-image-preview:large, max-video-preview:-1\" \/>\n<link rel=\"canonical\" href=\"https:\/\/www.casala.com\/fr\/produit\/sina\/\" \/>\n<meta property=\"og:locale\" content=\"fr_FR\" \/>\n<meta property=\"og:type\" content=\"article\" \/>\n<meta property=\"og:title\" content=\"Chaise Sina | Casala\" \/>\n<meta property=\"og:description\" content=\"Confortable, hygi\u00e9nique et facile \u00e0 entretenir, la chaise Sina de Casala a \u00e9t\u00e9 sp\u00e9cialement con\u00e7ue pour les \u00e9tablissements de sant\u00e9 et maisons de retraite.\" \/>\n<meta property=\"og:url\" content=\"https:\/\/www.casala.com\/fr\/produit\/sina\/\" \/>\n<meta property=\"og:site_name\" content=\"Casala Furniture\" \/>\n<meta property=\"article:modified_time\" content=\"2026-03-12T12:37:48+00:00\" \/>\n<meta property=\"og:image\" content=\"https:\/\/www.casala.com\/wp-content\/uploads\/2025\/10\/casala-product-sina.jpg\" \/>\n\t<meta property=\"og:image:width\" content=\"2048\" \/>\n\t<meta property=\"og:image:height\" content=\"2048\" \/>\n\t<meta property=\"og:image:type\" content=\"image\/jpeg\" \/>\n<meta name=\"twitter:card\" content=\"summary_large_image\" \/>\n<meta name=\"twitter:label1\" content=\"Est. reading time\" \/>\n\t<meta name=\"twitter:data1\" content=\"3 minutes\" \/>\n<script type=\"application\/ld+json\" class=\"yoast-schema-graph\">{\"@context\":\"https:\/\/schema.org\",\"@graph\":[{\"@type\":\"WebPage\",\"@id\":\"https:\/\/www.casala.com\/fr\/produit\/sina\/\",\"url\":\"https:\/\/www.casala.com\/fr\/produit\/sina\/\",\"name\":\"Chaise Sina | Casala\",\"isPartOf\":{\"@id\":\"https:\/\/www.casala.com\/fr\/#website\"},\"primaryImageOfPage\":{\"@id\":\"https:\/\/www.casala.com\/fr\/produit\/sina\/#primaryimage\"},\"image\":{\"@id\":\"https:\/\/www.casala.com\/fr\/produit\/sina\/#primaryimage\"},\"thumbnailUrl\":\"https:\/\/www.casala.com\/wp-content\/uploads\/2025\/10\/casala-product-sina.jpg\",\"datePublished\":\"2025-10-23T19:39:36+00:00\",\"dateModified\":\"2026-03-12T12:37:48+00:00\",\"description\":\"Confortable, hygi\u00e9nique et facile \u00e0 entretenir, la chaise Sina de Casala a \u00e9t\u00e9 sp\u00e9cialement con\u00e7ue pour les \u00e9tablissements de sant\u00e9 et maisons de retraite.\",\"breadcrumb\":{\"@id\":\"https:\/\/www.casala.com\/fr\/produit\/sina\/#breadcrumb\"},\"inLanguage\":\"fr\",\"potentialAction\":[{\"@type\":\"ReadAction\",\"target\":[\"https:\/\/www.casala.com\/fr\/produit\/sina\/\"]}]},{\"@type\":\"ImageObject\",\"inLanguage\":\"fr\",\"@id\":\"https:\/\/www.casala.com\/fr\/produit\/sina\/#primaryimage\",\"url\":\"https:\/\/www.casala.com\/wp-content\/uploads\/2025\/10\/casala-product-sina.jpg\",\"contentUrl\":\"https:\/\/www.casala.com\/wp-content\/uploads\/2025\/10\/casala-product-sina.jpg\",\"width\":2048,\"height\":2048},{\"@type\":\"BreadcrumbList\",\"@id\":\"https:\/\/www.casala.com\/fr\/produit\/sina\/#breadcrumb\",\"itemListElement\":[{\"@type\":\"ListItem\",\"position\":1,\"name\":\"Home\",\"item\":\"https:\/\/www.casala.com\/fr\/\"},{\"@type\":\"ListItem\",\"position\":2,\"name\":\"Sina\"}]},{\"@type\":\"WebSite\",\"@id\":\"https:\/\/www.casala.com\/fr\/#website\",\"url\":\"https:\/\/www.casala.com\/fr\/\",\"name\":\"Casala\",\"description\":\"\",\"alternateName\":\"Casala\",\"potentialAction\":[{\"@type\":\"SearchAction\",\"target\":{\"@type\":\"EntryPoint\",\"urlTemplate\":\"https:\/\/www.casala.com\/fr\/?s={search_term_string}\"},\"query-input\":{\"@type\":\"PropertyValueSpecification\",\"valueRequired\":true,\"valueName\":\"search_term_string\"}}],\"inLanguage\":\"fr\"}]}<\/script>\n<!-- \/ Yoast SEO plugin. -->","yoast_head_json":{"title":"Chaise Sina | Casala","description":"Confortable, hygi\u00e9nique et facile \u00e0 entretenir, la chaise Sina de Casala a \u00e9t\u00e9 sp\u00e9cialement con\u00e7ue pour les \u00e9tablissements de sant\u00e9 et maisons de retraite.","robots":{"index":"index","follow":"follow","max-snippet":"max-snippet:-1","max-image-preview":"max-image-preview:large","max-video-preview":"max-video-preview:-1"},"canonical":"https:\/\/www.casala.com\/fr\/produit\/sina\/","og_locale":"fr_FR","og_type":"article","og_title":"Chaise Sina | Casala","og_description":"Confortable, hygi\u00e9nique et facile \u00e0 entretenir, la chaise Sina de Casala a \u00e9t\u00e9 sp\u00e9cialement con\u00e7ue pour les \u00e9tablissements de sant\u00e9 et maisons de retraite.","og_url":"https:\/\/www.casala.com\/fr\/produit\/sina\/","og_site_name":"Casala Furniture","article_modified_time":"2026-03-12T12:37:48+00:00","og_image":[{"width":2048,"height":2048,"url":"https:\/\/www.casala.com\/wp-content\/uploads\/2025\/10\/casala-product-sina.jpg","type":"image\/jpeg"}],"twitter_card":"summary_large_image","twitter_misc":{"Est. reading time":"3 minutes"},"schema":{"@context":"https:\/\/schema.org","@graph":[{"@type":"WebPage","@id":"https:\/\/www.casala.com\/fr\/produit\/sina\/","url":"https:\/\/www.casala.com\/fr\/produit\/sina\/","name":"Chaise Sina | Casala","isPartOf":{"@id":"https:\/\/www.casala.com\/fr\/#website"},"primaryImageOfPage":{"@id":"https:\/\/www.casala.com\/fr\/produit\/sina\/#primaryimage"},"image":{"@id":"https:\/\/www.casala.com\/fr\/produit\/sina\/#primaryimage"},"thumbnailUrl":"https:\/\/www.casala.com\/wp-content\/uploads\/2025\/10\/casala-product-sina.jpg","datePublished":"2025-10-23T19:39:36+00:00","dateModified":"2026-03-12T12:37:48+00:00","description":"Confortable, hygi\u00e9nique et facile \u00e0 entretenir, la chaise Sina de Casala a \u00e9t\u00e9 sp\u00e9cialement con\u00e7ue pour les \u00e9tablissements de sant\u00e9 et maisons de retraite.","breadcrumb":{"@id":"https:\/\/www.casala.com\/fr\/produit\/sina\/#breadcrumb"},"inLanguage":"fr","potentialAction":[{"@type":"ReadAction","target":["https:\/\/www.casala.com\/fr\/produit\/sina\/"]}]},{"@type":"ImageObject","inLanguage":"fr","@id":"https:\/\/www.casala.com\/fr\/produit\/sina\/#primaryimage","url":"https:\/\/www.casala.com\/wp-content\/uploads\/2025\/10\/casala-product-sina.jpg","contentUrl":"https:\/\/www.casala.com\/wp-content\/uploads\/2025\/10\/casala-product-sina.jpg","width":2048,"height":2048},{"@type":"BreadcrumbList","@id":"https:\/\/www.casala.com\/fr\/produit\/sina\/#breadcrumb","itemListElement":[{"@type":"ListItem","position":1,"name":"Home","item":"https:\/\/www.casala.com\/fr\/"},{"@type":"ListItem","position":2,"name":"Sina"}]},{"@type":"WebSite","@id":"https:\/\/www.casala.com\/fr\/#website","url":"https:\/\/www.casala.com\/fr\/","name":"Casala","description":"","alternateName":"Casala","potentialAction":[{"@type":"SearchAction","target":{"@type":"EntryPoint","urlTemplate":"https:\/\/www.casala.com\/fr\/?s={search_term_string}"},"query-input":{"@type":"PropertyValueSpecification","valueRequired":true,"valueName":"search_term_string"}}],"inLanguage":"fr"}]}},"_links":{"self":[{"href":"https:\/\/www.casala.com\/fr\/wp-json\/wp\/v2\/product\/32233","targetHints":{"allow":["GET"]}}],"collection":[{"href":"https:\/\/www.casala.com\/fr\/wp-json\/wp\/v2\/product"}],"about":[{"href":"https:\/\/www.casala.com\/fr\/wp-json\/wp\/v2\/types\/product"}],"wp:featuredmedia":[{"embeddable":true,"href":"https:\/\/www.casala.com\/fr\/wp-json\/wp\/v2\/media\/15566"}],"wp:attachment":[{"href":"https:\/\/www.casala.com\/fr\/wp-json\/wp\/v2\/media?parent=32233"}],"wp:term":[{"taxonomy":"product_category","embeddable":true,"href":"https:\/\/www.casala.com\/fr\/wp-json\/wp\/v2\/product_category?post=32233"},{"taxonomy":"product_sector","embeddable":true,"href":"https:\/\/www.casala.com\/fr\/wp-json\/wp\/v2\/product_sector?post=32233"},{"taxonomy":"designer","embeddable":true,"href":"https:\/\/www.casala.com\/fr\/wp-json\/wp\/v2\/designer?post=32233"}],"curies":[{"name":"wp","href":"https:\/\/api.w.org\/{rel}","templated":true}]}}