{"id":32209,"date":"2025-10-23T13:28:57","date_gmt":"2025-10-23T12:28:57","guid":{"rendered":"https:\/\/www.casala.com\/product\/parker-iii\/"},"modified":"2026-03-11T16:19:23","modified_gmt":"2026-03-11T15:19:23","slug":"parker-iii","status":"publish","type":"product","link":"https:\/\/www.casala.com\/fr\/produit\/parker-iii\/","title":{"rendered":"Parker III"},"content":{"rendered":"","protected":false},"featured_media":15476,"template":"","product_category":[175],"product_sector":[506,485],"designer":[411],"class_list":["post-32209","product","type-product","status-publish","has-post-thumbnail","hentry","product_category-chaises","product_sector-conferences","product_sector-bureau","designer-kressel-schelle"],"acf":[],"yoast_head":"<!-- This site is optimized with the Yoast SEO plugin v27.1.1 - https:\/\/yoast.com\/product\/yoast-seo-wordpress\/ -->\n<title>Chaise Parker III | Casala<\/title>\n<meta name=\"description\" content=\"La chaise tapiss\u00e9e Parker III de Casala poss\u00e8de un pi\u00e8tement en m\u00e9tal et convient aux espaces d\u2019attente, aux h\u00f4tels et aux restaurants.\" \/>\n<meta name=\"robots\" content=\"index, follow, max-snippet:-1, max-image-preview:large, max-video-preview:-1\" \/>\n<link rel=\"canonical\" href=\"https:\/\/www.casala.com\/fr\/produit\/parker-iii\/\" \/>\n<meta property=\"og:locale\" content=\"fr_FR\" \/>\n<meta property=\"og:type\" content=\"article\" \/>\n<meta property=\"og:title\" content=\"Chaise Parker III | Casala\" \/>\n<meta property=\"og:description\" content=\"La chaise tapiss\u00e9e Parker III de Casala poss\u00e8de un pi\u00e8tement en m\u00e9tal et convient aux espaces d\u2019attente, aux h\u00f4tels et aux restaurants.\" \/>\n<meta property=\"og:url\" content=\"https:\/\/www.casala.com\/fr\/produit\/parker-iii\/\" \/>\n<meta property=\"og:site_name\" content=\"Casala Furniture\" \/>\n<meta property=\"article:modified_time\" content=\"2026-03-11T15:19:23+00:00\" \/>\n<meta property=\"og:image\" content=\"https:\/\/www.casala.com\/wp-content\/uploads\/2025\/10\/casala-product-parker-iii.jpg\" \/>\n\t<meta property=\"og:image:width\" content=\"2048\" \/>\n\t<meta property=\"og:image:height\" content=\"2048\" \/>\n\t<meta property=\"og:image:type\" content=\"image\/jpeg\" \/>\n<meta name=\"twitter:card\" content=\"summary_large_image\" \/>\n<meta name=\"twitter:label1\" content=\"Est. reading time\" \/>\n\t<meta name=\"twitter:data1\" content=\"7 minutes\" \/>\n<script type=\"application\/ld+json\" class=\"yoast-schema-graph\">{\"@context\":\"https:\/\/schema.org\",\"@graph\":[{\"@type\":\"WebPage\",\"@id\":\"https:\/\/www.casala.com\/fr\/produit\/parker-iii\/\",\"url\":\"https:\/\/www.casala.com\/fr\/produit\/parker-iii\/\",\"name\":\"Chaise Parker III | Casala\",\"isPartOf\":{\"@id\":\"https:\/\/www.casala.com\/fr\/#website\"},\"primaryImageOfPage\":{\"@id\":\"https:\/\/www.casala.com\/fr\/produit\/parker-iii\/#primaryimage\"},\"image\":{\"@id\":\"https:\/\/www.casala.com\/fr\/produit\/parker-iii\/#primaryimage\"},\"thumbnailUrl\":\"https:\/\/www.casala.com\/wp-content\/uploads\/2025\/10\/casala-product-parker-iii.jpg\",\"datePublished\":\"2025-10-23T12:28:57+00:00\",\"dateModified\":\"2026-03-11T15:19:23+00:00\",\"description\":\"La chaise tapiss\u00e9e Parker III de Casala poss\u00e8de un pi\u00e8tement en m\u00e9tal et convient aux espaces d\u2019attente, aux h\u00f4tels et aux restaurants.\",\"breadcrumb\":{\"@id\":\"https:\/\/www.casala.com\/fr\/produit\/parker-iii\/#breadcrumb\"},\"inLanguage\":\"fr\",\"potentialAction\":[{\"@type\":\"ReadAction\",\"target\":[\"https:\/\/www.casala.com\/fr\/produit\/parker-iii\/\"]}]},{\"@type\":\"ImageObject\",\"inLanguage\":\"fr\",\"@id\":\"https:\/\/www.casala.com\/fr\/produit\/parker-iii\/#primaryimage\",\"url\":\"https:\/\/www.casala.com\/wp-content\/uploads\/2025\/10\/casala-product-parker-iii.jpg\",\"contentUrl\":\"https:\/\/www.casala.com\/wp-content\/uploads\/2025\/10\/casala-product-parker-iii.jpg\",\"width\":2048,\"height\":2048},{\"@type\":\"BreadcrumbList\",\"@id\":\"https:\/\/www.casala.com\/fr\/produit\/parker-iii\/#breadcrumb\",\"itemListElement\":[{\"@type\":\"ListItem\",\"position\":1,\"name\":\"Home\",\"item\":\"https:\/\/www.casala.com\/fr\/\"},{\"@type\":\"ListItem\",\"position\":2,\"name\":\"Parker III\"}]},{\"@type\":\"WebSite\",\"@id\":\"https:\/\/www.casala.com\/fr\/#website\",\"url\":\"https:\/\/www.casala.com\/fr\/\",\"name\":\"Casala\",\"description\":\"\",\"alternateName\":\"Casala\",\"potentialAction\":[{\"@type\":\"SearchAction\",\"target\":{\"@type\":\"EntryPoint\",\"urlTemplate\":\"https:\/\/www.casala.com\/fr\/?s={search_term_string}\"},\"query-input\":{\"@type\":\"PropertyValueSpecification\",\"valueRequired\":true,\"valueName\":\"search_term_string\"}}],\"inLanguage\":\"fr\"}]}<\/script>\n<!-- \/ Yoast SEO plugin. -->","yoast_head_json":{"title":"Chaise Parker III | Casala","description":"La chaise tapiss\u00e9e Parker III de Casala poss\u00e8de un pi\u00e8tement en m\u00e9tal et convient aux espaces d\u2019attente, aux h\u00f4tels et aux restaurants.","robots":{"index":"index","follow":"follow","max-snippet":"max-snippet:-1","max-image-preview":"max-image-preview:large","max-video-preview":"max-video-preview:-1"},"canonical":"https:\/\/www.casala.com\/fr\/produit\/parker-iii\/","og_locale":"fr_FR","og_type":"article","og_title":"Chaise Parker III | Casala","og_description":"La chaise tapiss\u00e9e Parker III de Casala poss\u00e8de un pi\u00e8tement en m\u00e9tal et convient aux espaces d\u2019attente, aux h\u00f4tels et aux restaurants.","og_url":"https:\/\/www.casala.com\/fr\/produit\/parker-iii\/","og_site_name":"Casala Furniture","article_modified_time":"2026-03-11T15:19:23+00:00","og_image":[{"width":2048,"height":2048,"url":"https:\/\/www.casala.com\/wp-content\/uploads\/2025\/10\/casala-product-parker-iii.jpg","type":"image\/jpeg"}],"twitter_card":"summary_large_image","twitter_misc":{"Est. reading time":"7 minutes"},"schema":{"@context":"https:\/\/schema.org","@graph":[{"@type":"WebPage","@id":"https:\/\/www.casala.com\/fr\/produit\/parker-iii\/","url":"https:\/\/www.casala.com\/fr\/produit\/parker-iii\/","name":"Chaise Parker III | Casala","isPartOf":{"@id":"https:\/\/www.casala.com\/fr\/#website"},"primaryImageOfPage":{"@id":"https:\/\/www.casala.com\/fr\/produit\/parker-iii\/#primaryimage"},"image":{"@id":"https:\/\/www.casala.com\/fr\/produit\/parker-iii\/#primaryimage"},"thumbnailUrl":"https:\/\/www.casala.com\/wp-content\/uploads\/2025\/10\/casala-product-parker-iii.jpg","datePublished":"2025-10-23T12:28:57+00:00","dateModified":"2026-03-11T15:19:23+00:00","description":"La chaise tapiss\u00e9e Parker III de Casala poss\u00e8de un pi\u00e8tement en m\u00e9tal et convient aux espaces d\u2019attente, aux h\u00f4tels et aux restaurants.","breadcrumb":{"@id":"https:\/\/www.casala.com\/fr\/produit\/parker-iii\/#breadcrumb"},"inLanguage":"fr","potentialAction":[{"@type":"ReadAction","target":["https:\/\/www.casala.com\/fr\/produit\/parker-iii\/"]}]},{"@type":"ImageObject","inLanguage":"fr","@id":"https:\/\/www.casala.com\/fr\/produit\/parker-iii\/#primaryimage","url":"https:\/\/www.casala.com\/wp-content\/uploads\/2025\/10\/casala-product-parker-iii.jpg","contentUrl":"https:\/\/www.casala.com\/wp-content\/uploads\/2025\/10\/casala-product-parker-iii.jpg","width":2048,"height":2048},{"@type":"BreadcrumbList","@id":"https:\/\/www.casala.com\/fr\/produit\/parker-iii\/#breadcrumb","itemListElement":[{"@type":"ListItem","position":1,"name":"Home","item":"https:\/\/www.casala.com\/fr\/"},{"@type":"ListItem","position":2,"name":"Parker III"}]},{"@type":"WebSite","@id":"https:\/\/www.casala.com\/fr\/#website","url":"https:\/\/www.casala.com\/fr\/","name":"Casala","description":"","alternateName":"Casala","potentialAction":[{"@type":"SearchAction","target":{"@type":"EntryPoint","urlTemplate":"https:\/\/www.casala.com\/fr\/?s={search_term_string}"},"query-input":{"@type":"PropertyValueSpecification","valueRequired":true,"valueName":"search_term_string"}}],"inLanguage":"fr"}]}},"_links":{"self":[{"href":"https:\/\/www.casala.com\/fr\/wp-json\/wp\/v2\/product\/32209","targetHints":{"allow":["GET"]}}],"collection":[{"href":"https:\/\/www.casala.com\/fr\/wp-json\/wp\/v2\/product"}],"about":[{"href":"https:\/\/www.casala.com\/fr\/wp-json\/wp\/v2\/types\/product"}],"wp:featuredmedia":[{"embeddable":true,"href":"https:\/\/www.casala.com\/fr\/wp-json\/wp\/v2\/media\/15476"}],"wp:attachment":[{"href":"https:\/\/www.casala.com\/fr\/wp-json\/wp\/v2\/media?parent=32209"}],"wp:term":[{"taxonomy":"product_category","embeddable":true,"href":"https:\/\/www.casala.com\/fr\/wp-json\/wp\/v2\/product_category?post=32209"},{"taxonomy":"product_sector","embeddable":true,"href":"https:\/\/www.casala.com\/fr\/wp-json\/wp\/v2\/product_sector?post=32209"},{"taxonomy":"designer","embeddable":true,"href":"https:\/\/www.casala.com\/fr\/wp-json\/wp\/v2\/designer?post=32209"}],"curies":[{"name":"wp","href":"https:\/\/api.w.org\/{rel}","templated":true}]}}