{"id":32182,"date":"2025-10-21T15:31:36","date_gmt":"2025-10-21T14:31:36","guid":{"rendered":"https:\/\/www.casala.com\/product\/onyx-beam-seating\/"},"modified":"2026-03-12T11:29:15","modified_gmt":"2026-03-12T10:29:15","slug":"onyx-poutre","status":"publish","type":"product","link":"https:\/\/www.casala.com\/fr\/produit\/onyx-poutre\/","title":{"rendered":"Poutre Onyx"},"content":{"rendered":"","protected":false},"featured_media":15468,"template":"","product_category":[537],"product_sector":[179],"designer":[408],"class_list":["post-32182","product","type-product","status-publish","has-post-thumbnail","hentry","product_category-poutres","product_sector-sante","designer-kommerkors"],"acf":[],"yoast_head":"<!-- This site is optimized with the Yoast SEO plugin v27.1.1 - https:\/\/yoast.com\/product\/yoast-seo-wordpress\/ -->\n<title>Poutre Onyx | Casala<\/title>\n<meta name=\"description\" content=\"La poutre Onyx de Casala est disponible en diff\u00e9rentes dimensions et mat\u00e9riaux, id\u00e9ale pour des espaces d\u2019attente dans des b\u00e2timents publics.\" \/>\n<meta name=\"robots\" content=\"index, follow, max-snippet:-1, max-image-preview:large, max-video-preview:-1\" \/>\n<link rel=\"canonical\" href=\"https:\/\/www.casala.com\/fr\/produit\/onyx-poutre\/\" \/>\n<meta property=\"og:locale\" content=\"fr_FR\" \/>\n<meta property=\"og:type\" content=\"article\" \/>\n<meta property=\"og:title\" content=\"Poutre Onyx | Casala\" \/>\n<meta property=\"og:description\" content=\"La poutre Onyx de Casala est disponible en diff\u00e9rentes dimensions et mat\u00e9riaux, id\u00e9ale pour des espaces d\u2019attente dans des b\u00e2timents publics.\" \/>\n<meta property=\"og:url\" content=\"https:\/\/www.casala.com\/fr\/produit\/onyx-poutre\/\" \/>\n<meta property=\"og:site_name\" content=\"Casala Furniture\" \/>\n<meta property=\"article:modified_time\" content=\"2026-03-12T10:29:15+00:00\" \/>\n<meta property=\"og:image\" content=\"https:\/\/www.casala.com\/wp-content\/uploads\/2025\/10\/casala-product-onyx-traverse.jpg\" \/>\n\t<meta property=\"og:image:width\" content=\"2048\" \/>\n\t<meta property=\"og:image:height\" content=\"2048\" \/>\n\t<meta property=\"og:image:type\" content=\"image\/jpeg\" \/>\n<meta name=\"twitter:card\" content=\"summary_large_image\" \/>\n<meta name=\"twitter:label1\" content=\"Est. reading time\" \/>\n\t<meta name=\"twitter:data1\" content=\"8 minutes\" \/>\n<script type=\"application\/ld+json\" class=\"yoast-schema-graph\">{\"@context\":\"https:\/\/schema.org\",\"@graph\":[{\"@type\":\"WebPage\",\"@id\":\"https:\/\/www.casala.com\/fr\/produit\/onyx-poutre\/\",\"url\":\"https:\/\/www.casala.com\/fr\/produit\/onyx-poutre\/\",\"name\":\"Poutre Onyx | Casala\",\"isPartOf\":{\"@id\":\"https:\/\/www.casala.com\/fr\/#website\"},\"primaryImageOfPage\":{\"@id\":\"https:\/\/www.casala.com\/fr\/produit\/onyx-poutre\/#primaryimage\"},\"image\":{\"@id\":\"https:\/\/www.casala.com\/fr\/produit\/onyx-poutre\/#primaryimage\"},\"thumbnailUrl\":\"https:\/\/www.casala.com\/wp-content\/uploads\/2025\/10\/casala-product-onyx-traverse.jpg\",\"datePublished\":\"2025-10-21T14:31:36+00:00\",\"dateModified\":\"2026-03-12T10:29:15+00:00\",\"description\":\"La poutre Onyx de Casala est disponible en diff\u00e9rentes dimensions et mat\u00e9riaux, id\u00e9ale pour des espaces d\u2019attente dans des b\u00e2timents publics.\",\"breadcrumb\":{\"@id\":\"https:\/\/www.casala.com\/fr\/produit\/onyx-poutre\/#breadcrumb\"},\"inLanguage\":\"fr\",\"potentialAction\":[{\"@type\":\"ReadAction\",\"target\":[\"https:\/\/www.casala.com\/fr\/produit\/onyx-poutre\/\"]}]},{\"@type\":\"ImageObject\",\"inLanguage\":\"fr\",\"@id\":\"https:\/\/www.casala.com\/fr\/produit\/onyx-poutre\/#primaryimage\",\"url\":\"https:\/\/www.casala.com\/wp-content\/uploads\/2025\/10\/casala-product-onyx-traverse.jpg\",\"contentUrl\":\"https:\/\/www.casala.com\/wp-content\/uploads\/2025\/10\/casala-product-onyx-traverse.jpg\",\"width\":2048,\"height\":2048},{\"@type\":\"BreadcrumbList\",\"@id\":\"https:\/\/www.casala.com\/fr\/produit\/onyx-poutre\/#breadcrumb\",\"itemListElement\":[{\"@type\":\"ListItem\",\"position\":1,\"name\":\"Home\",\"item\":\"https:\/\/www.casala.com\/fr\/\"},{\"@type\":\"ListItem\",\"position\":2,\"name\":\"Poutre Onyx\"}]},{\"@type\":\"WebSite\",\"@id\":\"https:\/\/www.casala.com\/fr\/#website\",\"url\":\"https:\/\/www.casala.com\/fr\/\",\"name\":\"Casala\",\"description\":\"\",\"alternateName\":\"Casala\",\"potentialAction\":[{\"@type\":\"SearchAction\",\"target\":{\"@type\":\"EntryPoint\",\"urlTemplate\":\"https:\/\/www.casala.com\/fr\/?s={search_term_string}\"},\"query-input\":{\"@type\":\"PropertyValueSpecification\",\"valueRequired\":true,\"valueName\":\"search_term_string\"}}],\"inLanguage\":\"fr\"}]}<\/script>\n<!-- \/ Yoast SEO plugin. -->","yoast_head_json":{"title":"Poutre Onyx | Casala","description":"La poutre Onyx de Casala est disponible en diff\u00e9rentes dimensions et mat\u00e9riaux, id\u00e9ale pour des espaces d\u2019attente dans des b\u00e2timents publics.","robots":{"index":"index","follow":"follow","max-snippet":"max-snippet:-1","max-image-preview":"max-image-preview:large","max-video-preview":"max-video-preview:-1"},"canonical":"https:\/\/www.casala.com\/fr\/produit\/onyx-poutre\/","og_locale":"fr_FR","og_type":"article","og_title":"Poutre Onyx | Casala","og_description":"La poutre Onyx de Casala est disponible en diff\u00e9rentes dimensions et mat\u00e9riaux, id\u00e9ale pour des espaces d\u2019attente dans des b\u00e2timents publics.","og_url":"https:\/\/www.casala.com\/fr\/produit\/onyx-poutre\/","og_site_name":"Casala Furniture","article_modified_time":"2026-03-12T10:29:15+00:00","og_image":[{"width":2048,"height":2048,"url":"https:\/\/www.casala.com\/wp-content\/uploads\/2025\/10\/casala-product-onyx-traverse.jpg","type":"image\/jpeg"}],"twitter_card":"summary_large_image","twitter_misc":{"Est. reading time":"8 minutes"},"schema":{"@context":"https:\/\/schema.org","@graph":[{"@type":"WebPage","@id":"https:\/\/www.casala.com\/fr\/produit\/onyx-poutre\/","url":"https:\/\/www.casala.com\/fr\/produit\/onyx-poutre\/","name":"Poutre Onyx | Casala","isPartOf":{"@id":"https:\/\/www.casala.com\/fr\/#website"},"primaryImageOfPage":{"@id":"https:\/\/www.casala.com\/fr\/produit\/onyx-poutre\/#primaryimage"},"image":{"@id":"https:\/\/www.casala.com\/fr\/produit\/onyx-poutre\/#primaryimage"},"thumbnailUrl":"https:\/\/www.casala.com\/wp-content\/uploads\/2025\/10\/casala-product-onyx-traverse.jpg","datePublished":"2025-10-21T14:31:36+00:00","dateModified":"2026-03-12T10:29:15+00:00","description":"La poutre Onyx de Casala est disponible en diff\u00e9rentes dimensions et mat\u00e9riaux, id\u00e9ale pour des espaces d\u2019attente dans des b\u00e2timents publics.","breadcrumb":{"@id":"https:\/\/www.casala.com\/fr\/produit\/onyx-poutre\/#breadcrumb"},"inLanguage":"fr","potentialAction":[{"@type":"ReadAction","target":["https:\/\/www.casala.com\/fr\/produit\/onyx-poutre\/"]}]},{"@type":"ImageObject","inLanguage":"fr","@id":"https:\/\/www.casala.com\/fr\/produit\/onyx-poutre\/#primaryimage","url":"https:\/\/www.casala.com\/wp-content\/uploads\/2025\/10\/casala-product-onyx-traverse.jpg","contentUrl":"https:\/\/www.casala.com\/wp-content\/uploads\/2025\/10\/casala-product-onyx-traverse.jpg","width":2048,"height":2048},{"@type":"BreadcrumbList","@id":"https:\/\/www.casala.com\/fr\/produit\/onyx-poutre\/#breadcrumb","itemListElement":[{"@type":"ListItem","position":1,"name":"Home","item":"https:\/\/www.casala.com\/fr\/"},{"@type":"ListItem","position":2,"name":"Poutre Onyx"}]},{"@type":"WebSite","@id":"https:\/\/www.casala.com\/fr\/#website","url":"https:\/\/www.casala.com\/fr\/","name":"Casala","description":"","alternateName":"Casala","potentialAction":[{"@type":"SearchAction","target":{"@type":"EntryPoint","urlTemplate":"https:\/\/www.casala.com\/fr\/?s={search_term_string}"},"query-input":{"@type":"PropertyValueSpecification","valueRequired":true,"valueName":"search_term_string"}}],"inLanguage":"fr"}]}},"_links":{"self":[{"href":"https:\/\/www.casala.com\/fr\/wp-json\/wp\/v2\/product\/32182","targetHints":{"allow":["GET"]}}],"collection":[{"href":"https:\/\/www.casala.com\/fr\/wp-json\/wp\/v2\/product"}],"about":[{"href":"https:\/\/www.casala.com\/fr\/wp-json\/wp\/v2\/types\/product"}],"wp:featuredmedia":[{"embeddable":true,"href":"https:\/\/www.casala.com\/fr\/wp-json\/wp\/v2\/media\/15468"}],"wp:attachment":[{"href":"https:\/\/www.casala.com\/fr\/wp-json\/wp\/v2\/media?parent=32182"}],"wp:term":[{"taxonomy":"product_category","embeddable":true,"href":"https:\/\/www.casala.com\/fr\/wp-json\/wp\/v2\/product_category?post=32182"},{"taxonomy":"product_sector","embeddable":true,"href":"https:\/\/www.casala.com\/fr\/wp-json\/wp\/v2\/product_sector?post=32182"},{"taxonomy":"designer","embeddable":true,"href":"https:\/\/www.casala.com\/fr\/wp-json\/wp\/v2\/designer?post=32182"}],"curies":[{"name":"wp","href":"https:\/\/api.w.org\/{rel}","templated":true}]}}