{"id":32173,"date":"2025-10-20T14:13:39","date_gmt":"2025-10-20T13:13:39","guid":{"rendered":"https:\/\/www.casala.com\/product\/omega-iii\/"},"modified":"2026-03-11T11:28:21","modified_gmt":"2026-03-11T10:28:21","slug":"omega-iii","status":"publish","type":"product","link":"https:\/\/www.casala.com\/fr\/produit\/omega-iii\/","title":{"rendered":"Omega III"},"content":{"rendered":"","protected":false},"featured_media":15420,"template":"","product_category":[175],"product_sector":[506,179,177],"designer":[385],"class_list":["post-32173","product","type-product","status-publish","has-post-thumbnail","hentry","product_category-chaises","product_sector-conferences","product_sector-sante","product_sector-education","designer-favaretto-partners"],"acf":[],"yoast_head":"<!-- This site is optimized with the Yoast SEO plugin v27.1.1 - https:\/\/yoast.com\/product\/yoast-seo-wordpress\/ -->\n<title>Chaise Omega III | Casala<\/title>\n<meta name=\"description\" content=\"La chaise Omega III de Casala poss\u00e8de une coque en feutrine r\u00e9alis\u00e9e \u00e0 partir de PET recycl\u00e9. Omega III a remport\u00e9 le German Design Award 2024.\" \/>\n<meta name=\"robots\" content=\"index, follow, max-snippet:-1, max-image-preview:large, max-video-preview:-1\" \/>\n<link rel=\"canonical\" href=\"https:\/\/www.casala.com\/fr\/produit\/omega-iii\/\" \/>\n<meta property=\"og:locale\" content=\"fr_FR\" \/>\n<meta property=\"og:type\" content=\"article\" \/>\n<meta property=\"og:title\" content=\"Chaise Omega III | Casala\" \/>\n<meta property=\"og:description\" content=\"La chaise Omega III de Casala poss\u00e8de une coque en feutrine r\u00e9alis\u00e9e \u00e0 partir de PET recycl\u00e9. Omega III a remport\u00e9 le German Design Award 2024.\" \/>\n<meta property=\"og:url\" content=\"https:\/\/www.casala.com\/fr\/produit\/omega-iii\/\" \/>\n<meta property=\"og:site_name\" content=\"Casala Furniture\" \/>\n<meta property=\"article:modified_time\" content=\"2026-03-11T10:28:21+00:00\" \/>\n<meta property=\"og:image\" content=\"https:\/\/www.casala.com\/wp-content\/uploads\/2025\/10\/casala-product-omega-iii-1.jpg\" \/>\n\t<meta property=\"og:image:width\" content=\"1024\" \/>\n\t<meta property=\"og:image:height\" content=\"1024\" \/>\n\t<meta property=\"og:image:type\" content=\"image\/jpeg\" \/>\n<meta name=\"twitter:card\" content=\"summary_large_image\" \/>\n<meta name=\"twitter:label1\" content=\"Est. reading time\" \/>\n\t<meta name=\"twitter:data1\" content=\"9 minutes\" \/>\n<script type=\"application\/ld+json\" class=\"yoast-schema-graph\">{\"@context\":\"https:\/\/schema.org\",\"@graph\":[{\"@type\":\"WebPage\",\"@id\":\"https:\/\/www.casala.com\/fr\/produit\/omega-iii\/\",\"url\":\"https:\/\/www.casala.com\/fr\/produit\/omega-iii\/\",\"name\":\"Chaise Omega III | Casala\",\"isPartOf\":{\"@id\":\"https:\/\/www.casala.com\/fr\/#website\"},\"primaryImageOfPage\":{\"@id\":\"https:\/\/www.casala.com\/fr\/produit\/omega-iii\/#primaryimage\"},\"image\":{\"@id\":\"https:\/\/www.casala.com\/fr\/produit\/omega-iii\/#primaryimage\"},\"thumbnailUrl\":\"https:\/\/www.casala.com\/wp-content\/uploads\/2025\/10\/casala-product-omega-iii-1.jpg\",\"datePublished\":\"2025-10-20T13:13:39+00:00\",\"dateModified\":\"2026-03-11T10:28:21+00:00\",\"description\":\"La chaise Omega III de Casala poss\u00e8de une coque en feutrine r\u00e9alis\u00e9e \u00e0 partir de PET recycl\u00e9. Omega III a remport\u00e9 le German Design Award 2024.\",\"breadcrumb\":{\"@id\":\"https:\/\/www.casala.com\/fr\/produit\/omega-iii\/#breadcrumb\"},\"inLanguage\":\"fr\",\"potentialAction\":[{\"@type\":\"ReadAction\",\"target\":[\"https:\/\/www.casala.com\/fr\/produit\/omega-iii\/\"]}]},{\"@type\":\"ImageObject\",\"inLanguage\":\"fr\",\"@id\":\"https:\/\/www.casala.com\/fr\/produit\/omega-iii\/#primaryimage\",\"url\":\"https:\/\/www.casala.com\/wp-content\/uploads\/2025\/10\/casala-product-omega-iii-1.jpg\",\"contentUrl\":\"https:\/\/www.casala.com\/wp-content\/uploads\/2025\/10\/casala-product-omega-iii-1.jpg\",\"width\":1024,\"height\":1024},{\"@type\":\"BreadcrumbList\",\"@id\":\"https:\/\/www.casala.com\/fr\/produit\/omega-iii\/#breadcrumb\",\"itemListElement\":[{\"@type\":\"ListItem\",\"position\":1,\"name\":\"Home\",\"item\":\"https:\/\/www.casala.com\/fr\/\"},{\"@type\":\"ListItem\",\"position\":2,\"name\":\"Omega III\"}]},{\"@type\":\"WebSite\",\"@id\":\"https:\/\/www.casala.com\/fr\/#website\",\"url\":\"https:\/\/www.casala.com\/fr\/\",\"name\":\"Casala\",\"description\":\"\",\"alternateName\":\"Casala\",\"potentialAction\":[{\"@type\":\"SearchAction\",\"target\":{\"@type\":\"EntryPoint\",\"urlTemplate\":\"https:\/\/www.casala.com\/fr\/?s={search_term_string}\"},\"query-input\":{\"@type\":\"PropertyValueSpecification\",\"valueRequired\":true,\"valueName\":\"search_term_string\"}}],\"inLanguage\":\"fr\"}]}<\/script>\n<!-- \/ Yoast SEO plugin. -->","yoast_head_json":{"title":"Chaise Omega III | Casala","description":"La chaise Omega III de Casala poss\u00e8de une coque en feutrine r\u00e9alis\u00e9e \u00e0 partir de PET recycl\u00e9. Omega III a remport\u00e9 le German Design Award 2024.","robots":{"index":"index","follow":"follow","max-snippet":"max-snippet:-1","max-image-preview":"max-image-preview:large","max-video-preview":"max-video-preview:-1"},"canonical":"https:\/\/www.casala.com\/fr\/produit\/omega-iii\/","og_locale":"fr_FR","og_type":"article","og_title":"Chaise Omega III | Casala","og_description":"La chaise Omega III de Casala poss\u00e8de une coque en feutrine r\u00e9alis\u00e9e \u00e0 partir de PET recycl\u00e9. Omega III a remport\u00e9 le German Design Award 2024.","og_url":"https:\/\/www.casala.com\/fr\/produit\/omega-iii\/","og_site_name":"Casala Furniture","article_modified_time":"2026-03-11T10:28:21+00:00","og_image":[{"width":1024,"height":1024,"url":"https:\/\/www.casala.com\/wp-content\/uploads\/2025\/10\/casala-product-omega-iii-1.jpg","type":"image\/jpeg"}],"twitter_card":"summary_large_image","twitter_misc":{"Est. reading time":"9 minutes"},"schema":{"@context":"https:\/\/schema.org","@graph":[{"@type":"WebPage","@id":"https:\/\/www.casala.com\/fr\/produit\/omega-iii\/","url":"https:\/\/www.casala.com\/fr\/produit\/omega-iii\/","name":"Chaise Omega III | Casala","isPartOf":{"@id":"https:\/\/www.casala.com\/fr\/#website"},"primaryImageOfPage":{"@id":"https:\/\/www.casala.com\/fr\/produit\/omega-iii\/#primaryimage"},"image":{"@id":"https:\/\/www.casala.com\/fr\/produit\/omega-iii\/#primaryimage"},"thumbnailUrl":"https:\/\/www.casala.com\/wp-content\/uploads\/2025\/10\/casala-product-omega-iii-1.jpg","datePublished":"2025-10-20T13:13:39+00:00","dateModified":"2026-03-11T10:28:21+00:00","description":"La chaise Omega III de Casala poss\u00e8de une coque en feutrine r\u00e9alis\u00e9e \u00e0 partir de PET recycl\u00e9. Omega III a remport\u00e9 le German Design Award 2024.","breadcrumb":{"@id":"https:\/\/www.casala.com\/fr\/produit\/omega-iii\/#breadcrumb"},"inLanguage":"fr","potentialAction":[{"@type":"ReadAction","target":["https:\/\/www.casala.com\/fr\/produit\/omega-iii\/"]}]},{"@type":"ImageObject","inLanguage":"fr","@id":"https:\/\/www.casala.com\/fr\/produit\/omega-iii\/#primaryimage","url":"https:\/\/www.casala.com\/wp-content\/uploads\/2025\/10\/casala-product-omega-iii-1.jpg","contentUrl":"https:\/\/www.casala.com\/wp-content\/uploads\/2025\/10\/casala-product-omega-iii-1.jpg","width":1024,"height":1024},{"@type":"BreadcrumbList","@id":"https:\/\/www.casala.com\/fr\/produit\/omega-iii\/#breadcrumb","itemListElement":[{"@type":"ListItem","position":1,"name":"Home","item":"https:\/\/www.casala.com\/fr\/"},{"@type":"ListItem","position":2,"name":"Omega III"}]},{"@type":"WebSite","@id":"https:\/\/www.casala.com\/fr\/#website","url":"https:\/\/www.casala.com\/fr\/","name":"Casala","description":"","alternateName":"Casala","potentialAction":[{"@type":"SearchAction","target":{"@type":"EntryPoint","urlTemplate":"https:\/\/www.casala.com\/fr\/?s={search_term_string}"},"query-input":{"@type":"PropertyValueSpecification","valueRequired":true,"valueName":"search_term_string"}}],"inLanguage":"fr"}]}},"_links":{"self":[{"href":"https:\/\/www.casala.com\/fr\/wp-json\/wp\/v2\/product\/32173","targetHints":{"allow":["GET"]}}],"collection":[{"href":"https:\/\/www.casala.com\/fr\/wp-json\/wp\/v2\/product"}],"about":[{"href":"https:\/\/www.casala.com\/fr\/wp-json\/wp\/v2\/types\/product"}],"wp:featuredmedia":[{"embeddable":true,"href":"https:\/\/www.casala.com\/fr\/wp-json\/wp\/v2\/media\/15420"}],"wp:attachment":[{"href":"https:\/\/www.casala.com\/fr\/wp-json\/wp\/v2\/media?parent=32173"}],"wp:term":[{"taxonomy":"product_category","embeddable":true,"href":"https:\/\/www.casala.com\/fr\/wp-json\/wp\/v2\/product_category?post=32173"},{"taxonomy":"product_sector","embeddable":true,"href":"https:\/\/www.casala.com\/fr\/wp-json\/wp\/v2\/product_sector?post=32173"},{"taxonomy":"designer","embeddable":true,"href":"https:\/\/www.casala.com\/fr\/wp-json\/wp\/v2\/designer?post=32173"}],"curies":[{"name":"wp","href":"https:\/\/api.w.org\/{rel}","templated":true}]}}