{"id":32167,"date":"2025-10-20T15:04:35","date_gmt":"2025-10-20T14:04:35","guid":{"rendered":"https:\/\/www.casala.com\/product\/omega-vi\/"},"modified":"2026-03-11T11:30:36","modified_gmt":"2026-03-11T10:30:36","slug":"omega-vi","status":"publish","type":"product","link":"https:\/\/www.casala.com\/fr\/produit\/omega-vi\/","title":{"rendered":"Omega VI"},"content":{"rendered":"","protected":false},"featured_media":15428,"template":"","product_category":[175],"product_sector":[506,485],"designer":[385],"class_list":["post-32167","product","type-product","status-publish","has-post-thumbnail","hentry","product_category-chaises","product_sector-conferences","product_sector-bureau","designer-favaretto-partners"],"acf":[],"yoast_head":"<!-- This site is optimized with the Yoast SEO plugin v27.1.1 - https:\/\/yoast.com\/product\/yoast-seo-wordpress\/ -->\n<title>Chaise Omega VI | Casala<\/title>\n<meta name=\"description\" content=\"Omega VI de Casala est une chaise de r\u00e9union \u00e9l\u00e9gante avec pi\u00e8tement \u00e0 quatre branches et roulettes, disponible en six couleurs.\" \/>\n<meta name=\"robots\" content=\"index, follow, max-snippet:-1, max-image-preview:large, max-video-preview:-1\" \/>\n<link rel=\"canonical\" href=\"https:\/\/www.casala.com\/fr\/produit\/omega-vi\/\" \/>\n<meta property=\"og:locale\" content=\"fr_FR\" \/>\n<meta property=\"og:type\" content=\"article\" \/>\n<meta property=\"og:title\" content=\"Chaise Omega VI | Casala\" \/>\n<meta property=\"og:description\" content=\"Omega VI de Casala est une chaise de r\u00e9union \u00e9l\u00e9gante avec pi\u00e8tement \u00e0 quatre branches et roulettes, disponible en six couleurs.\" \/>\n<meta property=\"og:url\" content=\"https:\/\/www.casala.com\/fr\/produit\/omega-vi\/\" \/>\n<meta property=\"og:site_name\" content=\"Casala Furniture\" \/>\n<meta property=\"article:modified_time\" content=\"2026-03-11T10:30:36+00:00\" \/>\n<meta property=\"og:image\" content=\"https:\/\/www.casala.com\/wp-content\/uploads\/2025\/10\/casala-product-omega-vi-1.jpg\" \/>\n\t<meta property=\"og:image:width\" content=\"1024\" \/>\n\t<meta property=\"og:image:height\" content=\"1024\" \/>\n\t<meta property=\"og:image:type\" content=\"image\/jpeg\" \/>\n<meta name=\"twitter:card\" content=\"summary_large_image\" \/>\n<meta name=\"twitter:label1\" content=\"Est. reading time\" \/>\n\t<meta name=\"twitter:data1\" content=\"6 minutes\" \/>\n<script type=\"application\/ld+json\" class=\"yoast-schema-graph\">{\"@context\":\"https:\/\/schema.org\",\"@graph\":[{\"@type\":\"WebPage\",\"@id\":\"https:\/\/www.casala.com\/fr\/produit\/omega-vi\/\",\"url\":\"https:\/\/www.casala.com\/fr\/produit\/omega-vi\/\",\"name\":\"Chaise Omega VI | Casala\",\"isPartOf\":{\"@id\":\"https:\/\/www.casala.com\/fr\/#website\"},\"primaryImageOfPage\":{\"@id\":\"https:\/\/www.casala.com\/fr\/produit\/omega-vi\/#primaryimage\"},\"image\":{\"@id\":\"https:\/\/www.casala.com\/fr\/produit\/omega-vi\/#primaryimage\"},\"thumbnailUrl\":\"https:\/\/www.casala.com\/wp-content\/uploads\/2025\/10\/casala-product-omega-vi-1.jpg\",\"datePublished\":\"2025-10-20T14:04:35+00:00\",\"dateModified\":\"2026-03-11T10:30:36+00:00\",\"description\":\"Omega VI de Casala est une chaise de r\u00e9union \u00e9l\u00e9gante avec pi\u00e8tement \u00e0 quatre branches et roulettes, disponible en six couleurs.\",\"breadcrumb\":{\"@id\":\"https:\/\/www.casala.com\/fr\/produit\/omega-vi\/#breadcrumb\"},\"inLanguage\":\"fr\",\"potentialAction\":[{\"@type\":\"ReadAction\",\"target\":[\"https:\/\/www.casala.com\/fr\/produit\/omega-vi\/\"]}]},{\"@type\":\"ImageObject\",\"inLanguage\":\"fr\",\"@id\":\"https:\/\/www.casala.com\/fr\/produit\/omega-vi\/#primaryimage\",\"url\":\"https:\/\/www.casala.com\/wp-content\/uploads\/2025\/10\/casala-product-omega-vi-1.jpg\",\"contentUrl\":\"https:\/\/www.casala.com\/wp-content\/uploads\/2025\/10\/casala-product-omega-vi-1.jpg\",\"width\":1024,\"height\":1024},{\"@type\":\"BreadcrumbList\",\"@id\":\"https:\/\/www.casala.com\/fr\/produit\/omega-vi\/#breadcrumb\",\"itemListElement\":[{\"@type\":\"ListItem\",\"position\":1,\"name\":\"Home\",\"item\":\"https:\/\/www.casala.com\/fr\/\"},{\"@type\":\"ListItem\",\"position\":2,\"name\":\"Omega VI\"}]},{\"@type\":\"WebSite\",\"@id\":\"https:\/\/www.casala.com\/fr\/#website\",\"url\":\"https:\/\/www.casala.com\/fr\/\",\"name\":\"Casala\",\"description\":\"\",\"alternateName\":\"Casala\",\"potentialAction\":[{\"@type\":\"SearchAction\",\"target\":{\"@type\":\"EntryPoint\",\"urlTemplate\":\"https:\/\/www.casala.com\/fr\/?s={search_term_string}\"},\"query-input\":{\"@type\":\"PropertyValueSpecification\",\"valueRequired\":true,\"valueName\":\"search_term_string\"}}],\"inLanguage\":\"fr\"}]}<\/script>\n<!-- \/ Yoast SEO plugin. -->","yoast_head_json":{"title":"Chaise Omega VI | Casala","description":"Omega VI de Casala est une chaise de r\u00e9union \u00e9l\u00e9gante avec pi\u00e8tement \u00e0 quatre branches et roulettes, disponible en six couleurs.","robots":{"index":"index","follow":"follow","max-snippet":"max-snippet:-1","max-image-preview":"max-image-preview:large","max-video-preview":"max-video-preview:-1"},"canonical":"https:\/\/www.casala.com\/fr\/produit\/omega-vi\/","og_locale":"fr_FR","og_type":"article","og_title":"Chaise Omega VI | Casala","og_description":"Omega VI de Casala est une chaise de r\u00e9union \u00e9l\u00e9gante avec pi\u00e8tement \u00e0 quatre branches et roulettes, disponible en six couleurs.","og_url":"https:\/\/www.casala.com\/fr\/produit\/omega-vi\/","og_site_name":"Casala Furniture","article_modified_time":"2026-03-11T10:30:36+00:00","og_image":[{"width":1024,"height":1024,"url":"https:\/\/www.casala.com\/wp-content\/uploads\/2025\/10\/casala-product-omega-vi-1.jpg","type":"image\/jpeg"}],"twitter_card":"summary_large_image","twitter_misc":{"Est. reading time":"6 minutes"},"schema":{"@context":"https:\/\/schema.org","@graph":[{"@type":"WebPage","@id":"https:\/\/www.casala.com\/fr\/produit\/omega-vi\/","url":"https:\/\/www.casala.com\/fr\/produit\/omega-vi\/","name":"Chaise Omega VI | Casala","isPartOf":{"@id":"https:\/\/www.casala.com\/fr\/#website"},"primaryImageOfPage":{"@id":"https:\/\/www.casala.com\/fr\/produit\/omega-vi\/#primaryimage"},"image":{"@id":"https:\/\/www.casala.com\/fr\/produit\/omega-vi\/#primaryimage"},"thumbnailUrl":"https:\/\/www.casala.com\/wp-content\/uploads\/2025\/10\/casala-product-omega-vi-1.jpg","datePublished":"2025-10-20T14:04:35+00:00","dateModified":"2026-03-11T10:30:36+00:00","description":"Omega VI de Casala est une chaise de r\u00e9union \u00e9l\u00e9gante avec pi\u00e8tement \u00e0 quatre branches et roulettes, disponible en six couleurs.","breadcrumb":{"@id":"https:\/\/www.casala.com\/fr\/produit\/omega-vi\/#breadcrumb"},"inLanguage":"fr","potentialAction":[{"@type":"ReadAction","target":["https:\/\/www.casala.com\/fr\/produit\/omega-vi\/"]}]},{"@type":"ImageObject","inLanguage":"fr","@id":"https:\/\/www.casala.com\/fr\/produit\/omega-vi\/#primaryimage","url":"https:\/\/www.casala.com\/wp-content\/uploads\/2025\/10\/casala-product-omega-vi-1.jpg","contentUrl":"https:\/\/www.casala.com\/wp-content\/uploads\/2025\/10\/casala-product-omega-vi-1.jpg","width":1024,"height":1024},{"@type":"BreadcrumbList","@id":"https:\/\/www.casala.com\/fr\/produit\/omega-vi\/#breadcrumb","itemListElement":[{"@type":"ListItem","position":1,"name":"Home","item":"https:\/\/www.casala.com\/fr\/"},{"@type":"ListItem","position":2,"name":"Omega VI"}]},{"@type":"WebSite","@id":"https:\/\/www.casala.com\/fr\/#website","url":"https:\/\/www.casala.com\/fr\/","name":"Casala","description":"","alternateName":"Casala","potentialAction":[{"@type":"SearchAction","target":{"@type":"EntryPoint","urlTemplate":"https:\/\/www.casala.com\/fr\/?s={search_term_string}"},"query-input":{"@type":"PropertyValueSpecification","valueRequired":true,"valueName":"search_term_string"}}],"inLanguage":"fr"}]}},"_links":{"self":[{"href":"https:\/\/www.casala.com\/fr\/wp-json\/wp\/v2\/product\/32167","targetHints":{"allow":["GET"]}}],"collection":[{"href":"https:\/\/www.casala.com\/fr\/wp-json\/wp\/v2\/product"}],"about":[{"href":"https:\/\/www.casala.com\/fr\/wp-json\/wp\/v2\/types\/product"}],"wp:featuredmedia":[{"embeddable":true,"href":"https:\/\/www.casala.com\/fr\/wp-json\/wp\/v2\/media\/15428"}],"wp:attachment":[{"href":"https:\/\/www.casala.com\/fr\/wp-json\/wp\/v2\/media?parent=32167"}],"wp:term":[{"taxonomy":"product_category","embeddable":true,"href":"https:\/\/www.casala.com\/fr\/wp-json\/wp\/v2\/product_category?post=32167"},{"taxonomy":"product_sector","embeddable":true,"href":"https:\/\/www.casala.com\/fr\/wp-json\/wp\/v2\/product_sector?post=32167"},{"taxonomy":"designer","embeddable":true,"href":"https:\/\/www.casala.com\/fr\/wp-json\/wp\/v2\/designer?post=32167"}],"curies":[{"name":"wp","href":"https:\/\/api.w.org\/{rel}","templated":true}]}}