{"id":32158,"date":"2025-10-20T12:33:28","date_gmt":"2025-10-20T11:33:28","guid":{"rendered":"https:\/\/www.casala.com\/product\/monolink\/"},"modified":"2026-03-09T16:13:34","modified_gmt":"2026-03-09T15:13:34","slug":"monolink","status":"publish","type":"product","link":"https:\/\/www.casala.com\/fr\/produit\/monolink\/","title":{"rendered":"Monolink"},"content":{"rendered":"","protected":false},"featured_media":15410,"template":"","product_category":[175],"product_sector":[178,527],"designer":[420],"class_list":["post-32158","product","type-product","status-publish","has-post-thumbnail","hentry","product_category-chaises","product_sector-salles","product_sector-eglises","designer-martin-ballendat"],"acf":[],"yoast_head":"<!-- This site is optimized with the Yoast SEO plugin v27.1.1 - https:\/\/yoast.com\/product\/yoast-seo-wordpress\/ -->\n<title>Chaise Monolink | Casala<\/title>\n<meta name=\"description\" content=\"Monolink de Casala est une chaise en plastique solide et l\u00e9g\u00e8re, moul\u00e9e en une seule pi\u00e8ce, id\u00e9ale pour des \u00e9v\u00e9nements et des conf\u00e9rences.\" \/>\n<meta name=\"robots\" content=\"index, follow, max-snippet:-1, max-image-preview:large, max-video-preview:-1\" \/>\n<link rel=\"canonical\" href=\"https:\/\/www.casala.com\/fr\/produit\/monolink\/\" \/>\n<meta property=\"og:locale\" content=\"fr_FR\" \/>\n<meta property=\"og:type\" content=\"article\" \/>\n<meta property=\"og:title\" content=\"Chaise Monolink | Casala\" \/>\n<meta property=\"og:description\" content=\"Monolink de Casala est une chaise en plastique solide et l\u00e9g\u00e8re, moul\u00e9e en une seule pi\u00e8ce, id\u00e9ale pour des \u00e9v\u00e9nements et des conf\u00e9rences.\" \/>\n<meta property=\"og:url\" content=\"https:\/\/www.casala.com\/fr\/produit\/monolink\/\" \/>\n<meta property=\"og:site_name\" content=\"Casala Furniture\" \/>\n<meta property=\"article:modified_time\" content=\"2026-03-09T15:13:34+00:00\" \/>\n<meta property=\"og:image\" content=\"https:\/\/www.casala.com\/wp-content\/uploads\/2025\/10\/casala-product-monolink.jpg\" \/>\n\t<meta property=\"og:image:width\" content=\"2560\" \/>\n\t<meta property=\"og:image:height\" content=\"1440\" \/>\n\t<meta property=\"og:image:type\" content=\"image\/jpeg\" \/>\n<meta name=\"twitter:card\" content=\"summary_large_image\" \/>\n<meta name=\"twitter:label1\" content=\"Est. reading time\" \/>\n\t<meta name=\"twitter:data1\" content=\"6 minutes\" \/>\n<script type=\"application\/ld+json\" class=\"yoast-schema-graph\">{\"@context\":\"https:\/\/schema.org\",\"@graph\":[{\"@type\":\"WebPage\",\"@id\":\"https:\/\/www.casala.com\/fr\/produit\/monolink\/\",\"url\":\"https:\/\/www.casala.com\/fr\/produit\/monolink\/\",\"name\":\"Chaise Monolink | Casala\",\"isPartOf\":{\"@id\":\"https:\/\/www.casala.com\/fr\/#website\"},\"primaryImageOfPage\":{\"@id\":\"https:\/\/www.casala.com\/fr\/produit\/monolink\/#primaryimage\"},\"image\":{\"@id\":\"https:\/\/www.casala.com\/fr\/produit\/monolink\/#primaryimage\"},\"thumbnailUrl\":\"https:\/\/www.casala.com\/wp-content\/uploads\/2025\/10\/casala-product-monolink.jpg\",\"datePublished\":\"2025-10-20T11:33:28+00:00\",\"dateModified\":\"2026-03-09T15:13:34+00:00\",\"description\":\"Monolink de Casala est une chaise en plastique solide et l\u00e9g\u00e8re, moul\u00e9e en une seule pi\u00e8ce, id\u00e9ale pour des \u00e9v\u00e9nements et des conf\u00e9rences.\",\"breadcrumb\":{\"@id\":\"https:\/\/www.casala.com\/fr\/produit\/monolink\/#breadcrumb\"},\"inLanguage\":\"fr\",\"potentialAction\":[{\"@type\":\"ReadAction\",\"target\":[\"https:\/\/www.casala.com\/fr\/produit\/monolink\/\"]}]},{\"@type\":\"ImageObject\",\"inLanguage\":\"fr\",\"@id\":\"https:\/\/www.casala.com\/fr\/produit\/monolink\/#primaryimage\",\"url\":\"https:\/\/www.casala.com\/wp-content\/uploads\/2025\/10\/casala-product-monolink.jpg\",\"contentUrl\":\"https:\/\/www.casala.com\/wp-content\/uploads\/2025\/10\/casala-product-monolink.jpg\",\"width\":2560,\"height\":1440},{\"@type\":\"BreadcrumbList\",\"@id\":\"https:\/\/www.casala.com\/fr\/produit\/monolink\/#breadcrumb\",\"itemListElement\":[{\"@type\":\"ListItem\",\"position\":1,\"name\":\"Home\",\"item\":\"https:\/\/www.casala.com\/fr\/\"},{\"@type\":\"ListItem\",\"position\":2,\"name\":\"Monolink\"}]},{\"@type\":\"WebSite\",\"@id\":\"https:\/\/www.casala.com\/fr\/#website\",\"url\":\"https:\/\/www.casala.com\/fr\/\",\"name\":\"Casala\",\"description\":\"\",\"alternateName\":\"Casala\",\"potentialAction\":[{\"@type\":\"SearchAction\",\"target\":{\"@type\":\"EntryPoint\",\"urlTemplate\":\"https:\/\/www.casala.com\/fr\/?s={search_term_string}\"},\"query-input\":{\"@type\":\"PropertyValueSpecification\",\"valueRequired\":true,\"valueName\":\"search_term_string\"}}],\"inLanguage\":\"fr\"}]}<\/script>\n<!-- \/ Yoast SEO plugin. -->","yoast_head_json":{"title":"Chaise Monolink | Casala","description":"Monolink de Casala est une chaise en plastique solide et l\u00e9g\u00e8re, moul\u00e9e en une seule pi\u00e8ce, id\u00e9ale pour des \u00e9v\u00e9nements et des conf\u00e9rences.","robots":{"index":"index","follow":"follow","max-snippet":"max-snippet:-1","max-image-preview":"max-image-preview:large","max-video-preview":"max-video-preview:-1"},"canonical":"https:\/\/www.casala.com\/fr\/produit\/monolink\/","og_locale":"fr_FR","og_type":"article","og_title":"Chaise Monolink | Casala","og_description":"Monolink de Casala est une chaise en plastique solide et l\u00e9g\u00e8re, moul\u00e9e en une seule pi\u00e8ce, id\u00e9ale pour des \u00e9v\u00e9nements et des conf\u00e9rences.","og_url":"https:\/\/www.casala.com\/fr\/produit\/monolink\/","og_site_name":"Casala Furniture","article_modified_time":"2026-03-09T15:13:34+00:00","og_image":[{"width":2560,"height":1440,"url":"https:\/\/www.casala.com\/wp-content\/uploads\/2025\/10\/casala-product-monolink.jpg","type":"image\/jpeg"}],"twitter_card":"summary_large_image","twitter_misc":{"Est. reading time":"6 minutes"},"schema":{"@context":"https:\/\/schema.org","@graph":[{"@type":"WebPage","@id":"https:\/\/www.casala.com\/fr\/produit\/monolink\/","url":"https:\/\/www.casala.com\/fr\/produit\/monolink\/","name":"Chaise Monolink | Casala","isPartOf":{"@id":"https:\/\/www.casala.com\/fr\/#website"},"primaryImageOfPage":{"@id":"https:\/\/www.casala.com\/fr\/produit\/monolink\/#primaryimage"},"image":{"@id":"https:\/\/www.casala.com\/fr\/produit\/monolink\/#primaryimage"},"thumbnailUrl":"https:\/\/www.casala.com\/wp-content\/uploads\/2025\/10\/casala-product-monolink.jpg","datePublished":"2025-10-20T11:33:28+00:00","dateModified":"2026-03-09T15:13:34+00:00","description":"Monolink de Casala est une chaise en plastique solide et l\u00e9g\u00e8re, moul\u00e9e en une seule pi\u00e8ce, id\u00e9ale pour des \u00e9v\u00e9nements et des conf\u00e9rences.","breadcrumb":{"@id":"https:\/\/www.casala.com\/fr\/produit\/monolink\/#breadcrumb"},"inLanguage":"fr","potentialAction":[{"@type":"ReadAction","target":["https:\/\/www.casala.com\/fr\/produit\/monolink\/"]}]},{"@type":"ImageObject","inLanguage":"fr","@id":"https:\/\/www.casala.com\/fr\/produit\/monolink\/#primaryimage","url":"https:\/\/www.casala.com\/wp-content\/uploads\/2025\/10\/casala-product-monolink.jpg","contentUrl":"https:\/\/www.casala.com\/wp-content\/uploads\/2025\/10\/casala-product-monolink.jpg","width":2560,"height":1440},{"@type":"BreadcrumbList","@id":"https:\/\/www.casala.com\/fr\/produit\/monolink\/#breadcrumb","itemListElement":[{"@type":"ListItem","position":1,"name":"Home","item":"https:\/\/www.casala.com\/fr\/"},{"@type":"ListItem","position":2,"name":"Monolink"}]},{"@type":"WebSite","@id":"https:\/\/www.casala.com\/fr\/#website","url":"https:\/\/www.casala.com\/fr\/","name":"Casala","description":"","alternateName":"Casala","potentialAction":[{"@type":"SearchAction","target":{"@type":"EntryPoint","urlTemplate":"https:\/\/www.casala.com\/fr\/?s={search_term_string}"},"query-input":{"@type":"PropertyValueSpecification","valueRequired":true,"valueName":"search_term_string"}}],"inLanguage":"fr"}]}},"_links":{"self":[{"href":"https:\/\/www.casala.com\/fr\/wp-json\/wp\/v2\/product\/32158","targetHints":{"allow":["GET"]}}],"collection":[{"href":"https:\/\/www.casala.com\/fr\/wp-json\/wp\/v2\/product"}],"about":[{"href":"https:\/\/www.casala.com\/fr\/wp-json\/wp\/v2\/types\/product"}],"wp:featuredmedia":[{"embeddable":true,"href":"https:\/\/www.casala.com\/fr\/wp-json\/wp\/v2\/media\/15410"}],"wp:attachment":[{"href":"https:\/\/www.casala.com\/fr\/wp-json\/wp\/v2\/media?parent=32158"}],"wp:term":[{"taxonomy":"product_category","embeddable":true,"href":"https:\/\/www.casala.com\/fr\/wp-json\/wp\/v2\/product_category?post=32158"},{"taxonomy":"product_sector","embeddable":true,"href":"https:\/\/www.casala.com\/fr\/wp-json\/wp\/v2\/product_sector?post=32158"},{"taxonomy":"designer","embeddable":true,"href":"https:\/\/www.casala.com\/fr\/wp-json\/wp\/v2\/designer?post=32158"}],"curies":[{"name":"wp","href":"https:\/\/api.w.org\/{rel}","templated":true}]}}