{"id":30601,"date":"2025-09-15T15:36:49","date_gmt":"2025-09-15T14:36:49","guid":{"rendered":"https:\/\/www.casala.com\/product\/leon-iv\/"},"modified":"2026-03-12T16:51:16","modified_gmt":"2026-03-12T15:51:16","slug":"leon-iv","status":"publish","type":"product","link":"https:\/\/www.casala.com\/fr\/produit\/leon-iv\/","title":{"rendered":"Leon IV"},"content":{"rendered":"","protected":false},"featured_media":15386,"template":"","product_category":[175],"product_sector":[506,485],"designer":[411],"class_list":["post-30601","product","type-product","status-publish","has-post-thumbnail","hentry","product_category-chaises","product_sector-conferences","product_sector-bureau","designer-kressel-schelle"],"acf":[],"yoast_head":"<!-- This site is optimized with the Yoast SEO plugin v27.1.1 - https:\/\/yoast.com\/product\/yoast-seo-wordpress\/ -->\n<title>Casala Leon IV | chaise de conf\u00e9rence \u00e0 roulettes<\/title>\n<meta name=\"description\" content=\"La Casala Leon IV est une \u00e9l\u00e9gante chaise de conf\u00e9rence avec pi\u00e8tement en croix et roulettes. Une double couche de mousse et une assise r\u00e9glable en hauteur assurent un confort d\u2019assise optimal.\" \/>\n<meta name=\"robots\" content=\"index, follow, max-snippet:-1, max-image-preview:large, max-video-preview:-1\" \/>\n<link rel=\"canonical\" href=\"https:\/\/www.casala.com\/fr\/produit\/leon-iv\/\" \/>\n<meta property=\"og:locale\" content=\"fr_FR\" \/>\n<meta property=\"og:type\" content=\"article\" \/>\n<meta property=\"og:title\" content=\"Casala Leon IV | chaise de conf\u00e9rence \u00e0 roulettes\" \/>\n<meta property=\"og:description\" content=\"La Casala Leon IV est une \u00e9l\u00e9gante chaise de conf\u00e9rence avec pi\u00e8tement en croix et roulettes. Une double couche de mousse et une assise r\u00e9glable en hauteur assurent un confort d\u2019assise optimal.\" \/>\n<meta property=\"og:url\" content=\"https:\/\/www.casala.com\/fr\/produit\/leon-iv\/\" \/>\n<meta property=\"og:site_name\" content=\"Casala Furniture\" \/>\n<meta property=\"article:modified_time\" content=\"2026-03-12T15:51:16+00:00\" \/>\n<meta property=\"og:image\" content=\"https:\/\/www.casala.com\/wp-content\/uploads\/2025\/09\/casala-product-leon-iv-1.jpg\" \/>\n\t<meta property=\"og:image:width\" content=\"2048\" \/>\n\t<meta property=\"og:image:height\" content=\"2048\" \/>\n\t<meta property=\"og:image:type\" content=\"image\/jpeg\" \/>\n<meta name=\"twitter:card\" content=\"summary_large_image\" \/>\n<meta name=\"twitter:label1\" content=\"Est. reading time\" \/>\n\t<meta name=\"twitter:data1\" content=\"5 minutes\" \/>\n<script type=\"application\/ld+json\" class=\"yoast-schema-graph\">{\"@context\":\"https:\/\/schema.org\",\"@graph\":[{\"@type\":\"WebPage\",\"@id\":\"https:\/\/www.casala.com\/fr\/produit\/leon-iv\/\",\"url\":\"https:\/\/www.casala.com\/fr\/produit\/leon-iv\/\",\"name\":\"Casala Leon IV | chaise de conf\u00e9rence \u00e0 roulettes\",\"isPartOf\":{\"@id\":\"https:\/\/www.casala.com\/fr\/#website\"},\"primaryImageOfPage\":{\"@id\":\"https:\/\/www.casala.com\/fr\/produit\/leon-iv\/#primaryimage\"},\"image\":{\"@id\":\"https:\/\/www.casala.com\/fr\/produit\/leon-iv\/#primaryimage\"},\"thumbnailUrl\":\"https:\/\/www.casala.com\/wp-content\/uploads\/2025\/09\/casala-product-leon-iv-1.jpg\",\"datePublished\":\"2025-09-15T14:36:49+00:00\",\"dateModified\":\"2026-03-12T15:51:16+00:00\",\"description\":\"La Casala Leon IV est une \u00e9l\u00e9gante chaise de conf\u00e9rence avec pi\u00e8tement en croix et roulettes. Une double couche de mousse et une assise r\u00e9glable en hauteur assurent un confort d\u2019assise optimal.\",\"breadcrumb\":{\"@id\":\"https:\/\/www.casala.com\/fr\/produit\/leon-iv\/#breadcrumb\"},\"inLanguage\":\"fr\",\"potentialAction\":[{\"@type\":\"ReadAction\",\"target\":[\"https:\/\/www.casala.com\/fr\/produit\/leon-iv\/\"]}]},{\"@type\":\"ImageObject\",\"inLanguage\":\"fr\",\"@id\":\"https:\/\/www.casala.com\/fr\/produit\/leon-iv\/#primaryimage\",\"url\":\"https:\/\/www.casala.com\/wp-content\/uploads\/2025\/09\/casala-product-leon-iv-1.jpg\",\"contentUrl\":\"https:\/\/www.casala.com\/wp-content\/uploads\/2025\/09\/casala-product-leon-iv-1.jpg\",\"width\":2048,\"height\":2048},{\"@type\":\"BreadcrumbList\",\"@id\":\"https:\/\/www.casala.com\/fr\/produit\/leon-iv\/#breadcrumb\",\"itemListElement\":[{\"@type\":\"ListItem\",\"position\":1,\"name\":\"Home\",\"item\":\"https:\/\/www.casala.com\/fr\/\"},{\"@type\":\"ListItem\",\"position\":2,\"name\":\"Leon IV\"}]},{\"@type\":\"WebSite\",\"@id\":\"https:\/\/www.casala.com\/fr\/#website\",\"url\":\"https:\/\/www.casala.com\/fr\/\",\"name\":\"Casala\",\"description\":\"\",\"alternateName\":\"Casala\",\"potentialAction\":[{\"@type\":\"SearchAction\",\"target\":{\"@type\":\"EntryPoint\",\"urlTemplate\":\"https:\/\/www.casala.com\/fr\/?s={search_term_string}\"},\"query-input\":{\"@type\":\"PropertyValueSpecification\",\"valueRequired\":true,\"valueName\":\"search_term_string\"}}],\"inLanguage\":\"fr\"}]}<\/script>\n<!-- \/ Yoast SEO plugin. -->","yoast_head_json":{"title":"Casala Leon IV | chaise de conf\u00e9rence \u00e0 roulettes","description":"La Casala Leon IV est une \u00e9l\u00e9gante chaise de conf\u00e9rence avec pi\u00e8tement en croix et roulettes. Une double couche de mousse et une assise r\u00e9glable en hauteur assurent un confort d\u2019assise optimal.","robots":{"index":"index","follow":"follow","max-snippet":"max-snippet:-1","max-image-preview":"max-image-preview:large","max-video-preview":"max-video-preview:-1"},"canonical":"https:\/\/www.casala.com\/fr\/produit\/leon-iv\/","og_locale":"fr_FR","og_type":"article","og_title":"Casala Leon IV | chaise de conf\u00e9rence \u00e0 roulettes","og_description":"La Casala Leon IV est une \u00e9l\u00e9gante chaise de conf\u00e9rence avec pi\u00e8tement en croix et roulettes. Une double couche de mousse et une assise r\u00e9glable en hauteur assurent un confort d\u2019assise optimal.","og_url":"https:\/\/www.casala.com\/fr\/produit\/leon-iv\/","og_site_name":"Casala Furniture","article_modified_time":"2026-03-12T15:51:16+00:00","og_image":[{"width":2048,"height":2048,"url":"https:\/\/www.casala.com\/wp-content\/uploads\/2025\/09\/casala-product-leon-iv-1.jpg","type":"image\/jpeg"}],"twitter_card":"summary_large_image","twitter_misc":{"Est. reading time":"5 minutes"},"schema":{"@context":"https:\/\/schema.org","@graph":[{"@type":"WebPage","@id":"https:\/\/www.casala.com\/fr\/produit\/leon-iv\/","url":"https:\/\/www.casala.com\/fr\/produit\/leon-iv\/","name":"Casala Leon IV | chaise de conf\u00e9rence \u00e0 roulettes","isPartOf":{"@id":"https:\/\/www.casala.com\/fr\/#website"},"primaryImageOfPage":{"@id":"https:\/\/www.casala.com\/fr\/produit\/leon-iv\/#primaryimage"},"image":{"@id":"https:\/\/www.casala.com\/fr\/produit\/leon-iv\/#primaryimage"},"thumbnailUrl":"https:\/\/www.casala.com\/wp-content\/uploads\/2025\/09\/casala-product-leon-iv-1.jpg","datePublished":"2025-09-15T14:36:49+00:00","dateModified":"2026-03-12T15:51:16+00:00","description":"La Casala Leon IV est une \u00e9l\u00e9gante chaise de conf\u00e9rence avec pi\u00e8tement en croix et roulettes. Une double couche de mousse et une assise r\u00e9glable en hauteur assurent un confort d\u2019assise optimal.","breadcrumb":{"@id":"https:\/\/www.casala.com\/fr\/produit\/leon-iv\/#breadcrumb"},"inLanguage":"fr","potentialAction":[{"@type":"ReadAction","target":["https:\/\/www.casala.com\/fr\/produit\/leon-iv\/"]}]},{"@type":"ImageObject","inLanguage":"fr","@id":"https:\/\/www.casala.com\/fr\/produit\/leon-iv\/#primaryimage","url":"https:\/\/www.casala.com\/wp-content\/uploads\/2025\/09\/casala-product-leon-iv-1.jpg","contentUrl":"https:\/\/www.casala.com\/wp-content\/uploads\/2025\/09\/casala-product-leon-iv-1.jpg","width":2048,"height":2048},{"@type":"BreadcrumbList","@id":"https:\/\/www.casala.com\/fr\/produit\/leon-iv\/#breadcrumb","itemListElement":[{"@type":"ListItem","position":1,"name":"Home","item":"https:\/\/www.casala.com\/fr\/"},{"@type":"ListItem","position":2,"name":"Leon IV"}]},{"@type":"WebSite","@id":"https:\/\/www.casala.com\/fr\/#website","url":"https:\/\/www.casala.com\/fr\/","name":"Casala","description":"","alternateName":"Casala","potentialAction":[{"@type":"SearchAction","target":{"@type":"EntryPoint","urlTemplate":"https:\/\/www.casala.com\/fr\/?s={search_term_string}"},"query-input":{"@type":"PropertyValueSpecification","valueRequired":true,"valueName":"search_term_string"}}],"inLanguage":"fr"}]}},"_links":{"self":[{"href":"https:\/\/www.casala.com\/fr\/wp-json\/wp\/v2\/product\/30601","targetHints":{"allow":["GET"]}}],"collection":[{"href":"https:\/\/www.casala.com\/fr\/wp-json\/wp\/v2\/product"}],"about":[{"href":"https:\/\/www.casala.com\/fr\/wp-json\/wp\/v2\/types\/product"}],"wp:featuredmedia":[{"embeddable":true,"href":"https:\/\/www.casala.com\/fr\/wp-json\/wp\/v2\/media\/15386"}],"wp:attachment":[{"href":"https:\/\/www.casala.com\/fr\/wp-json\/wp\/v2\/media?parent=30601"}],"wp:term":[{"taxonomy":"product_category","embeddable":true,"href":"https:\/\/www.casala.com\/fr\/wp-json\/wp\/v2\/product_category?post=30601"},{"taxonomy":"product_sector","embeddable":true,"href":"https:\/\/www.casala.com\/fr\/wp-json\/wp\/v2\/product_sector?post=30601"},{"taxonomy":"designer","embeddable":true,"href":"https:\/\/www.casala.com\/fr\/wp-json\/wp\/v2\/designer?post=30601"}],"curies":[{"name":"wp","href":"https:\/\/api.w.org\/{rel}","templated":true}]}}