{"id":30489,"date":"2025-08-13T10:59:30","date_gmt":"2025-08-13T09:59:30","guid":{"rendered":"https:\/\/www.casala.com\/product\/lacrosse-v\/"},"modified":"2026-03-12T16:32:48","modified_gmt":"2026-03-12T15:32:48","slug":"lacrosse-v","status":"publish","type":"product","link":"https:\/\/www.casala.com\/fr\/produit\/lacrosse-v\/","title":{"rendered":"Lacrosse V"},"content":{"rendered":"","protected":false},"featured_media":9033,"template":"","product_category":[502,505],"product_sector":[506,179,177,485],"designer":[394],"class_list":["post-30489","product","type-product","status-publish","has-post-thumbnail","hentry","product_category-tables-pliantes","product_category-tables","product_sector-conferences","product_sector-sante","product_sector-education","product_sector-bureau","designer-jens-korte"],"acf":[],"yoast_head":"<!-- This site is optimized with the Yoast SEO plugin v27.1.1 - https:\/\/yoast.com\/product\/yoast-seo-wordpress\/ -->\n<title>Table Lacrosse V | Casala<\/title>\n<meta name=\"description\" content=\"La table pliante et empilable Lacrosse V de Casala se replie rapidement et peut \u00eatre transport\u00e9e et rang\u00e9e de mani\u00e8re peu encombrante sur un chariot.\" \/>\n<meta name=\"robots\" content=\"index, follow, max-snippet:-1, max-image-preview:large, max-video-preview:-1\" \/>\n<link rel=\"canonical\" href=\"https:\/\/www.casala.com\/fr\/produit\/lacrosse-v\/\" \/>\n<meta property=\"og:locale\" content=\"fr_FR\" \/>\n<meta property=\"og:type\" content=\"article\" \/>\n<meta property=\"og:title\" content=\"Table Lacrosse V | Casala\" \/>\n<meta property=\"og:description\" content=\"La table pliante et empilable Lacrosse V de Casala se replie rapidement et peut \u00eatre transport\u00e9e et rang\u00e9e de mani\u00e8re peu encombrante sur un chariot.\" \/>\n<meta property=\"og:url\" content=\"https:\/\/www.casala.com\/fr\/produit\/lacrosse-v\/\" \/>\n<meta property=\"og:site_name\" content=\"Casala Furniture\" \/>\n<meta property=\"article:modified_time\" content=\"2026-03-12T15:32:48+00:00\" \/>\n<meta property=\"og:image\" content=\"https:\/\/www.casala.com\/wp-content\/uploads\/2025\/08\/casala-product-lacrosse-v.jpg\" \/>\n\t<meta property=\"og:image:width\" content=\"1024\" \/>\n\t<meta property=\"og:image:height\" content=\"1024\" \/>\n\t<meta property=\"og:image:type\" content=\"image\/jpeg\" \/>\n<meta name=\"twitter:card\" content=\"summary_large_image\" \/>\n<meta name=\"twitter:label1\" content=\"Est. reading time\" \/>\n\t<meta name=\"twitter:data1\" content=\"7 minutes\" \/>\n<script type=\"application\/ld+json\" class=\"yoast-schema-graph\">{\"@context\":\"https:\/\/schema.org\",\"@graph\":[{\"@type\":\"WebPage\",\"@id\":\"https:\/\/www.casala.com\/fr\/produit\/lacrosse-v\/\",\"url\":\"https:\/\/www.casala.com\/fr\/produit\/lacrosse-v\/\",\"name\":\"Table Lacrosse V | Casala\",\"isPartOf\":{\"@id\":\"https:\/\/www.casala.com\/fr\/#website\"},\"primaryImageOfPage\":{\"@id\":\"https:\/\/www.casala.com\/fr\/produit\/lacrosse-v\/#primaryimage\"},\"image\":{\"@id\":\"https:\/\/www.casala.com\/fr\/produit\/lacrosse-v\/#primaryimage\"},\"thumbnailUrl\":\"https:\/\/www.casala.com\/wp-content\/uploads\/2025\/08\/casala-product-lacrosse-v.jpg\",\"datePublished\":\"2025-08-13T09:59:30+00:00\",\"dateModified\":\"2026-03-12T15:32:48+00:00\",\"description\":\"La table pliante et empilable Lacrosse V de Casala se replie rapidement et peut \u00eatre transport\u00e9e et rang\u00e9e de mani\u00e8re peu encombrante sur un chariot.\",\"breadcrumb\":{\"@id\":\"https:\/\/www.casala.com\/fr\/produit\/lacrosse-v\/#breadcrumb\"},\"inLanguage\":\"fr\",\"potentialAction\":[{\"@type\":\"ReadAction\",\"target\":[\"https:\/\/www.casala.com\/fr\/produit\/lacrosse-v\/\"]}]},{\"@type\":\"ImageObject\",\"inLanguage\":\"fr\",\"@id\":\"https:\/\/www.casala.com\/fr\/produit\/lacrosse-v\/#primaryimage\",\"url\":\"https:\/\/www.casala.com\/wp-content\/uploads\/2025\/08\/casala-product-lacrosse-v.jpg\",\"contentUrl\":\"https:\/\/www.casala.com\/wp-content\/uploads\/2025\/08\/casala-product-lacrosse-v.jpg\",\"width\":1024,\"height\":1024},{\"@type\":\"BreadcrumbList\",\"@id\":\"https:\/\/www.casala.com\/fr\/produit\/lacrosse-v\/#breadcrumb\",\"itemListElement\":[{\"@type\":\"ListItem\",\"position\":1,\"name\":\"Home\",\"item\":\"https:\/\/www.casala.com\/fr\/\"},{\"@type\":\"ListItem\",\"position\":2,\"name\":\"Lacrosse V\"}]},{\"@type\":\"WebSite\",\"@id\":\"https:\/\/www.casala.com\/fr\/#website\",\"url\":\"https:\/\/www.casala.com\/fr\/\",\"name\":\"Casala\",\"description\":\"\",\"alternateName\":\"Casala\",\"potentialAction\":[{\"@type\":\"SearchAction\",\"target\":{\"@type\":\"EntryPoint\",\"urlTemplate\":\"https:\/\/www.casala.com\/fr\/?s={search_term_string}\"},\"query-input\":{\"@type\":\"PropertyValueSpecification\",\"valueRequired\":true,\"valueName\":\"search_term_string\"}}],\"inLanguage\":\"fr\"}]}<\/script>\n<!-- \/ Yoast SEO plugin. -->","yoast_head_json":{"title":"Table Lacrosse V | Casala","description":"La table pliante et empilable Lacrosse V de Casala se replie rapidement et peut \u00eatre transport\u00e9e et rang\u00e9e de mani\u00e8re peu encombrante sur un chariot.","robots":{"index":"index","follow":"follow","max-snippet":"max-snippet:-1","max-image-preview":"max-image-preview:large","max-video-preview":"max-video-preview:-1"},"canonical":"https:\/\/www.casala.com\/fr\/produit\/lacrosse-v\/","og_locale":"fr_FR","og_type":"article","og_title":"Table Lacrosse V | Casala","og_description":"La table pliante et empilable Lacrosse V de Casala se replie rapidement et peut \u00eatre transport\u00e9e et rang\u00e9e de mani\u00e8re peu encombrante sur un chariot.","og_url":"https:\/\/www.casala.com\/fr\/produit\/lacrosse-v\/","og_site_name":"Casala Furniture","article_modified_time":"2026-03-12T15:32:48+00:00","og_image":[{"width":1024,"height":1024,"url":"https:\/\/www.casala.com\/wp-content\/uploads\/2025\/08\/casala-product-lacrosse-v.jpg","type":"image\/jpeg"}],"twitter_card":"summary_large_image","twitter_misc":{"Est. reading time":"7 minutes"},"schema":{"@context":"https:\/\/schema.org","@graph":[{"@type":"WebPage","@id":"https:\/\/www.casala.com\/fr\/produit\/lacrosse-v\/","url":"https:\/\/www.casala.com\/fr\/produit\/lacrosse-v\/","name":"Table Lacrosse V | Casala","isPartOf":{"@id":"https:\/\/www.casala.com\/fr\/#website"},"primaryImageOfPage":{"@id":"https:\/\/www.casala.com\/fr\/produit\/lacrosse-v\/#primaryimage"},"image":{"@id":"https:\/\/www.casala.com\/fr\/produit\/lacrosse-v\/#primaryimage"},"thumbnailUrl":"https:\/\/www.casala.com\/wp-content\/uploads\/2025\/08\/casala-product-lacrosse-v.jpg","datePublished":"2025-08-13T09:59:30+00:00","dateModified":"2026-03-12T15:32:48+00:00","description":"La table pliante et empilable Lacrosse V de Casala se replie rapidement et peut \u00eatre transport\u00e9e et rang\u00e9e de mani\u00e8re peu encombrante sur un chariot.","breadcrumb":{"@id":"https:\/\/www.casala.com\/fr\/produit\/lacrosse-v\/#breadcrumb"},"inLanguage":"fr","potentialAction":[{"@type":"ReadAction","target":["https:\/\/www.casala.com\/fr\/produit\/lacrosse-v\/"]}]},{"@type":"ImageObject","inLanguage":"fr","@id":"https:\/\/www.casala.com\/fr\/produit\/lacrosse-v\/#primaryimage","url":"https:\/\/www.casala.com\/wp-content\/uploads\/2025\/08\/casala-product-lacrosse-v.jpg","contentUrl":"https:\/\/www.casala.com\/wp-content\/uploads\/2025\/08\/casala-product-lacrosse-v.jpg","width":1024,"height":1024},{"@type":"BreadcrumbList","@id":"https:\/\/www.casala.com\/fr\/produit\/lacrosse-v\/#breadcrumb","itemListElement":[{"@type":"ListItem","position":1,"name":"Home","item":"https:\/\/www.casala.com\/fr\/"},{"@type":"ListItem","position":2,"name":"Lacrosse V"}]},{"@type":"WebSite","@id":"https:\/\/www.casala.com\/fr\/#website","url":"https:\/\/www.casala.com\/fr\/","name":"Casala","description":"","alternateName":"Casala","potentialAction":[{"@type":"SearchAction","target":{"@type":"EntryPoint","urlTemplate":"https:\/\/www.casala.com\/fr\/?s={search_term_string}"},"query-input":{"@type":"PropertyValueSpecification","valueRequired":true,"valueName":"search_term_string"}}],"inLanguage":"fr"}]}},"_links":{"self":[{"href":"https:\/\/www.casala.com\/fr\/wp-json\/wp\/v2\/product\/30489","targetHints":{"allow":["GET"]}}],"collection":[{"href":"https:\/\/www.casala.com\/fr\/wp-json\/wp\/v2\/product"}],"about":[{"href":"https:\/\/www.casala.com\/fr\/wp-json\/wp\/v2\/types\/product"}],"wp:featuredmedia":[{"embeddable":true,"href":"https:\/\/www.casala.com\/fr\/wp-json\/wp\/v2\/media\/9033"}],"wp:attachment":[{"href":"https:\/\/www.casala.com\/fr\/wp-json\/wp\/v2\/media?parent=30489"}],"wp:term":[{"taxonomy":"product_category","embeddable":true,"href":"https:\/\/www.casala.com\/fr\/wp-json\/wp\/v2\/product_category?post=30489"},{"taxonomy":"product_sector","embeddable":true,"href":"https:\/\/www.casala.com\/fr\/wp-json\/wp\/v2\/product_sector?post=30489"},{"taxonomy":"designer","embeddable":true,"href":"https:\/\/www.casala.com\/fr\/wp-json\/wp\/v2\/designer?post=30489"}],"curies":[{"name":"wp","href":"https:\/\/api.w.org\/{rel}","templated":true}]}}