{"id":30016,"date":"2025-08-12T08:37:47","date_gmt":"2025-08-12T07:37:47","guid":{"rendered":"https:\/\/www.casala.com\/product\/gabo-lounge\/"},"modified":"2026-03-03T13:23:07","modified_gmt":"2026-03-03T12:23:07","slug":"gabo-lounge","status":"publish","type":"product","link":"https:\/\/www.casala.com\/fr\/produit\/gabo-lounge\/","title":{"rendered":"Gabo Lounge"},"content":{"rendered":"","protected":false},"featured_media":8978,"template":"","product_category":[519],"product_sector":[485,495],"designer":[417],"class_list":["post-30016","product","type-product","status-publish","has-post-thumbnail","hentry","product_category-sofas","product_sector-bureau","product_sector-hospitalite","designer-mario-ruiz"],"acf":[],"yoast_head":"<!-- This site is optimized with the Yoast SEO plugin v27.1.1 - https:\/\/yoast.com\/product\/yoast-seo-wordpress\/ -->\n<title>Gabo Lounge | Casala<\/title>\n<meta name=\"description\" content=\"Le programme Gabo Lounge de Casala comprend un ottoman, des chaises longues et des banquettes, offrant un confort raffin\u00e9 pour un mobilier lounge \u00e9l\u00e9gant.\" \/>\n<meta name=\"robots\" content=\"index, follow, max-snippet:-1, max-image-preview:large, max-video-preview:-1\" \/>\n<link rel=\"canonical\" href=\"https:\/\/www.casala.com\/fr\/produit\/gabo-lounge\/\" \/>\n<meta property=\"og:locale\" content=\"fr_FR\" \/>\n<meta property=\"og:type\" content=\"article\" \/>\n<meta property=\"og:title\" content=\"Gabo Lounge | Casala\" \/>\n<meta property=\"og:description\" content=\"Le programme Gabo Lounge de Casala comprend un ottoman, des chaises longues et des banquettes, offrant un confort raffin\u00e9 pour un mobilier lounge \u00e9l\u00e9gant.\" \/>\n<meta property=\"og:url\" content=\"https:\/\/www.casala.com\/fr\/produit\/gabo-lounge\/\" \/>\n<meta property=\"og:site_name\" content=\"Casala Furniture\" \/>\n<meta property=\"article:modified_time\" content=\"2026-03-03T12:23:07+00:00\" \/>\n<meta property=\"og:image\" content=\"https:\/\/www.casala.com\/wp-content\/uploads\/2025\/08\/casala-product-gabo-lounge-8.jpg\" \/>\n\t<meta property=\"og:image:width\" content=\"1920\" \/>\n\t<meta property=\"og:image:height\" content=\"1080\" \/>\n\t<meta property=\"og:image:type\" content=\"image\/jpeg\" \/>\n<meta name=\"twitter:card\" content=\"summary_large_image\" \/>\n<meta name=\"twitter:label1\" content=\"Est. reading time\" \/>\n\t<meta name=\"twitter:data1\" content=\"2 minutes\" \/>\n<script type=\"application\/ld+json\" class=\"yoast-schema-graph\">{\"@context\":\"https:\/\/schema.org\",\"@graph\":[{\"@type\":\"WebPage\",\"@id\":\"https:\/\/www.casala.com\/fr\/produit\/gabo-lounge\/\",\"url\":\"https:\/\/www.casala.com\/fr\/produit\/gabo-lounge\/\",\"name\":\"Gabo Lounge | Casala\",\"isPartOf\":{\"@id\":\"https:\/\/www.casala.com\/fr\/#website\"},\"primaryImageOfPage\":{\"@id\":\"https:\/\/www.casala.com\/fr\/produit\/gabo-lounge\/#primaryimage\"},\"image\":{\"@id\":\"https:\/\/www.casala.com\/fr\/produit\/gabo-lounge\/#primaryimage\"},\"thumbnailUrl\":\"https:\/\/www.casala.com\/wp-content\/uploads\/2025\/08\/casala-product-gabo-lounge-8.jpg\",\"datePublished\":\"2025-08-12T07:37:47+00:00\",\"dateModified\":\"2026-03-03T12:23:07+00:00\",\"description\":\"Le programme Gabo Lounge de Casala comprend un ottoman, des chaises longues et des banquettes, offrant un confort raffin\u00e9 pour un mobilier lounge \u00e9l\u00e9gant.\",\"breadcrumb\":{\"@id\":\"https:\/\/www.casala.com\/fr\/produit\/gabo-lounge\/#breadcrumb\"},\"inLanguage\":\"fr\",\"potentialAction\":[{\"@type\":\"ReadAction\",\"target\":[\"https:\/\/www.casala.com\/fr\/produit\/gabo-lounge\/\"]}]},{\"@type\":\"ImageObject\",\"inLanguage\":\"fr\",\"@id\":\"https:\/\/www.casala.com\/fr\/produit\/gabo-lounge\/#primaryimage\",\"url\":\"https:\/\/www.casala.com\/wp-content\/uploads\/2025\/08\/casala-product-gabo-lounge-8.jpg\",\"contentUrl\":\"https:\/\/www.casala.com\/wp-content\/uploads\/2025\/08\/casala-product-gabo-lounge-8.jpg\",\"width\":1920,\"height\":1080},{\"@type\":\"BreadcrumbList\",\"@id\":\"https:\/\/www.casala.com\/fr\/produit\/gabo-lounge\/#breadcrumb\",\"itemListElement\":[{\"@type\":\"ListItem\",\"position\":1,\"name\":\"Home\",\"item\":\"https:\/\/www.casala.com\/fr\/\"},{\"@type\":\"ListItem\",\"position\":2,\"name\":\"Gabo Lounge\"}]},{\"@type\":\"WebSite\",\"@id\":\"https:\/\/www.casala.com\/fr\/#website\",\"url\":\"https:\/\/www.casala.com\/fr\/\",\"name\":\"Casala\",\"description\":\"\",\"alternateName\":\"Casala\",\"potentialAction\":[{\"@type\":\"SearchAction\",\"target\":{\"@type\":\"EntryPoint\",\"urlTemplate\":\"https:\/\/www.casala.com\/fr\/?s={search_term_string}\"},\"query-input\":{\"@type\":\"PropertyValueSpecification\",\"valueRequired\":true,\"valueName\":\"search_term_string\"}}],\"inLanguage\":\"fr\"}]}<\/script>\n<!-- \/ Yoast SEO plugin. -->","yoast_head_json":{"title":"Gabo Lounge | Casala","description":"Le programme Gabo Lounge de Casala comprend un ottoman, des chaises longues et des banquettes, offrant un confort raffin\u00e9 pour un mobilier lounge \u00e9l\u00e9gant.","robots":{"index":"index","follow":"follow","max-snippet":"max-snippet:-1","max-image-preview":"max-image-preview:large","max-video-preview":"max-video-preview:-1"},"canonical":"https:\/\/www.casala.com\/fr\/produit\/gabo-lounge\/","og_locale":"fr_FR","og_type":"article","og_title":"Gabo Lounge | Casala","og_description":"Le programme Gabo Lounge de Casala comprend un ottoman, des chaises longues et des banquettes, offrant un confort raffin\u00e9 pour un mobilier lounge \u00e9l\u00e9gant.","og_url":"https:\/\/www.casala.com\/fr\/produit\/gabo-lounge\/","og_site_name":"Casala Furniture","article_modified_time":"2026-03-03T12:23:07+00:00","og_image":[{"width":1920,"height":1080,"url":"https:\/\/www.casala.com\/wp-content\/uploads\/2025\/08\/casala-product-gabo-lounge-8.jpg","type":"image\/jpeg"}],"twitter_card":"summary_large_image","twitter_misc":{"Est. reading time":"2 minutes"},"schema":{"@context":"https:\/\/schema.org","@graph":[{"@type":"WebPage","@id":"https:\/\/www.casala.com\/fr\/produit\/gabo-lounge\/","url":"https:\/\/www.casala.com\/fr\/produit\/gabo-lounge\/","name":"Gabo Lounge | Casala","isPartOf":{"@id":"https:\/\/www.casala.com\/fr\/#website"},"primaryImageOfPage":{"@id":"https:\/\/www.casala.com\/fr\/produit\/gabo-lounge\/#primaryimage"},"image":{"@id":"https:\/\/www.casala.com\/fr\/produit\/gabo-lounge\/#primaryimage"},"thumbnailUrl":"https:\/\/www.casala.com\/wp-content\/uploads\/2025\/08\/casala-product-gabo-lounge-8.jpg","datePublished":"2025-08-12T07:37:47+00:00","dateModified":"2026-03-03T12:23:07+00:00","description":"Le programme Gabo Lounge de Casala comprend un ottoman, des chaises longues et des banquettes, offrant un confort raffin\u00e9 pour un mobilier lounge \u00e9l\u00e9gant.","breadcrumb":{"@id":"https:\/\/www.casala.com\/fr\/produit\/gabo-lounge\/#breadcrumb"},"inLanguage":"fr","potentialAction":[{"@type":"ReadAction","target":["https:\/\/www.casala.com\/fr\/produit\/gabo-lounge\/"]}]},{"@type":"ImageObject","inLanguage":"fr","@id":"https:\/\/www.casala.com\/fr\/produit\/gabo-lounge\/#primaryimage","url":"https:\/\/www.casala.com\/wp-content\/uploads\/2025\/08\/casala-product-gabo-lounge-8.jpg","contentUrl":"https:\/\/www.casala.com\/wp-content\/uploads\/2025\/08\/casala-product-gabo-lounge-8.jpg","width":1920,"height":1080},{"@type":"BreadcrumbList","@id":"https:\/\/www.casala.com\/fr\/produit\/gabo-lounge\/#breadcrumb","itemListElement":[{"@type":"ListItem","position":1,"name":"Home","item":"https:\/\/www.casala.com\/fr\/"},{"@type":"ListItem","position":2,"name":"Gabo Lounge"}]},{"@type":"WebSite","@id":"https:\/\/www.casala.com\/fr\/#website","url":"https:\/\/www.casala.com\/fr\/","name":"Casala","description":"","alternateName":"Casala","potentialAction":[{"@type":"SearchAction","target":{"@type":"EntryPoint","urlTemplate":"https:\/\/www.casala.com\/fr\/?s={search_term_string}"},"query-input":{"@type":"PropertyValueSpecification","valueRequired":true,"valueName":"search_term_string"}}],"inLanguage":"fr"}]}},"_links":{"self":[{"href":"https:\/\/www.casala.com\/fr\/wp-json\/wp\/v2\/product\/30016","targetHints":{"allow":["GET"]}}],"collection":[{"href":"https:\/\/www.casala.com\/fr\/wp-json\/wp\/v2\/product"}],"about":[{"href":"https:\/\/www.casala.com\/fr\/wp-json\/wp\/v2\/types\/product"}],"wp:featuredmedia":[{"embeddable":true,"href":"https:\/\/www.casala.com\/fr\/wp-json\/wp\/v2\/media\/8978"}],"wp:attachment":[{"href":"https:\/\/www.casala.com\/fr\/wp-json\/wp\/v2\/media?parent=30016"}],"wp:term":[{"taxonomy":"product_category","embeddable":true,"href":"https:\/\/www.casala.com\/fr\/wp-json\/wp\/v2\/product_category?post=30016"},{"taxonomy":"product_sector","embeddable":true,"href":"https:\/\/www.casala.com\/fr\/wp-json\/wp\/v2\/product_sector?post=30016"},{"taxonomy":"designer","embeddable":true,"href":"https:\/\/www.casala.com\/fr\/wp-json\/wp\/v2\/designer?post=30016"}],"curies":[{"name":"wp","href":"https:\/\/api.w.org\/{rel}","templated":true}]}}