{"id":29317,"date":"2025-08-11T10:43:00","date_gmt":"2025-08-11T09:43:00","guid":{"rendered":"https:\/\/www.casala.com\/product\/feniks\/"},"modified":"2026-03-26T14:52:12","modified_gmt":"2026-03-26T13:52:12","slug":"feniks","status":"publish","type":"product","link":"https:\/\/www.casala.com\/fr\/produit\/feniks\/","title":{"rendered":"Feniks"},"content":{"rendered":"","protected":false},"featured_media":8846,"template":"","product_category":[175],"product_sector":[506,179,485,495,527],"designer":[411],"class_list":["post-29317","product","type-product","status-publish","has-post-thumbnail","hentry","product_category-chaises","product_sector-conferences","product_sector-sante","product_sector-bureau","product_sector-hospitalite","product_sector-eglises","designer-kressel-schelle"],"acf":[],"yoast_head":"<!-- This site is optimized with the Yoast SEO plugin v27.1.1 - https:\/\/yoast.com\/product\/yoast-seo-wordpress\/ -->\n<title>Chaise Feniks | Casala<\/title>\n<meta name=\"description\" content=\"La chaise empilable Feniks de Casala est largement utilis\u00e9e dans les \u00e9tablissements de sant\u00e9 et les \u00e9glises.\" \/>\n<meta name=\"robots\" content=\"index, follow, max-snippet:-1, max-image-preview:large, max-video-preview:-1\" \/>\n<link rel=\"canonical\" href=\"https:\/\/www.casala.com\/fr\/produit\/feniks\/\" \/>\n<meta property=\"og:locale\" content=\"fr_FR\" \/>\n<meta property=\"og:type\" content=\"article\" \/>\n<meta property=\"og:title\" content=\"Chaise Feniks | Casala\" \/>\n<meta property=\"og:description\" content=\"La chaise empilable Feniks de Casala est largement utilis\u00e9e dans les \u00e9tablissements de sant\u00e9 et les \u00e9glises.\" \/>\n<meta property=\"og:url\" content=\"https:\/\/www.casala.com\/fr\/produit\/feniks\/\" \/>\n<meta property=\"og:site_name\" content=\"Casala Furniture\" \/>\n<meta property=\"article:modified_time\" content=\"2026-03-26T13:52:12+00:00\" \/>\n<meta property=\"og:image\" content=\"https:\/\/www.casala.com\/wp-content\/uploads\/2025\/08\/casala-product-feniks-3.jpg\" \/>\n\t<meta property=\"og:image:width\" content=\"1920\" \/>\n\t<meta property=\"og:image:height\" content=\"1080\" \/>\n\t<meta property=\"og:image:type\" content=\"image\/jpeg\" \/>\n<meta name=\"twitter:card\" content=\"summary_large_image\" \/>\n<meta name=\"twitter:label1\" content=\"Est. reading time\" \/>\n\t<meta name=\"twitter:data1\" content=\"8 minutes\" \/>\n<script type=\"application\/ld+json\" class=\"yoast-schema-graph\">{\"@context\":\"https:\/\/schema.org\",\"@graph\":[{\"@type\":\"WebPage\",\"@id\":\"https:\/\/www.casala.com\/fr\/produit\/feniks\/\",\"url\":\"https:\/\/www.casala.com\/fr\/produit\/feniks\/\",\"name\":\"Chaise Feniks | Casala\",\"isPartOf\":{\"@id\":\"https:\/\/www.casala.com\/fr\/#website\"},\"primaryImageOfPage\":{\"@id\":\"https:\/\/www.casala.com\/fr\/produit\/feniks\/#primaryimage\"},\"image\":{\"@id\":\"https:\/\/www.casala.com\/fr\/produit\/feniks\/#primaryimage\"},\"thumbnailUrl\":\"https:\/\/www.casala.com\/wp-content\/uploads\/2025\/08\/casala-product-feniks-3.jpg\",\"datePublished\":\"2025-08-11T09:43:00+00:00\",\"dateModified\":\"2026-03-26T13:52:12+00:00\",\"description\":\"La chaise empilable Feniks de Casala est largement utilis\u00e9e dans les \u00e9tablissements de sant\u00e9 et les \u00e9glises.\",\"breadcrumb\":{\"@id\":\"https:\/\/www.casala.com\/fr\/produit\/feniks\/#breadcrumb\"},\"inLanguage\":\"fr\",\"potentialAction\":[{\"@type\":\"ReadAction\",\"target\":[\"https:\/\/www.casala.com\/fr\/produit\/feniks\/\"]}]},{\"@type\":\"ImageObject\",\"inLanguage\":\"fr\",\"@id\":\"https:\/\/www.casala.com\/fr\/produit\/feniks\/#primaryimage\",\"url\":\"https:\/\/www.casala.com\/wp-content\/uploads\/2025\/08\/casala-product-feniks-3.jpg\",\"contentUrl\":\"https:\/\/www.casala.com\/wp-content\/uploads\/2025\/08\/casala-product-feniks-3.jpg\",\"width\":1920,\"height\":1080},{\"@type\":\"BreadcrumbList\",\"@id\":\"https:\/\/www.casala.com\/fr\/produit\/feniks\/#breadcrumb\",\"itemListElement\":[{\"@type\":\"ListItem\",\"position\":1,\"name\":\"Home\",\"item\":\"https:\/\/www.casala.com\/fr\/\"},{\"@type\":\"ListItem\",\"position\":2,\"name\":\"Feniks\"}]},{\"@type\":\"WebSite\",\"@id\":\"https:\/\/www.casala.com\/fr\/#website\",\"url\":\"https:\/\/www.casala.com\/fr\/\",\"name\":\"Casala\",\"description\":\"\",\"alternateName\":\"Casala\",\"potentialAction\":[{\"@type\":\"SearchAction\",\"target\":{\"@type\":\"EntryPoint\",\"urlTemplate\":\"https:\/\/www.casala.com\/fr\/?s={search_term_string}\"},\"query-input\":{\"@type\":\"PropertyValueSpecification\",\"valueRequired\":true,\"valueName\":\"search_term_string\"}}],\"inLanguage\":\"fr\"}]}<\/script>\n<!-- \/ Yoast SEO plugin. -->","yoast_head_json":{"title":"Chaise Feniks | Casala","description":"La chaise empilable Feniks de Casala est largement utilis\u00e9e dans les \u00e9tablissements de sant\u00e9 et les \u00e9glises.","robots":{"index":"index","follow":"follow","max-snippet":"max-snippet:-1","max-image-preview":"max-image-preview:large","max-video-preview":"max-video-preview:-1"},"canonical":"https:\/\/www.casala.com\/fr\/produit\/feniks\/","og_locale":"fr_FR","og_type":"article","og_title":"Chaise Feniks | Casala","og_description":"La chaise empilable Feniks de Casala est largement utilis\u00e9e dans les \u00e9tablissements de sant\u00e9 et les \u00e9glises.","og_url":"https:\/\/www.casala.com\/fr\/produit\/feniks\/","og_site_name":"Casala Furniture","article_modified_time":"2026-03-26T13:52:12+00:00","og_image":[{"width":1920,"height":1080,"url":"https:\/\/www.casala.com\/wp-content\/uploads\/2025\/08\/casala-product-feniks-3.jpg","type":"image\/jpeg"}],"twitter_card":"summary_large_image","twitter_misc":{"Est. reading time":"8 minutes"},"schema":{"@context":"https:\/\/schema.org","@graph":[{"@type":"WebPage","@id":"https:\/\/www.casala.com\/fr\/produit\/feniks\/","url":"https:\/\/www.casala.com\/fr\/produit\/feniks\/","name":"Chaise Feniks | Casala","isPartOf":{"@id":"https:\/\/www.casala.com\/fr\/#website"},"primaryImageOfPage":{"@id":"https:\/\/www.casala.com\/fr\/produit\/feniks\/#primaryimage"},"image":{"@id":"https:\/\/www.casala.com\/fr\/produit\/feniks\/#primaryimage"},"thumbnailUrl":"https:\/\/www.casala.com\/wp-content\/uploads\/2025\/08\/casala-product-feniks-3.jpg","datePublished":"2025-08-11T09:43:00+00:00","dateModified":"2026-03-26T13:52:12+00:00","description":"La chaise empilable Feniks de Casala est largement utilis\u00e9e dans les \u00e9tablissements de sant\u00e9 et les \u00e9glises.","breadcrumb":{"@id":"https:\/\/www.casala.com\/fr\/produit\/feniks\/#breadcrumb"},"inLanguage":"fr","potentialAction":[{"@type":"ReadAction","target":["https:\/\/www.casala.com\/fr\/produit\/feniks\/"]}]},{"@type":"ImageObject","inLanguage":"fr","@id":"https:\/\/www.casala.com\/fr\/produit\/feniks\/#primaryimage","url":"https:\/\/www.casala.com\/wp-content\/uploads\/2025\/08\/casala-product-feniks-3.jpg","contentUrl":"https:\/\/www.casala.com\/wp-content\/uploads\/2025\/08\/casala-product-feniks-3.jpg","width":1920,"height":1080},{"@type":"BreadcrumbList","@id":"https:\/\/www.casala.com\/fr\/produit\/feniks\/#breadcrumb","itemListElement":[{"@type":"ListItem","position":1,"name":"Home","item":"https:\/\/www.casala.com\/fr\/"},{"@type":"ListItem","position":2,"name":"Feniks"}]},{"@type":"WebSite","@id":"https:\/\/www.casala.com\/fr\/#website","url":"https:\/\/www.casala.com\/fr\/","name":"Casala","description":"","alternateName":"Casala","potentialAction":[{"@type":"SearchAction","target":{"@type":"EntryPoint","urlTemplate":"https:\/\/www.casala.com\/fr\/?s={search_term_string}"},"query-input":{"@type":"PropertyValueSpecification","valueRequired":true,"valueName":"search_term_string"}}],"inLanguage":"fr"}]}},"_links":{"self":[{"href":"https:\/\/www.casala.com\/fr\/wp-json\/wp\/v2\/product\/29317","targetHints":{"allow":["GET"]}}],"collection":[{"href":"https:\/\/www.casala.com\/fr\/wp-json\/wp\/v2\/product"}],"about":[{"href":"https:\/\/www.casala.com\/fr\/wp-json\/wp\/v2\/types\/product"}],"wp:featuredmedia":[{"embeddable":true,"href":"https:\/\/www.casala.com\/fr\/wp-json\/wp\/v2\/media\/8846"}],"wp:attachment":[{"href":"https:\/\/www.casala.com\/fr\/wp-json\/wp\/v2\/media?parent=29317"}],"wp:term":[{"taxonomy":"product_category","embeddable":true,"href":"https:\/\/www.casala.com\/fr\/wp-json\/wp\/v2\/product_category?post=29317"},{"taxonomy":"product_sector","embeddable":true,"href":"https:\/\/www.casala.com\/fr\/wp-json\/wp\/v2\/product_sector?post=29317"},{"taxonomy":"designer","embeddable":true,"href":"https:\/\/www.casala.com\/fr\/wp-json\/wp\/v2\/designer?post=29317"}],"curies":[{"name":"wp","href":"https:\/\/api.w.org\/{rel}","templated":true}]}}