{"id":29193,"date":"2025-08-01T10:04:46","date_gmt":"2025-08-01T09:04:46","guid":{"rendered":"https:\/\/www.casala.com\/product\/cooper-ii\/"},"modified":"2026-03-03T11:56:06","modified_gmt":"2026-03-03T10:56:06","slug":"cooper-ii","status":"publish","type":"product","link":"https:\/\/www.casala.com\/fr\/produit\/cooper-ii\/","title":{"rendered":"Cooper II"},"content":{"rendered":"","protected":false},"featured_media":8620,"template":"","product_category":[175],"product_sector":[179,177,485],"designer":[531],"class_list":["post-29193","product","type-product","status-publish","has-post-thumbnail","hentry","product_category-chaises","product_sector-sante","product_sector-education","product_sector-bureau","designer-studio-casala-mobilier-design-pour-espaces-professionnels"],"acf":[],"yoast_head":"<!-- This site is optimized with the Yoast SEO plugin v27.1.1 - https:\/\/yoast.com\/product\/yoast-seo-wordpress\/ -->\n<title>Chaise Cooper II | Casala<\/title>\n<meta name=\"description\" content=\"Cooper II de Casala est une chaise \u00e0 pi\u00e8tement luge, id\u00e9ale pour les environnements d&#039;apprentissage ou m\u00e9dicaux.\" \/>\n<meta name=\"robots\" content=\"index, follow, max-snippet:-1, max-image-preview:large, max-video-preview:-1\" \/>\n<link rel=\"canonical\" href=\"https:\/\/www.casala.com\/fr\/produit\/cooper-ii\/\" \/>\n<meta property=\"og:locale\" content=\"fr_FR\" \/>\n<meta property=\"og:type\" content=\"article\" \/>\n<meta property=\"og:title\" content=\"Chaise Cooper II | Casala\" \/>\n<meta property=\"og:description\" content=\"Cooper II de Casala est une chaise \u00e0 pi\u00e8tement luge, id\u00e9ale pour les environnements d&#039;apprentissage ou m\u00e9dicaux.\" \/>\n<meta property=\"og:url\" content=\"https:\/\/www.casala.com\/fr\/produit\/cooper-ii\/\" \/>\n<meta property=\"og:site_name\" content=\"Casala Furniture\" \/>\n<meta property=\"article:modified_time\" content=\"2026-03-03T10:56:06+00:00\" \/>\n<meta property=\"og:image\" content=\"https:\/\/www.casala.com\/wp-content\/uploads\/2025\/08\/casala-product-cooper2.jpg\" \/>\n\t<meta property=\"og:image:width\" content=\"1024\" \/>\n\t<meta property=\"og:image:height\" content=\"1024\" \/>\n\t<meta property=\"og:image:type\" content=\"image\/jpeg\" \/>\n<meta name=\"twitter:card\" content=\"summary_large_image\" \/>\n<meta name=\"twitter:label1\" content=\"Est. reading time\" \/>\n\t<meta name=\"twitter:data1\" content=\"5 minutes\" \/>\n<script type=\"application\/ld+json\" class=\"yoast-schema-graph\">{\"@context\":\"https:\/\/schema.org\",\"@graph\":[{\"@type\":\"WebPage\",\"@id\":\"https:\/\/www.casala.com\/fr\/produit\/cooper-ii\/\",\"url\":\"https:\/\/www.casala.com\/fr\/produit\/cooper-ii\/\",\"name\":\"Chaise Cooper II | Casala\",\"isPartOf\":{\"@id\":\"https:\/\/www.casala.com\/fr\/#website\"},\"primaryImageOfPage\":{\"@id\":\"https:\/\/www.casala.com\/fr\/produit\/cooper-ii\/#primaryimage\"},\"image\":{\"@id\":\"https:\/\/www.casala.com\/fr\/produit\/cooper-ii\/#primaryimage\"},\"thumbnailUrl\":\"https:\/\/www.casala.com\/wp-content\/uploads\/2025\/08\/casala-product-cooper2.jpg\",\"datePublished\":\"2025-08-01T09:04:46+00:00\",\"dateModified\":\"2026-03-03T10:56:06+00:00\",\"description\":\"Cooper II de Casala est une chaise \u00e0 pi\u00e8tement luge, id\u00e9ale pour les environnements d'apprentissage ou m\u00e9dicaux.\",\"breadcrumb\":{\"@id\":\"https:\/\/www.casala.com\/fr\/produit\/cooper-ii\/#breadcrumb\"},\"inLanguage\":\"fr\",\"potentialAction\":[{\"@type\":\"ReadAction\",\"target\":[\"https:\/\/www.casala.com\/fr\/produit\/cooper-ii\/\"]}]},{\"@type\":\"ImageObject\",\"inLanguage\":\"fr\",\"@id\":\"https:\/\/www.casala.com\/fr\/produit\/cooper-ii\/#primaryimage\",\"url\":\"https:\/\/www.casala.com\/wp-content\/uploads\/2025\/08\/casala-product-cooper2.jpg\",\"contentUrl\":\"https:\/\/www.casala.com\/wp-content\/uploads\/2025\/08\/casala-product-cooper2.jpg\",\"width\":1024,\"height\":1024},{\"@type\":\"BreadcrumbList\",\"@id\":\"https:\/\/www.casala.com\/fr\/produit\/cooper-ii\/#breadcrumb\",\"itemListElement\":[{\"@type\":\"ListItem\",\"position\":1,\"name\":\"Home\",\"item\":\"https:\/\/www.casala.com\/fr\/\"},{\"@type\":\"ListItem\",\"position\":2,\"name\":\"Cooper II\"}]},{\"@type\":\"WebSite\",\"@id\":\"https:\/\/www.casala.com\/fr\/#website\",\"url\":\"https:\/\/www.casala.com\/fr\/\",\"name\":\"Casala\",\"description\":\"\",\"alternateName\":\"Casala\",\"potentialAction\":[{\"@type\":\"SearchAction\",\"target\":{\"@type\":\"EntryPoint\",\"urlTemplate\":\"https:\/\/www.casala.com\/fr\/?s={search_term_string}\"},\"query-input\":{\"@type\":\"PropertyValueSpecification\",\"valueRequired\":true,\"valueName\":\"search_term_string\"}}],\"inLanguage\":\"fr\"}]}<\/script>\n<!-- \/ Yoast SEO plugin. -->","yoast_head_json":{"title":"Chaise Cooper II | Casala","description":"Cooper II de Casala est une chaise \u00e0 pi\u00e8tement luge, id\u00e9ale pour les environnements d'apprentissage ou m\u00e9dicaux.","robots":{"index":"index","follow":"follow","max-snippet":"max-snippet:-1","max-image-preview":"max-image-preview:large","max-video-preview":"max-video-preview:-1"},"canonical":"https:\/\/www.casala.com\/fr\/produit\/cooper-ii\/","og_locale":"fr_FR","og_type":"article","og_title":"Chaise Cooper II | Casala","og_description":"Cooper II de Casala est une chaise \u00e0 pi\u00e8tement luge, id\u00e9ale pour les environnements d'apprentissage ou m\u00e9dicaux.","og_url":"https:\/\/www.casala.com\/fr\/produit\/cooper-ii\/","og_site_name":"Casala Furniture","article_modified_time":"2026-03-03T10:56:06+00:00","og_image":[{"width":1024,"height":1024,"url":"https:\/\/www.casala.com\/wp-content\/uploads\/2025\/08\/casala-product-cooper2.jpg","type":"image\/jpeg"}],"twitter_card":"summary_large_image","twitter_misc":{"Est. reading time":"5 minutes"},"schema":{"@context":"https:\/\/schema.org","@graph":[{"@type":"WebPage","@id":"https:\/\/www.casala.com\/fr\/produit\/cooper-ii\/","url":"https:\/\/www.casala.com\/fr\/produit\/cooper-ii\/","name":"Chaise Cooper II | Casala","isPartOf":{"@id":"https:\/\/www.casala.com\/fr\/#website"},"primaryImageOfPage":{"@id":"https:\/\/www.casala.com\/fr\/produit\/cooper-ii\/#primaryimage"},"image":{"@id":"https:\/\/www.casala.com\/fr\/produit\/cooper-ii\/#primaryimage"},"thumbnailUrl":"https:\/\/www.casala.com\/wp-content\/uploads\/2025\/08\/casala-product-cooper2.jpg","datePublished":"2025-08-01T09:04:46+00:00","dateModified":"2026-03-03T10:56:06+00:00","description":"Cooper II de Casala est une chaise \u00e0 pi\u00e8tement luge, id\u00e9ale pour les environnements d'apprentissage ou m\u00e9dicaux.","breadcrumb":{"@id":"https:\/\/www.casala.com\/fr\/produit\/cooper-ii\/#breadcrumb"},"inLanguage":"fr","potentialAction":[{"@type":"ReadAction","target":["https:\/\/www.casala.com\/fr\/produit\/cooper-ii\/"]}]},{"@type":"ImageObject","inLanguage":"fr","@id":"https:\/\/www.casala.com\/fr\/produit\/cooper-ii\/#primaryimage","url":"https:\/\/www.casala.com\/wp-content\/uploads\/2025\/08\/casala-product-cooper2.jpg","contentUrl":"https:\/\/www.casala.com\/wp-content\/uploads\/2025\/08\/casala-product-cooper2.jpg","width":1024,"height":1024},{"@type":"BreadcrumbList","@id":"https:\/\/www.casala.com\/fr\/produit\/cooper-ii\/#breadcrumb","itemListElement":[{"@type":"ListItem","position":1,"name":"Home","item":"https:\/\/www.casala.com\/fr\/"},{"@type":"ListItem","position":2,"name":"Cooper II"}]},{"@type":"WebSite","@id":"https:\/\/www.casala.com\/fr\/#website","url":"https:\/\/www.casala.com\/fr\/","name":"Casala","description":"","alternateName":"Casala","potentialAction":[{"@type":"SearchAction","target":{"@type":"EntryPoint","urlTemplate":"https:\/\/www.casala.com\/fr\/?s={search_term_string}"},"query-input":{"@type":"PropertyValueSpecification","valueRequired":true,"valueName":"search_term_string"}}],"inLanguage":"fr"}]}},"_links":{"self":[{"href":"https:\/\/www.casala.com\/fr\/wp-json\/wp\/v2\/product\/29193","targetHints":{"allow":["GET"]}}],"collection":[{"href":"https:\/\/www.casala.com\/fr\/wp-json\/wp\/v2\/product"}],"about":[{"href":"https:\/\/www.casala.com\/fr\/wp-json\/wp\/v2\/types\/product"}],"wp:featuredmedia":[{"embeddable":true,"href":"https:\/\/www.casala.com\/fr\/wp-json\/wp\/v2\/media\/8620"}],"wp:attachment":[{"href":"https:\/\/www.casala.com\/fr\/wp-json\/wp\/v2\/media?parent=29193"}],"wp:term":[{"taxonomy":"product_category","embeddable":true,"href":"https:\/\/www.casala.com\/fr\/wp-json\/wp\/v2\/product_category?post=29193"},{"taxonomy":"product_sector","embeddable":true,"href":"https:\/\/www.casala.com\/fr\/wp-json\/wp\/v2\/product_sector?post=29193"},{"taxonomy":"designer","embeddable":true,"href":"https:\/\/www.casala.com\/fr\/wp-json\/wp\/v2\/designer?post=29193"}],"curies":[{"name":"wp","href":"https:\/\/api.w.org\/{rel}","templated":true}]}}