{"id":28419,"date":"2025-07-10T13:41:43","date_gmt":"2025-07-10T12:41:43","guid":{"rendered":"https:\/\/www.casala.com\/product\/axa-iii\/"},"modified":"2026-05-01T14:46:31","modified_gmt":"2026-05-01T13:46:31","slug":"axa-iii","status":"publish","type":"product","link":"https:\/\/www.casala.com\/fr\/produit\/axa-iii\/","title":{"rendered":"Axa III"},"content":{"rendered":"","protected":false},"featured_media":7159,"template":"","product_category":[175],"product_sector":[178,179,177],"designer":[391],"class_list":["post-28419","product","type-product","status-publish","has-post-thumbnail","hentry","product_category-chaises","product_sector-salles","product_sector-sante","product_sector-education","designer-giancarlo-bisaglia"],"acf":[],"yoast_head":"<!-- This site is optimized with the Yoast SEO plugin v27.1.1 - https:\/\/yoast.com\/product\/yoast-seo-wordpress\/ -->\n<title>Chaise Axa III | Casala<\/title>\n<meta name=\"description\" content=\"La chaise Axa III de Casala pr\u00e9sente une assise et un dossier pr\u00e9form\u00e9s pour plus de confort. Disponible en 6 couleurs.\" \/>\n<meta name=\"robots\" content=\"index, follow, max-snippet:-1, max-image-preview:large, max-video-preview:-1\" \/>\n<link rel=\"canonical\" href=\"https:\/\/www.casala.com\/fr\/produit\/axa-iii\/\" \/>\n<meta property=\"og:locale\" content=\"fr_FR\" \/>\n<meta property=\"og:type\" content=\"article\" \/>\n<meta property=\"og:title\" content=\"Chaise Axa III | Casala\" \/>\n<meta property=\"og:description\" content=\"La chaise Axa III de Casala pr\u00e9sente une assise et un dossier pr\u00e9form\u00e9s pour plus de confort. Disponible en 6 couleurs.\" \/>\n<meta property=\"og:url\" content=\"https:\/\/www.casala.com\/fr\/produit\/axa-iii\/\" \/>\n<meta property=\"og:site_name\" content=\"Casala Furniture\" \/>\n<meta property=\"article:modified_time\" content=\"2026-05-01T13:46:31+00:00\" \/>\n<meta property=\"og:image\" content=\"https:\/\/www.casala.com\/wp-content\/uploads\/2025\/07\/casala-product-axa-iii-1.jpg\" \/>\n\t<meta property=\"og:image:width\" content=\"1024\" \/>\n\t<meta property=\"og:image:height\" content=\"1024\" \/>\n\t<meta property=\"og:image:type\" content=\"image\/jpeg\" \/>\n<meta name=\"twitter:card\" content=\"summary_large_image\" \/>\n<meta name=\"twitter:label1\" content=\"Est. reading time\" \/>\n\t<meta name=\"twitter:data1\" content=\"6 minutes\" \/>\n<script type=\"application\/ld+json\" class=\"yoast-schema-graph\">{\"@context\":\"https:\/\/schema.org\",\"@graph\":[{\"@type\":\"WebPage\",\"@id\":\"https:\/\/www.casala.com\/fr\/produit\/axa-iii\/\",\"url\":\"https:\/\/www.casala.com\/fr\/produit\/axa-iii\/\",\"name\":\"Chaise Axa III | Casala\",\"isPartOf\":{\"@id\":\"https:\/\/www.casala.com\/fr\/#website\"},\"primaryImageOfPage\":{\"@id\":\"https:\/\/www.casala.com\/fr\/produit\/axa-iii\/#primaryimage\"},\"image\":{\"@id\":\"https:\/\/www.casala.com\/fr\/produit\/axa-iii\/#primaryimage\"},\"thumbnailUrl\":\"https:\/\/www.casala.com\/wp-content\/uploads\/2025\/07\/casala-product-axa-iii-1.jpg\",\"datePublished\":\"2025-07-10T12:41:43+00:00\",\"dateModified\":\"2026-05-01T13:46:31+00:00\",\"description\":\"La chaise Axa III de Casala pr\u00e9sente une assise et un dossier pr\u00e9form\u00e9s pour plus de confort. Disponible en 6 couleurs.\",\"breadcrumb\":{\"@id\":\"https:\/\/www.casala.com\/fr\/produit\/axa-iii\/#breadcrumb\"},\"inLanguage\":\"fr\",\"potentialAction\":[{\"@type\":\"ReadAction\",\"target\":[\"https:\/\/www.casala.com\/fr\/produit\/axa-iii\/\"]}]},{\"@type\":\"ImageObject\",\"inLanguage\":\"fr\",\"@id\":\"https:\/\/www.casala.com\/fr\/produit\/axa-iii\/#primaryimage\",\"url\":\"https:\/\/www.casala.com\/wp-content\/uploads\/2025\/07\/casala-product-axa-iii-1.jpg\",\"contentUrl\":\"https:\/\/www.casala.com\/wp-content\/uploads\/2025\/07\/casala-product-axa-iii-1.jpg\",\"width\":1024,\"height\":1024,\"caption\":\"Casala chair Axa III\"},{\"@type\":\"BreadcrumbList\",\"@id\":\"https:\/\/www.casala.com\/fr\/produit\/axa-iii\/#breadcrumb\",\"itemListElement\":[{\"@type\":\"ListItem\",\"position\":1,\"name\":\"Home\",\"item\":\"https:\/\/www.casala.com\/fr\/\"},{\"@type\":\"ListItem\",\"position\":2,\"name\":\"Axa III\"}]},{\"@type\":\"WebSite\",\"@id\":\"https:\/\/www.casala.com\/fr\/#website\",\"url\":\"https:\/\/www.casala.com\/fr\/\",\"name\":\"Casala\",\"description\":\"\",\"alternateName\":\"Casala\",\"potentialAction\":[{\"@type\":\"SearchAction\",\"target\":{\"@type\":\"EntryPoint\",\"urlTemplate\":\"https:\/\/www.casala.com\/fr\/?s={search_term_string}\"},\"query-input\":{\"@type\":\"PropertyValueSpecification\",\"valueRequired\":true,\"valueName\":\"search_term_string\"}}],\"inLanguage\":\"fr\"}]}<\/script>\n<!-- \/ Yoast SEO plugin. -->","yoast_head_json":{"title":"Chaise Axa III | Casala","description":"La chaise Axa III de Casala pr\u00e9sente une assise et un dossier pr\u00e9form\u00e9s pour plus de confort. Disponible en 6 couleurs.","robots":{"index":"index","follow":"follow","max-snippet":"max-snippet:-1","max-image-preview":"max-image-preview:large","max-video-preview":"max-video-preview:-1"},"canonical":"https:\/\/www.casala.com\/fr\/produit\/axa-iii\/","og_locale":"fr_FR","og_type":"article","og_title":"Chaise Axa III | Casala","og_description":"La chaise Axa III de Casala pr\u00e9sente une assise et un dossier pr\u00e9form\u00e9s pour plus de confort. Disponible en 6 couleurs.","og_url":"https:\/\/www.casala.com\/fr\/produit\/axa-iii\/","og_site_name":"Casala Furniture","article_modified_time":"2026-05-01T13:46:31+00:00","og_image":[{"width":1024,"height":1024,"url":"https:\/\/www.casala.com\/wp-content\/uploads\/2025\/07\/casala-product-axa-iii-1.jpg","type":"image\/jpeg"}],"twitter_card":"summary_large_image","twitter_misc":{"Est. reading time":"6 minutes"},"schema":{"@context":"https:\/\/schema.org","@graph":[{"@type":"WebPage","@id":"https:\/\/www.casala.com\/fr\/produit\/axa-iii\/","url":"https:\/\/www.casala.com\/fr\/produit\/axa-iii\/","name":"Chaise Axa III | Casala","isPartOf":{"@id":"https:\/\/www.casala.com\/fr\/#website"},"primaryImageOfPage":{"@id":"https:\/\/www.casala.com\/fr\/produit\/axa-iii\/#primaryimage"},"image":{"@id":"https:\/\/www.casala.com\/fr\/produit\/axa-iii\/#primaryimage"},"thumbnailUrl":"https:\/\/www.casala.com\/wp-content\/uploads\/2025\/07\/casala-product-axa-iii-1.jpg","datePublished":"2025-07-10T12:41:43+00:00","dateModified":"2026-05-01T13:46:31+00:00","description":"La chaise Axa III de Casala pr\u00e9sente une assise et un dossier pr\u00e9form\u00e9s pour plus de confort. Disponible en 6 couleurs.","breadcrumb":{"@id":"https:\/\/www.casala.com\/fr\/produit\/axa-iii\/#breadcrumb"},"inLanguage":"fr","potentialAction":[{"@type":"ReadAction","target":["https:\/\/www.casala.com\/fr\/produit\/axa-iii\/"]}]},{"@type":"ImageObject","inLanguage":"fr","@id":"https:\/\/www.casala.com\/fr\/produit\/axa-iii\/#primaryimage","url":"https:\/\/www.casala.com\/wp-content\/uploads\/2025\/07\/casala-product-axa-iii-1.jpg","contentUrl":"https:\/\/www.casala.com\/wp-content\/uploads\/2025\/07\/casala-product-axa-iii-1.jpg","width":1024,"height":1024,"caption":"Casala chair Axa III"},{"@type":"BreadcrumbList","@id":"https:\/\/www.casala.com\/fr\/produit\/axa-iii\/#breadcrumb","itemListElement":[{"@type":"ListItem","position":1,"name":"Home","item":"https:\/\/www.casala.com\/fr\/"},{"@type":"ListItem","position":2,"name":"Axa III"}]},{"@type":"WebSite","@id":"https:\/\/www.casala.com\/fr\/#website","url":"https:\/\/www.casala.com\/fr\/","name":"Casala","description":"","alternateName":"Casala","potentialAction":[{"@type":"SearchAction","target":{"@type":"EntryPoint","urlTemplate":"https:\/\/www.casala.com\/fr\/?s={search_term_string}"},"query-input":{"@type":"PropertyValueSpecification","valueRequired":true,"valueName":"search_term_string"}}],"inLanguage":"fr"}]}},"_links":{"self":[{"href":"https:\/\/www.casala.com\/fr\/wp-json\/wp\/v2\/product\/28419","targetHints":{"allow":["GET"]}}],"collection":[{"href":"https:\/\/www.casala.com\/fr\/wp-json\/wp\/v2\/product"}],"about":[{"href":"https:\/\/www.casala.com\/fr\/wp-json\/wp\/v2\/types\/product"}],"wp:featuredmedia":[{"embeddable":true,"href":"https:\/\/www.casala.com\/fr\/wp-json\/wp\/v2\/media\/7159"}],"wp:attachment":[{"href":"https:\/\/www.casala.com\/fr\/wp-json\/wp\/v2\/media?parent=28419"}],"wp:term":[{"taxonomy":"product_category","embeddable":true,"href":"https:\/\/www.casala.com\/fr\/wp-json\/wp\/v2\/product_category?post=28419"},{"taxonomy":"product_sector","embeddable":true,"href":"https:\/\/www.casala.com\/fr\/wp-json\/wp\/v2\/product_sector?post=28419"},{"taxonomy":"designer","embeddable":true,"href":"https:\/\/www.casala.com\/fr\/wp-json\/wp\/v2\/designer?post=28419"}],"curies":[{"name":"wp","href":"https:\/\/api.w.org\/{rel}","templated":true}]}}