{"id":27175,"date":"2025-08-07T10:07:10","date_gmt":"2025-08-07T09:07:10","guid":{"rendered":"https:\/\/www.casala.com\/halls\/"},"modified":"2026-03-06T14:06:07","modified_gmt":"2026-03-06T13:06:07","slug":"salles","status":"publish","type":"page","link":"https:\/\/www.casala.com\/fr\/salles\/","title":{"rendered":"Halls &#038; Congr\u00e8s"},"content":{"rendered":"","protected":false},"excerpt":{"rendered":"","protected":false},"author":2,"featured_media":0,"parent":0,"menu_order":17,"comment_status":"closed","ping_status":"closed","template":"","meta":{"_acf_changed":false,"footnotes":""},"class_list":["post-27175","page","type-page","status-publish","hentry"],"acf":[],"yoast_head":"<!-- This site is optimized with the Yoast SEO plugin v27.1.1 - https:\/\/yoast.com\/product\/yoast-seo-wordpress\/ -->\n<title>Halls &amp; Congr\u00e8s | Mobilier Casala<\/title>\n<meta name=\"description\" content=\"Les chaises Casala sont multifonctionnelles et tr\u00e8s pratiques \u00e0 utiliser dans de grands halls, vous permettant une configuration id\u00e9ale pour vos \u00e9v\u00e9nements.\" \/>\n<meta name=\"robots\" content=\"index, follow, max-snippet:-1, max-image-preview:large, max-video-preview:-1\" \/>\n<link rel=\"canonical\" href=\"https:\/\/www.casala.com\/fr\/salles\/\" \/>\n<meta property=\"og:locale\" content=\"fr_FR\" \/>\n<meta property=\"og:type\" content=\"article\" \/>\n<meta property=\"og:title\" content=\"Halls &amp; Congr\u00e8s | Mobilier Casala\" \/>\n<meta property=\"og:description\" content=\"Les chaises Casala sont multifonctionnelles et tr\u00e8s pratiques \u00e0 utiliser dans de grands halls, vous permettant une configuration id\u00e9ale pour vos \u00e9v\u00e9nements.\" \/>\n<meta property=\"og:url\" content=\"https:\/\/www.casala.com\/fr\/salles\/\" \/>\n<meta property=\"og:site_name\" content=\"Casala Furniture\" \/>\n<meta property=\"article:modified_time\" content=\"2026-03-06T13:06:07+00:00\" \/>\n<meta name=\"twitter:card\" content=\"summary_large_image\" \/>\n<meta name=\"twitter:label1\" content=\"Est. reading time\" \/>\n\t<meta name=\"twitter:data1\" content=\"6 minutes\" \/>\n<script type=\"application\/ld+json\" class=\"yoast-schema-graph\">{\"@context\":\"https:\/\/schema.org\",\"@graph\":[{\"@type\":\"WebPage\",\"@id\":\"https:\/\/www.casala.com\/fr\/salles\/\",\"url\":\"https:\/\/www.casala.com\/fr\/salles\/\",\"name\":\"Halls & Congr\u00e8s | Mobilier Casala\",\"isPartOf\":{\"@id\":\"https:\/\/www.casala.com\/fr\/#website\"},\"datePublished\":\"2025-08-07T09:07:10+00:00\",\"dateModified\":\"2026-03-06T13:06:07+00:00\",\"description\":\"Les chaises Casala sont multifonctionnelles et tr\u00e8s pratiques \u00e0 utiliser dans de grands halls, vous permettant une configuration id\u00e9ale pour vos \u00e9v\u00e9nements.\",\"breadcrumb\":{\"@id\":\"https:\/\/www.casala.com\/fr\/salles\/#breadcrumb\"},\"inLanguage\":\"fr\",\"potentialAction\":[{\"@type\":\"ReadAction\",\"target\":[\"https:\/\/www.casala.com\/fr\/salles\/\"]}]},{\"@type\":\"BreadcrumbList\",\"@id\":\"https:\/\/www.casala.com\/fr\/salles\/#breadcrumb\",\"itemListElement\":[{\"@type\":\"ListItem\",\"position\":1,\"name\":\"Home\",\"item\":\"https:\/\/www.casala.com\/fr\/\"},{\"@type\":\"ListItem\",\"position\":2,\"name\":\"Halls &#038; Congr\u00e8s\"}]},{\"@type\":\"WebSite\",\"@id\":\"https:\/\/www.casala.com\/fr\/#website\",\"url\":\"https:\/\/www.casala.com\/fr\/\",\"name\":\"Casala\",\"description\":\"\",\"alternateName\":\"Casala\",\"potentialAction\":[{\"@type\":\"SearchAction\",\"target\":{\"@type\":\"EntryPoint\",\"urlTemplate\":\"https:\/\/www.casala.com\/fr\/?s={search_term_string}\"},\"query-input\":{\"@type\":\"PropertyValueSpecification\",\"valueRequired\":true,\"valueName\":\"search_term_string\"}}],\"inLanguage\":\"fr\"}]}<\/script>\n<!-- \/ Yoast SEO plugin. -->","yoast_head_json":{"title":"Halls & Congr\u00e8s | Mobilier Casala","description":"Les chaises Casala sont multifonctionnelles et tr\u00e8s pratiques \u00e0 utiliser dans de grands halls, vous permettant une configuration id\u00e9ale pour vos \u00e9v\u00e9nements.","robots":{"index":"index","follow":"follow","max-snippet":"max-snippet:-1","max-image-preview":"max-image-preview:large","max-video-preview":"max-video-preview:-1"},"canonical":"https:\/\/www.casala.com\/fr\/salles\/","og_locale":"fr_FR","og_type":"article","og_title":"Halls & Congr\u00e8s | Mobilier Casala","og_description":"Les chaises Casala sont multifonctionnelles et tr\u00e8s pratiques \u00e0 utiliser dans de grands halls, vous permettant une configuration id\u00e9ale pour vos \u00e9v\u00e9nements.","og_url":"https:\/\/www.casala.com\/fr\/salles\/","og_site_name":"Casala Furniture","article_modified_time":"2026-03-06T13:06:07+00:00","twitter_card":"summary_large_image","twitter_misc":{"Est. reading time":"6 minutes"},"schema":{"@context":"https:\/\/schema.org","@graph":[{"@type":"WebPage","@id":"https:\/\/www.casala.com\/fr\/salles\/","url":"https:\/\/www.casala.com\/fr\/salles\/","name":"Halls & Congr\u00e8s | Mobilier Casala","isPartOf":{"@id":"https:\/\/www.casala.com\/fr\/#website"},"datePublished":"2025-08-07T09:07:10+00:00","dateModified":"2026-03-06T13:06:07+00:00","description":"Les chaises Casala sont multifonctionnelles et tr\u00e8s pratiques \u00e0 utiliser dans de grands halls, vous permettant une configuration id\u00e9ale pour vos \u00e9v\u00e9nements.","breadcrumb":{"@id":"https:\/\/www.casala.com\/fr\/salles\/#breadcrumb"},"inLanguage":"fr","potentialAction":[{"@type":"ReadAction","target":["https:\/\/www.casala.com\/fr\/salles\/"]}]},{"@type":"BreadcrumbList","@id":"https:\/\/www.casala.com\/fr\/salles\/#breadcrumb","itemListElement":[{"@type":"ListItem","position":1,"name":"Home","item":"https:\/\/www.casala.com\/fr\/"},{"@type":"ListItem","position":2,"name":"Halls &#038; Congr\u00e8s"}]},{"@type":"WebSite","@id":"https:\/\/www.casala.com\/fr\/#website","url":"https:\/\/www.casala.com\/fr\/","name":"Casala","description":"","alternateName":"Casala","potentialAction":[{"@type":"SearchAction","target":{"@type":"EntryPoint","urlTemplate":"https:\/\/www.casala.com\/fr\/?s={search_term_string}"},"query-input":{"@type":"PropertyValueSpecification","valueRequired":true,"valueName":"search_term_string"}}],"inLanguage":"fr"}]}},"_links":{"self":[{"href":"https:\/\/www.casala.com\/fr\/wp-json\/wp\/v2\/pages\/27175","targetHints":{"allow":["GET"]}}],"collection":[{"href":"https:\/\/www.casala.com\/fr\/wp-json\/wp\/v2\/pages"}],"about":[{"href":"https:\/\/www.casala.com\/fr\/wp-json\/wp\/v2\/types\/page"}],"author":[{"embeddable":true,"href":"https:\/\/www.casala.com\/fr\/wp-json\/wp\/v2\/users\/2"}],"replies":[{"embeddable":true,"href":"https:\/\/www.casala.com\/fr\/wp-json\/wp\/v2\/comments?post=27175"}],"version-history":[{"count":15,"href":"https:\/\/www.casala.com\/fr\/wp-json\/wp\/v2\/pages\/27175\/revisions"}],"predecessor-version":[{"id":30828,"href":"https:\/\/www.casala.com\/fr\/wp-json\/wp\/v2\/pages\/27175\/revisions\/30828"}],"wp:attachment":[{"href":"https:\/\/www.casala.com\/fr\/wp-json\/wp\/v2\/media?parent=27175"}],"curies":[{"name":"wp","href":"https:\/\/api.w.org\/{rel}","templated":true}]}}