{"id":26907,"date":"2025-08-07T10:09:04","date_gmt":"2025-08-07T09:09:04","guid":{"rendered":"https:\/\/www.casala.com\/office\/"},"modified":"2026-02-17T11:04:24","modified_gmt":"2026-02-17T10:04:24","slug":"bureau","status":"publish","type":"page","link":"https:\/\/www.casala.com\/fr\/bureau\/","title":{"rendered":"Office"},"content":{"rendered":"","protected":false},"excerpt":{"rendered":"","protected":false},"author":2,"featured_media":0,"parent":0,"menu_order":24,"comment_status":"closed","ping_status":"closed","template":"","meta":{"_acf_changed":false,"footnotes":""},"class_list":["post-26907","page","type-page","status-publish","hentry"],"acf":[],"yoast_head":"<!-- This site is optimized with the Yoast SEO plugin v27.1.1 - https:\/\/yoast.com\/product\/yoast-seo-wordpress\/ -->\n<title>Bureau | Mobilier Casala<\/title>\n<meta name=\"description\" content=\"Casala d\u00e9veloppe du mobilier de bureau, favorisant un environnement contribuant directement \u00e0 la productivit\u00e9, \u00e0 la collaboration et au bien-\u00eatre.\" \/>\n<meta name=\"robots\" content=\"index, follow, max-snippet:-1, max-image-preview:large, max-video-preview:-1\" \/>\n<link rel=\"canonical\" href=\"https:\/\/www.casala.com\/fr\/bureau\/\" \/>\n<meta property=\"og:locale\" content=\"fr_FR\" \/>\n<meta property=\"og:type\" content=\"article\" \/>\n<meta property=\"og:title\" content=\"Bureau | Mobilier Casala\" \/>\n<meta property=\"og:description\" content=\"Casala d\u00e9veloppe du mobilier de bureau, favorisant un environnement contribuant directement \u00e0 la productivit\u00e9, \u00e0 la collaboration et au bien-\u00eatre.\" \/>\n<meta property=\"og:url\" content=\"https:\/\/www.casala.com\/fr\/bureau\/\" \/>\n<meta property=\"og:site_name\" content=\"Casala Furniture\" \/>\n<meta property=\"article:modified_time\" content=\"2026-02-17T10:04:24+00:00\" \/>\n<meta name=\"twitter:card\" content=\"summary_large_image\" \/>\n<meta name=\"twitter:label1\" content=\"Est. reading time\" \/>\n\t<meta name=\"twitter:data1\" content=\"6 minutes\" \/>\n<script type=\"application\/ld+json\" class=\"yoast-schema-graph\">{\"@context\":\"https:\/\/schema.org\",\"@graph\":[{\"@type\":\"WebPage\",\"@id\":\"https:\/\/www.casala.com\/fr\/bureau\/\",\"url\":\"https:\/\/www.casala.com\/fr\/bureau\/\",\"name\":\"Bureau | Mobilier Casala\",\"isPartOf\":{\"@id\":\"https:\/\/www.casala.com\/fr\/#website\"},\"datePublished\":\"2025-08-07T09:09:04+00:00\",\"dateModified\":\"2026-02-17T10:04:24+00:00\",\"description\":\"Casala d\u00e9veloppe du mobilier de bureau, favorisant un environnement contribuant directement \u00e0 la productivit\u00e9, \u00e0 la collaboration et au bien-\u00eatre.\",\"breadcrumb\":{\"@id\":\"https:\/\/www.casala.com\/fr\/bureau\/#breadcrumb\"},\"inLanguage\":\"fr\",\"potentialAction\":[{\"@type\":\"ReadAction\",\"target\":[\"https:\/\/www.casala.com\/fr\/bureau\/\"]}]},{\"@type\":\"BreadcrumbList\",\"@id\":\"https:\/\/www.casala.com\/fr\/bureau\/#breadcrumb\",\"itemListElement\":[{\"@type\":\"ListItem\",\"position\":1,\"name\":\"Home\",\"item\":\"https:\/\/www.casala.com\/fr\/\"},{\"@type\":\"ListItem\",\"position\":2,\"name\":\"Office\"}]},{\"@type\":\"WebSite\",\"@id\":\"https:\/\/www.casala.com\/fr\/#website\",\"url\":\"https:\/\/www.casala.com\/fr\/\",\"name\":\"Casala\",\"description\":\"\",\"alternateName\":\"Casala\",\"potentialAction\":[{\"@type\":\"SearchAction\",\"target\":{\"@type\":\"EntryPoint\",\"urlTemplate\":\"https:\/\/www.casala.com\/fr\/?s={search_term_string}\"},\"query-input\":{\"@type\":\"PropertyValueSpecification\",\"valueRequired\":true,\"valueName\":\"search_term_string\"}}],\"inLanguage\":\"fr\"}]}<\/script>\n<!-- \/ Yoast SEO plugin. -->","yoast_head_json":{"title":"Bureau | Mobilier Casala","description":"Casala d\u00e9veloppe du mobilier de bureau, favorisant un environnement contribuant directement \u00e0 la productivit\u00e9, \u00e0 la collaboration et au bien-\u00eatre.","robots":{"index":"index","follow":"follow","max-snippet":"max-snippet:-1","max-image-preview":"max-image-preview:large","max-video-preview":"max-video-preview:-1"},"canonical":"https:\/\/www.casala.com\/fr\/bureau\/","og_locale":"fr_FR","og_type":"article","og_title":"Bureau | Mobilier Casala","og_description":"Casala d\u00e9veloppe du mobilier de bureau, favorisant un environnement contribuant directement \u00e0 la productivit\u00e9, \u00e0 la collaboration et au bien-\u00eatre.","og_url":"https:\/\/www.casala.com\/fr\/bureau\/","og_site_name":"Casala Furniture","article_modified_time":"2026-02-17T10:04:24+00:00","twitter_card":"summary_large_image","twitter_misc":{"Est. reading time":"6 minutes"},"schema":{"@context":"https:\/\/schema.org","@graph":[{"@type":"WebPage","@id":"https:\/\/www.casala.com\/fr\/bureau\/","url":"https:\/\/www.casala.com\/fr\/bureau\/","name":"Bureau | Mobilier Casala","isPartOf":{"@id":"https:\/\/www.casala.com\/fr\/#website"},"datePublished":"2025-08-07T09:09:04+00:00","dateModified":"2026-02-17T10:04:24+00:00","description":"Casala d\u00e9veloppe du mobilier de bureau, favorisant un environnement contribuant directement \u00e0 la productivit\u00e9, \u00e0 la collaboration et au bien-\u00eatre.","breadcrumb":{"@id":"https:\/\/www.casala.com\/fr\/bureau\/#breadcrumb"},"inLanguage":"fr","potentialAction":[{"@type":"ReadAction","target":["https:\/\/www.casala.com\/fr\/bureau\/"]}]},{"@type":"BreadcrumbList","@id":"https:\/\/www.casala.com\/fr\/bureau\/#breadcrumb","itemListElement":[{"@type":"ListItem","position":1,"name":"Home","item":"https:\/\/www.casala.com\/fr\/"},{"@type":"ListItem","position":2,"name":"Office"}]},{"@type":"WebSite","@id":"https:\/\/www.casala.com\/fr\/#website","url":"https:\/\/www.casala.com\/fr\/","name":"Casala","description":"","alternateName":"Casala","potentialAction":[{"@type":"SearchAction","target":{"@type":"EntryPoint","urlTemplate":"https:\/\/www.casala.com\/fr\/?s={search_term_string}"},"query-input":{"@type":"PropertyValueSpecification","valueRequired":true,"valueName":"search_term_string"}}],"inLanguage":"fr"}]}},"_links":{"self":[{"href":"https:\/\/www.casala.com\/fr\/wp-json\/wp\/v2\/pages\/26907","targetHints":{"allow":["GET"]}}],"collection":[{"href":"https:\/\/www.casala.com\/fr\/wp-json\/wp\/v2\/pages"}],"about":[{"href":"https:\/\/www.casala.com\/fr\/wp-json\/wp\/v2\/types\/page"}],"author":[{"embeddable":true,"href":"https:\/\/www.casala.com\/fr\/wp-json\/wp\/v2\/users\/2"}],"replies":[{"embeddable":true,"href":"https:\/\/www.casala.com\/fr\/wp-json\/wp\/v2\/comments?post=26907"}],"version-history":[{"count":15,"href":"https:\/\/www.casala.com\/fr\/wp-json\/wp\/v2\/pages\/26907\/revisions"}],"predecessor-version":[{"id":30819,"href":"https:\/\/www.casala.com\/fr\/wp-json\/wp\/v2\/pages\/26907\/revisions\/30819"}],"wp:attachment":[{"href":"https:\/\/www.casala.com\/fr\/wp-json\/wp\/v2\/media?parent=26907"}],"curies":[{"name":"wp","href":"https:\/\/api.w.org\/{rel}","templated":true}]}}