{"id":26794,"date":"2025-06-30T14:03:36","date_gmt":"2025-06-30T13:03:36","guid":{"rendered":"https:\/\/www.casala.com\/outletfurniture\/"},"modified":"2026-03-18T10:11:08","modified_gmt":"2026-03-18T09:11:08","slug":"outletfurniture","status":"publish","type":"page","link":"https:\/\/www.casala.com\/fr\/outletfurniture\/","title":{"rendered":"OutletFurniture"},"content":{"rendered":"","protected":false},"excerpt":{"rendered":"","protected":false},"author":2,"featured_media":0,"parent":0,"menu_order":25,"comment_status":"closed","ping_status":"closed","template":"page-outlet.php","meta":{"_acf_changed":false,"footnotes":""},"class_list":["post-26794","page","type-page","status-publish","hentry"],"acf":[],"yoast_head":"<!-- This site is optimized with the Yoast SEO plugin v27.1.1 - https:\/\/yoast.com\/product\/yoast-seo-wordpress\/ -->\n<title>OutletFurniture | Casala<\/title>\n<meta name=\"description\" content=\"Via OutletFurniture, nous proposons du mobilier Casala exc\u00e9dentaire. Ce sont des produits neufs, pr\u00eats \u00e0 trouver un nouveau propri\u00e9taire \u00e0 prix r\u00e9duits.\" \/>\n<meta name=\"robots\" content=\"index, follow, max-snippet:-1, max-image-preview:large, max-video-preview:-1\" \/>\n<link rel=\"canonical\" href=\"https:\/\/www.casala.com\/fr\/outletfurniture\/\" \/>\n<meta property=\"og:locale\" content=\"fr_FR\" \/>\n<meta property=\"og:type\" content=\"article\" \/>\n<meta property=\"og:title\" content=\"OutletFurniture | Casala\" \/>\n<meta property=\"og:description\" content=\"Via OutletFurniture, nous proposons du mobilier Casala exc\u00e9dentaire. Ce sont des produits neufs, pr\u00eats \u00e0 trouver un nouveau propri\u00e9taire \u00e0 prix r\u00e9duits.\" \/>\n<meta property=\"og:url\" content=\"https:\/\/www.casala.com\/fr\/outletfurniture\/\" \/>\n<meta property=\"og:site_name\" content=\"Casala Furniture\" \/>\n<meta property=\"article:modified_time\" content=\"2026-03-18T09:11:08+00:00\" \/>\n<meta name=\"twitter:card\" content=\"summary_large_image\" \/>\n<meta name=\"twitter:label1\" content=\"Est. reading time\" \/>\n\t<meta name=\"twitter:data1\" content=\"2 minutes\" \/>\n<script type=\"application\/ld+json\" class=\"yoast-schema-graph\">{\"@context\":\"https:\/\/schema.org\",\"@graph\":[{\"@type\":\"WebPage\",\"@id\":\"https:\/\/www.casala.com\/fr\/outletfurniture\/\",\"url\":\"https:\/\/www.casala.com\/fr\/outletfurniture\/\",\"name\":\"OutletFurniture | Casala\",\"isPartOf\":{\"@id\":\"https:\/\/www.casala.com\/fr\/#website\"},\"datePublished\":\"2025-06-30T13:03:36+00:00\",\"dateModified\":\"2026-03-18T09:11:08+00:00\",\"description\":\"Via OutletFurniture, nous proposons du mobilier Casala exc\u00e9dentaire. Ce sont des produits neufs, pr\u00eats \u00e0 trouver un nouveau propri\u00e9taire \u00e0 prix r\u00e9duits.\",\"breadcrumb\":{\"@id\":\"https:\/\/www.casala.com\/fr\/outletfurniture\/#breadcrumb\"},\"inLanguage\":\"fr\",\"potentialAction\":[{\"@type\":\"ReadAction\",\"target\":[\"https:\/\/www.casala.com\/fr\/outletfurniture\/\"]}]},{\"@type\":\"BreadcrumbList\",\"@id\":\"https:\/\/www.casala.com\/fr\/outletfurniture\/#breadcrumb\",\"itemListElement\":[{\"@type\":\"ListItem\",\"position\":1,\"name\":\"Home\",\"item\":\"https:\/\/www.casala.com\/fr\/\"},{\"@type\":\"ListItem\",\"position\":2,\"name\":\"OutletFurniture\"}]},{\"@type\":\"WebSite\",\"@id\":\"https:\/\/www.casala.com\/fr\/#website\",\"url\":\"https:\/\/www.casala.com\/fr\/\",\"name\":\"Casala\",\"description\":\"\",\"alternateName\":\"Casala\",\"potentialAction\":[{\"@type\":\"SearchAction\",\"target\":{\"@type\":\"EntryPoint\",\"urlTemplate\":\"https:\/\/www.casala.com\/fr\/?s={search_term_string}\"},\"query-input\":{\"@type\":\"PropertyValueSpecification\",\"valueRequired\":true,\"valueName\":\"search_term_string\"}}],\"inLanguage\":\"fr\"}]}<\/script>\n<!-- \/ Yoast SEO plugin. -->","yoast_head_json":{"title":"OutletFurniture | Casala","description":"Via OutletFurniture, nous proposons du mobilier Casala exc\u00e9dentaire. Ce sont des produits neufs, pr\u00eats \u00e0 trouver un nouveau propri\u00e9taire \u00e0 prix r\u00e9duits.","robots":{"index":"index","follow":"follow","max-snippet":"max-snippet:-1","max-image-preview":"max-image-preview:large","max-video-preview":"max-video-preview:-1"},"canonical":"https:\/\/www.casala.com\/fr\/outletfurniture\/","og_locale":"fr_FR","og_type":"article","og_title":"OutletFurniture | Casala","og_description":"Via OutletFurniture, nous proposons du mobilier Casala exc\u00e9dentaire. Ce sont des produits neufs, pr\u00eats \u00e0 trouver un nouveau propri\u00e9taire \u00e0 prix r\u00e9duits.","og_url":"https:\/\/www.casala.com\/fr\/outletfurniture\/","og_site_name":"Casala Furniture","article_modified_time":"2026-03-18T09:11:08+00:00","twitter_card":"summary_large_image","twitter_misc":{"Est. reading time":"2 minutes"},"schema":{"@context":"https:\/\/schema.org","@graph":[{"@type":"WebPage","@id":"https:\/\/www.casala.com\/fr\/outletfurniture\/","url":"https:\/\/www.casala.com\/fr\/outletfurniture\/","name":"OutletFurniture | Casala","isPartOf":{"@id":"https:\/\/www.casala.com\/fr\/#website"},"datePublished":"2025-06-30T13:03:36+00:00","dateModified":"2026-03-18T09:11:08+00:00","description":"Via OutletFurniture, nous proposons du mobilier Casala exc\u00e9dentaire. Ce sont des produits neufs, pr\u00eats \u00e0 trouver un nouveau propri\u00e9taire \u00e0 prix r\u00e9duits.","breadcrumb":{"@id":"https:\/\/www.casala.com\/fr\/outletfurniture\/#breadcrumb"},"inLanguage":"fr","potentialAction":[{"@type":"ReadAction","target":["https:\/\/www.casala.com\/fr\/outletfurniture\/"]}]},{"@type":"BreadcrumbList","@id":"https:\/\/www.casala.com\/fr\/outletfurniture\/#breadcrumb","itemListElement":[{"@type":"ListItem","position":1,"name":"Home","item":"https:\/\/www.casala.com\/fr\/"},{"@type":"ListItem","position":2,"name":"OutletFurniture"}]},{"@type":"WebSite","@id":"https:\/\/www.casala.com\/fr\/#website","url":"https:\/\/www.casala.com\/fr\/","name":"Casala","description":"","alternateName":"Casala","potentialAction":[{"@type":"SearchAction","target":{"@type":"EntryPoint","urlTemplate":"https:\/\/www.casala.com\/fr\/?s={search_term_string}"},"query-input":{"@type":"PropertyValueSpecification","valueRequired":true,"valueName":"search_term_string"}}],"inLanguage":"fr"}]}},"_links":{"self":[{"href":"https:\/\/www.casala.com\/fr\/wp-json\/wp\/v2\/pages\/26794","targetHints":{"allow":["GET"]}}],"collection":[{"href":"https:\/\/www.casala.com\/fr\/wp-json\/wp\/v2\/pages"}],"about":[{"href":"https:\/\/www.casala.com\/fr\/wp-json\/wp\/v2\/types\/page"}],"author":[{"embeddable":true,"href":"https:\/\/www.casala.com\/fr\/wp-json\/wp\/v2\/users\/2"}],"replies":[{"embeddable":true,"href":"https:\/\/www.casala.com\/fr\/wp-json\/wp\/v2\/comments?post=26794"}],"version-history":[{"count":8,"href":"https:\/\/www.casala.com\/fr\/wp-json\/wp\/v2\/pages\/26794\/revisions"}],"predecessor-version":[{"id":32688,"href":"https:\/\/www.casala.com\/fr\/wp-json\/wp\/v2\/pages\/26794\/revisions\/32688"}],"wp:attachment":[{"href":"https:\/\/www.casala.com\/fr\/wp-json\/wp\/v2\/media?parent=26794"}],"curies":[{"name":"wp","href":"https:\/\/api.w.org\/{rel}","templated":true}]}}