{"id":20313,"date":"2025-11-19T11:27:32","date_gmt":"2025-11-19T10:27:32","guid":{"rendered":"https:\/\/www.casala.com\/privacy-statement\/"},"modified":"2026-02-23T15:23:56","modified_gmt":"2026-02-23T14:23:56","slug":"politique-de-confidentialite","status":"publish","type":"page","link":"https:\/\/www.casala.com\/fr\/politique-de-confidentialite\/","title":{"rendered":"Politique de confidentialit\u00e9"},"content":{"rendered":"","protected":false},"excerpt":{"rendered":"","protected":false},"author":2,"featured_media":0,"parent":0,"menu_order":27,"comment_status":"closed","ping_status":"closed","template":"","meta":{"_acf_changed":false,"footnotes":""},"class_list":["post-20313","page","type-page","status-publish","hentry"],"acf":[],"yoast_head":"<!-- This site is optimized with the Yoast SEO plugin v27.1.1 - https:\/\/yoast.com\/product\/yoast-seo-wordpress\/ -->\n<title>Politique de confidentialit\u00e9 | Casala<\/title>\n<meta name=\"description\" content=\"Il est de notre responsabilit\u00e9 de prot\u00e9ger vos donn\u00e9es personnelles. Sur cette page, nous vous pr\u00e9cisons notre politique de confidentialit\u00e9.\" \/>\n<meta name=\"robots\" content=\"index, follow, max-snippet:-1, max-image-preview:large, max-video-preview:-1\" \/>\n<link rel=\"canonical\" href=\"https:\/\/www.casala.com\/fr\/politique-de-confidentialite\/\" \/>\n<meta property=\"og:locale\" content=\"fr_FR\" \/>\n<meta property=\"og:type\" content=\"article\" \/>\n<meta property=\"og:title\" content=\"Politique de confidentialit\u00e9 | Casala\" \/>\n<meta property=\"og:description\" content=\"Il est de notre responsabilit\u00e9 de prot\u00e9ger vos donn\u00e9es personnelles. Sur cette page, nous vous pr\u00e9cisons notre politique de confidentialit\u00e9.\" \/>\n<meta property=\"og:url\" content=\"https:\/\/www.casala.com\/fr\/politique-de-confidentialite\/\" \/>\n<meta property=\"og:site_name\" content=\"Casala Furniture\" \/>\n<meta property=\"article:modified_time\" content=\"2026-02-23T14:23:56+00:00\" \/>\n<meta name=\"twitter:card\" content=\"summary_large_image\" \/>\n<meta name=\"twitter:label1\" content=\"Est. reading time\" \/>\n\t<meta name=\"twitter:data1\" content=\"5 minutes\" \/>\n<script type=\"application\/ld+json\" class=\"yoast-schema-graph\">{\"@context\":\"https:\/\/schema.org\",\"@graph\":[{\"@type\":\"WebPage\",\"@id\":\"https:\/\/www.casala.com\/fr\/politique-de-confidentialite\/\",\"url\":\"https:\/\/www.casala.com\/fr\/politique-de-confidentialite\/\",\"name\":\"Politique de confidentialit\u00e9 | Casala\",\"isPartOf\":{\"@id\":\"https:\/\/www.casala.com\/fr\/#website\"},\"datePublished\":\"2025-11-19T10:27:32+00:00\",\"dateModified\":\"2026-02-23T14:23:56+00:00\",\"description\":\"Il est de notre responsabilit\u00e9 de prot\u00e9ger vos donn\u00e9es personnelles. Sur cette page, nous vous pr\u00e9cisons notre politique de confidentialit\u00e9.\",\"breadcrumb\":{\"@id\":\"https:\/\/www.casala.com\/fr\/politique-de-confidentialite\/#breadcrumb\"},\"inLanguage\":\"fr\",\"potentialAction\":[{\"@type\":\"ReadAction\",\"target\":[\"https:\/\/www.casala.com\/fr\/politique-de-confidentialite\/\"]}]},{\"@type\":\"BreadcrumbList\",\"@id\":\"https:\/\/www.casala.com\/fr\/politique-de-confidentialite\/#breadcrumb\",\"itemListElement\":[{\"@type\":\"ListItem\",\"position\":1,\"name\":\"Home\",\"item\":\"https:\/\/www.casala.com\/fr\/\"},{\"@type\":\"ListItem\",\"position\":2,\"name\":\"Politique de confidentialit\u00e9\"}]},{\"@type\":\"WebSite\",\"@id\":\"https:\/\/www.casala.com\/fr\/#website\",\"url\":\"https:\/\/www.casala.com\/fr\/\",\"name\":\"Casala\",\"description\":\"\",\"alternateName\":\"Casala\",\"potentialAction\":[{\"@type\":\"SearchAction\",\"target\":{\"@type\":\"EntryPoint\",\"urlTemplate\":\"https:\/\/www.casala.com\/fr\/?s={search_term_string}\"},\"query-input\":{\"@type\":\"PropertyValueSpecification\",\"valueRequired\":true,\"valueName\":\"search_term_string\"}}],\"inLanguage\":\"fr\"}]}<\/script>\n<!-- \/ Yoast SEO plugin. -->","yoast_head_json":{"title":"Politique de confidentialit\u00e9 | Casala","description":"Il est de notre responsabilit\u00e9 de prot\u00e9ger vos donn\u00e9es personnelles. Sur cette page, nous vous pr\u00e9cisons notre politique de confidentialit\u00e9.","robots":{"index":"index","follow":"follow","max-snippet":"max-snippet:-1","max-image-preview":"max-image-preview:large","max-video-preview":"max-video-preview:-1"},"canonical":"https:\/\/www.casala.com\/fr\/politique-de-confidentialite\/","og_locale":"fr_FR","og_type":"article","og_title":"Politique de confidentialit\u00e9 | Casala","og_description":"Il est de notre responsabilit\u00e9 de prot\u00e9ger vos donn\u00e9es personnelles. Sur cette page, nous vous pr\u00e9cisons notre politique de confidentialit\u00e9.","og_url":"https:\/\/www.casala.com\/fr\/politique-de-confidentialite\/","og_site_name":"Casala Furniture","article_modified_time":"2026-02-23T14:23:56+00:00","twitter_card":"summary_large_image","twitter_misc":{"Est. reading time":"5 minutes"},"schema":{"@context":"https:\/\/schema.org","@graph":[{"@type":"WebPage","@id":"https:\/\/www.casala.com\/fr\/politique-de-confidentialite\/","url":"https:\/\/www.casala.com\/fr\/politique-de-confidentialite\/","name":"Politique de confidentialit\u00e9 | Casala","isPartOf":{"@id":"https:\/\/www.casala.com\/fr\/#website"},"datePublished":"2025-11-19T10:27:32+00:00","dateModified":"2026-02-23T14:23:56+00:00","description":"Il est de notre responsabilit\u00e9 de prot\u00e9ger vos donn\u00e9es personnelles. Sur cette page, nous vous pr\u00e9cisons notre politique de confidentialit\u00e9.","breadcrumb":{"@id":"https:\/\/www.casala.com\/fr\/politique-de-confidentialite\/#breadcrumb"},"inLanguage":"fr","potentialAction":[{"@type":"ReadAction","target":["https:\/\/www.casala.com\/fr\/politique-de-confidentialite\/"]}]},{"@type":"BreadcrumbList","@id":"https:\/\/www.casala.com\/fr\/politique-de-confidentialite\/#breadcrumb","itemListElement":[{"@type":"ListItem","position":1,"name":"Home","item":"https:\/\/www.casala.com\/fr\/"},{"@type":"ListItem","position":2,"name":"Politique de confidentialit\u00e9"}]},{"@type":"WebSite","@id":"https:\/\/www.casala.com\/fr\/#website","url":"https:\/\/www.casala.com\/fr\/","name":"Casala","description":"","alternateName":"Casala","potentialAction":[{"@type":"SearchAction","target":{"@type":"EntryPoint","urlTemplate":"https:\/\/www.casala.com\/fr\/?s={search_term_string}"},"query-input":{"@type":"PropertyValueSpecification","valueRequired":true,"valueName":"search_term_string"}}],"inLanguage":"fr"}]}},"_links":{"self":[{"href":"https:\/\/www.casala.com\/fr\/wp-json\/wp\/v2\/pages\/20313","targetHints":{"allow":["GET"]}}],"collection":[{"href":"https:\/\/www.casala.com\/fr\/wp-json\/wp\/v2\/pages"}],"about":[{"href":"https:\/\/www.casala.com\/fr\/wp-json\/wp\/v2\/types\/page"}],"author":[{"embeddable":true,"href":"https:\/\/www.casala.com\/fr\/wp-json\/wp\/v2\/users\/2"}],"replies":[{"embeddable":true,"href":"https:\/\/www.casala.com\/fr\/wp-json\/wp\/v2\/comments?post=20313"}],"version-history":[{"count":12,"href":"https:\/\/www.casala.com\/fr\/wp-json\/wp\/v2\/pages\/20313\/revisions"}],"predecessor-version":[{"id":31179,"href":"https:\/\/www.casala.com\/fr\/wp-json\/wp\/v2\/pages\/20313\/revisions\/31179"}],"wp:attachment":[{"href":"https:\/\/www.casala.com\/fr\/wp-json\/wp\/v2\/media?parent=20313"}],"curies":[{"name":"wp","href":"https:\/\/api.w.org\/{rel}","templated":true}]}}