{"id":20283,"date":"2025-11-19T16:24:30","date_gmt":"2025-11-19T15:24:30","guid":{"rendered":"https:\/\/www.casala.com\/samples\/"},"modified":"2026-02-23T15:19:05","modified_gmt":"2026-02-23T14:19:05","slug":"echantillons-nuanciers","status":"publish","type":"page","link":"https:\/\/www.casala.com\/fr\/echantillons-nuanciers\/","title":{"rendered":"\u00c9chantillons &#038; Nuanciers"},"content":{"rendered":"","protected":false},"excerpt":{"rendered":"","protected":false},"author":2,"featured_media":0,"parent":0,"menu_order":32,"comment_status":"closed","ping_status":"closed","template":"","meta":{"_acf_changed":false,"footnotes":""},"class_list":["post-20283","page","type-page","status-publish","hentry"],"acf":[],"yoast_head":"<!-- This site is optimized with the Yoast SEO plugin v27.1.1 - https:\/\/yoast.com\/product\/yoast-seo-wordpress\/ -->\n<title>\u00c9chantillons &amp; nuanciers | Casala<\/title>\n<meta name=\"description\" content=\"Casala a s\u00e9lectionn\u00e9, avec ferveur et implication, un large \u00e9ventail de mat\u00e9riaux et finitions pour son mobilier.\" \/>\n<meta name=\"robots\" content=\"index, follow, max-snippet:-1, max-image-preview:large, max-video-preview:-1\" \/>\n<link rel=\"canonical\" href=\"https:\/\/www.casala.com\/fr\/echantillons-nuanciers\/\" \/>\n<meta property=\"og:locale\" content=\"fr_FR\" \/>\n<meta property=\"og:type\" content=\"article\" \/>\n<meta property=\"og:title\" content=\"\u00c9chantillons &amp; nuanciers | Casala\" \/>\n<meta property=\"og:description\" content=\"Casala a s\u00e9lectionn\u00e9, avec ferveur et implication, un large \u00e9ventail de mat\u00e9riaux et finitions pour son mobilier.\" \/>\n<meta property=\"og:url\" content=\"https:\/\/www.casala.com\/fr\/echantillons-nuanciers\/\" \/>\n<meta property=\"og:site_name\" content=\"Casala Furniture\" \/>\n<meta property=\"article:modified_time\" content=\"2026-02-23T14:19:05+00:00\" \/>\n<meta name=\"twitter:card\" content=\"summary_large_image\" \/>\n<meta name=\"twitter:label1\" content=\"Est. reading time\" \/>\n\t<meta name=\"twitter:data1\" content=\"4 minutes\" \/>\n<script type=\"application\/ld+json\" class=\"yoast-schema-graph\">{\"@context\":\"https:\/\/schema.org\",\"@graph\":[{\"@type\":\"WebPage\",\"@id\":\"https:\/\/www.casala.com\/fr\/echantillons-nuanciers\/\",\"url\":\"https:\/\/www.casala.com\/fr\/echantillons-nuanciers\/\",\"name\":\"\u00c9chantillons & nuanciers | Casala\",\"isPartOf\":{\"@id\":\"https:\/\/www.casala.com\/fr\/#website\"},\"datePublished\":\"2025-11-19T15:24:30+00:00\",\"dateModified\":\"2026-02-23T14:19:05+00:00\",\"description\":\"Casala a s\u00e9lectionn\u00e9, avec ferveur et implication, un large \u00e9ventail de mat\u00e9riaux et finitions pour son mobilier.\",\"breadcrumb\":{\"@id\":\"https:\/\/www.casala.com\/fr\/echantillons-nuanciers\/#breadcrumb\"},\"inLanguage\":\"fr\",\"potentialAction\":[{\"@type\":\"ReadAction\",\"target\":[\"https:\/\/www.casala.com\/fr\/echantillons-nuanciers\/\"]}]},{\"@type\":\"BreadcrumbList\",\"@id\":\"https:\/\/www.casala.com\/fr\/echantillons-nuanciers\/#breadcrumb\",\"itemListElement\":[{\"@type\":\"ListItem\",\"position\":1,\"name\":\"Home\",\"item\":\"https:\/\/www.casala.com\/fr\/\"},{\"@type\":\"ListItem\",\"position\":2,\"name\":\"\u00c9chantillons &#038; Nuanciers\"}]},{\"@type\":\"WebSite\",\"@id\":\"https:\/\/www.casala.com\/fr\/#website\",\"url\":\"https:\/\/www.casala.com\/fr\/\",\"name\":\"Casala\",\"description\":\"\",\"alternateName\":\"Casala\",\"potentialAction\":[{\"@type\":\"SearchAction\",\"target\":{\"@type\":\"EntryPoint\",\"urlTemplate\":\"https:\/\/www.casala.com\/fr\/?s={search_term_string}\"},\"query-input\":{\"@type\":\"PropertyValueSpecification\",\"valueRequired\":true,\"valueName\":\"search_term_string\"}}],\"inLanguage\":\"fr\"}]}<\/script>\n<!-- \/ Yoast SEO plugin. -->","yoast_head_json":{"title":"\u00c9chantillons & nuanciers | Casala","description":"Casala a s\u00e9lectionn\u00e9, avec ferveur et implication, un large \u00e9ventail de mat\u00e9riaux et finitions pour son mobilier.","robots":{"index":"index","follow":"follow","max-snippet":"max-snippet:-1","max-image-preview":"max-image-preview:large","max-video-preview":"max-video-preview:-1"},"canonical":"https:\/\/www.casala.com\/fr\/echantillons-nuanciers\/","og_locale":"fr_FR","og_type":"article","og_title":"\u00c9chantillons & nuanciers | Casala","og_description":"Casala a s\u00e9lectionn\u00e9, avec ferveur et implication, un large \u00e9ventail de mat\u00e9riaux et finitions pour son mobilier.","og_url":"https:\/\/www.casala.com\/fr\/echantillons-nuanciers\/","og_site_name":"Casala Furniture","article_modified_time":"2026-02-23T14:19:05+00:00","twitter_card":"summary_large_image","twitter_misc":{"Est. reading time":"4 minutes"},"schema":{"@context":"https:\/\/schema.org","@graph":[{"@type":"WebPage","@id":"https:\/\/www.casala.com\/fr\/echantillons-nuanciers\/","url":"https:\/\/www.casala.com\/fr\/echantillons-nuanciers\/","name":"\u00c9chantillons & nuanciers | Casala","isPartOf":{"@id":"https:\/\/www.casala.com\/fr\/#website"},"datePublished":"2025-11-19T15:24:30+00:00","dateModified":"2026-02-23T14:19:05+00:00","description":"Casala a s\u00e9lectionn\u00e9, avec ferveur et implication, un large \u00e9ventail de mat\u00e9riaux et finitions pour son mobilier.","breadcrumb":{"@id":"https:\/\/www.casala.com\/fr\/echantillons-nuanciers\/#breadcrumb"},"inLanguage":"fr","potentialAction":[{"@type":"ReadAction","target":["https:\/\/www.casala.com\/fr\/echantillons-nuanciers\/"]}]},{"@type":"BreadcrumbList","@id":"https:\/\/www.casala.com\/fr\/echantillons-nuanciers\/#breadcrumb","itemListElement":[{"@type":"ListItem","position":1,"name":"Home","item":"https:\/\/www.casala.com\/fr\/"},{"@type":"ListItem","position":2,"name":"\u00c9chantillons &#038; Nuanciers"}]},{"@type":"WebSite","@id":"https:\/\/www.casala.com\/fr\/#website","url":"https:\/\/www.casala.com\/fr\/","name":"Casala","description":"","alternateName":"Casala","potentialAction":[{"@type":"SearchAction","target":{"@type":"EntryPoint","urlTemplate":"https:\/\/www.casala.com\/fr\/?s={search_term_string}"},"query-input":{"@type":"PropertyValueSpecification","valueRequired":true,"valueName":"search_term_string"}}],"inLanguage":"fr"}]}},"_links":{"self":[{"href":"https:\/\/www.casala.com\/fr\/wp-json\/wp\/v2\/pages\/20283","targetHints":{"allow":["GET"]}}],"collection":[{"href":"https:\/\/www.casala.com\/fr\/wp-json\/wp\/v2\/pages"}],"about":[{"href":"https:\/\/www.casala.com\/fr\/wp-json\/wp\/v2\/types\/page"}],"author":[{"embeddable":true,"href":"https:\/\/www.casala.com\/fr\/wp-json\/wp\/v2\/users\/2"}],"replies":[{"embeddable":true,"href":"https:\/\/www.casala.com\/fr\/wp-json\/wp\/v2\/comments?post=20283"}],"version-history":[{"count":27,"href":"https:\/\/www.casala.com\/fr\/wp-json\/wp\/v2\/pages\/20283\/revisions"}],"predecessor-version":[{"id":31174,"href":"https:\/\/www.casala.com\/fr\/wp-json\/wp\/v2\/pages\/20283\/revisions\/31174"}],"wp:attachment":[{"href":"https:\/\/www.casala.com\/fr\/wp-json\/wp\/v2\/media?parent=20283"}],"curies":[{"name":"wp","href":"https:\/\/api.w.org\/{rel}","templated":true}]}}