{"id":32258,"date":"2025-10-27T14:04:11","date_gmt":"2025-10-27T13:04:11","guid":{"rendered":"https:\/\/www.casala.com\/product\/train-bench\/"},"modified":"2026-03-13T11:57:24","modified_gmt":"2026-03-13T10:57:24","slug":"train-bench","status":"publish","type":"product","link":"https:\/\/www.casala.com\/de\/produkt\/train-bench\/","title":{"rendered":"Train Bench"},"content":{"rendered":"","protected":false},"featured_media":15596,"template":"","product_category":[520,508],"product_sector":[487,497],"designer":[],"class_list":["post-32258","product","type-product","status-publish","has-post-thumbnail","hentry","product_category-sofas","product_category-modular","product_sector-office","product_sector-hospitality"],"acf":[],"yoast_head":"<!-- This site is optimized with the Yoast SEO plugin v27.1.1 - https:\/\/yoast.com\/product\/yoast-seo-wordpress\/ -->\n<title>Casala Train Bench | Modulares Sitzprogramm \u00f6ffentliche Bereiche<\/title>\n<meta name=\"description\" content=\"Die Casala Train Bench ist ein flexibles, modulares Sitzsystem mit verschiedenen Breiten und H\u00f6hen. Ideal f\u00fcr B\u00fcros, Bildungseinrichtungen und \u00f6ffentliche Bereiche, f\u00fcr strukturierte, komfortable Sitzl\u00f6sungen im modernen Design.\" \/>\n<meta name=\"robots\" content=\"index, follow, max-snippet:-1, max-image-preview:large, max-video-preview:-1\" \/>\n<link rel=\"canonical\" href=\"https:\/\/www.casala.com\/de\/produkt\/train-bench\/\" \/>\n<meta property=\"og:locale\" content=\"de_DE\" \/>\n<meta property=\"og:type\" content=\"article\" \/>\n<meta property=\"og:title\" content=\"Casala Train Bench | Modulares Sitzprogramm \u00f6ffentliche Bereiche\" \/>\n<meta property=\"og:description\" content=\"Die Casala Train Bench ist ein flexibles, modulares Sitzsystem mit verschiedenen Breiten und H\u00f6hen. Ideal f\u00fcr B\u00fcros, Bildungseinrichtungen und \u00f6ffentliche Bereiche, f\u00fcr strukturierte, komfortable Sitzl\u00f6sungen im modernen Design.\" \/>\n<meta property=\"og:url\" content=\"https:\/\/www.casala.com\/de\/produkt\/train-bench\/\" \/>\n<meta property=\"og:site_name\" content=\"Casala Furniture\" \/>\n<meta property=\"article:modified_time\" content=\"2026-03-13T10:57:24+00:00\" \/>\n<meta property=\"og:image\" content=\"https:\/\/www.casala.com\/wp-content\/uploads\/2025\/10\/casala-product-train-bench.jpg\" \/>\n\t<meta property=\"og:image:width\" content=\"2048\" \/>\n\t<meta property=\"og:image:height\" content=\"2048\" \/>\n\t<meta property=\"og:image:type\" content=\"image\/jpeg\" \/>\n<meta name=\"twitter:card\" content=\"summary_large_image\" \/>\n<meta name=\"twitter:label1\" content=\"Est. reading time\" \/>\n\t<meta name=\"twitter:data1\" content=\"5 minutes\" \/>\n<script type=\"application\/ld+json\" class=\"yoast-schema-graph\">{\"@context\":\"https:\/\/schema.org\",\"@graph\":[{\"@type\":\"WebPage\",\"@id\":\"https:\/\/www.casala.com\/de\/produkt\/train-bench\/\",\"url\":\"https:\/\/www.casala.com\/de\/produkt\/train-bench\/\",\"name\":\"Casala Train Bench | Modulares Sitzprogramm \u00f6ffentliche Bereiche\",\"isPartOf\":{\"@id\":\"https:\/\/www.casala.com\/de\/#website\"},\"primaryImageOfPage\":{\"@id\":\"https:\/\/www.casala.com\/de\/produkt\/train-bench\/#primaryimage\"},\"image\":{\"@id\":\"https:\/\/www.casala.com\/de\/produkt\/train-bench\/#primaryimage\"},\"thumbnailUrl\":\"https:\/\/www.casala.com\/wp-content\/uploads\/2025\/10\/casala-product-train-bench.jpg\",\"datePublished\":\"2025-10-27T13:04:11+00:00\",\"dateModified\":\"2026-03-13T10:57:24+00:00\",\"description\":\"Die Casala Train Bench ist ein flexibles, modulares Sitzsystem mit verschiedenen Breiten und H\u00f6hen. Ideal f\u00fcr B\u00fcros, Bildungseinrichtungen und \u00f6ffentliche Bereiche, f\u00fcr strukturierte, komfortable Sitzl\u00f6sungen im modernen Design.\",\"breadcrumb\":{\"@id\":\"https:\/\/www.casala.com\/de\/produkt\/train-bench\/#breadcrumb\"},\"inLanguage\":\"de\",\"potentialAction\":[{\"@type\":\"ReadAction\",\"target\":[\"https:\/\/www.casala.com\/de\/produkt\/train-bench\/\"]}]},{\"@type\":\"ImageObject\",\"inLanguage\":\"de\",\"@id\":\"https:\/\/www.casala.com\/de\/produkt\/train-bench\/#primaryimage\",\"url\":\"https:\/\/www.casala.com\/wp-content\/uploads\/2025\/10\/casala-product-train-bench.jpg\",\"contentUrl\":\"https:\/\/www.casala.com\/wp-content\/uploads\/2025\/10\/casala-product-train-bench.jpg\",\"width\":2048,\"height\":2048},{\"@type\":\"BreadcrumbList\",\"@id\":\"https:\/\/www.casala.com\/de\/produkt\/train-bench\/#breadcrumb\",\"itemListElement\":[{\"@type\":\"ListItem\",\"position\":1,\"name\":\"Home\",\"item\":\"https:\/\/www.casala.com\/de\/\"},{\"@type\":\"ListItem\",\"position\":2,\"name\":\"Train Bench\"}]},{\"@type\":\"WebSite\",\"@id\":\"https:\/\/www.casala.com\/de\/#website\",\"url\":\"https:\/\/www.casala.com\/de\/\",\"name\":\"Casala\",\"description\":\"\",\"alternateName\":\"Casala\",\"potentialAction\":[{\"@type\":\"SearchAction\",\"target\":{\"@type\":\"EntryPoint\",\"urlTemplate\":\"https:\/\/www.casala.com\/de\/?s={search_term_string}\"},\"query-input\":{\"@type\":\"PropertyValueSpecification\",\"valueRequired\":true,\"valueName\":\"search_term_string\"}}],\"inLanguage\":\"de\"}]}<\/script>\n<!-- \/ Yoast SEO plugin. -->","yoast_head_json":{"title":"Casala Train Bench | Modulares Sitzprogramm \u00f6ffentliche Bereiche","description":"Die Casala Train Bench ist ein flexibles, modulares Sitzsystem mit verschiedenen Breiten und H\u00f6hen. Ideal f\u00fcr B\u00fcros, Bildungseinrichtungen und \u00f6ffentliche Bereiche, f\u00fcr strukturierte, komfortable Sitzl\u00f6sungen im modernen Design.","robots":{"index":"index","follow":"follow","max-snippet":"max-snippet:-1","max-image-preview":"max-image-preview:large","max-video-preview":"max-video-preview:-1"},"canonical":"https:\/\/www.casala.com\/de\/produkt\/train-bench\/","og_locale":"de_DE","og_type":"article","og_title":"Casala Train Bench | Modulares Sitzprogramm \u00f6ffentliche Bereiche","og_description":"Die Casala Train Bench ist ein flexibles, modulares Sitzsystem mit verschiedenen Breiten und H\u00f6hen. Ideal f\u00fcr B\u00fcros, Bildungseinrichtungen und \u00f6ffentliche Bereiche, f\u00fcr strukturierte, komfortable Sitzl\u00f6sungen im modernen Design.","og_url":"https:\/\/www.casala.com\/de\/produkt\/train-bench\/","og_site_name":"Casala Furniture","article_modified_time":"2026-03-13T10:57:24+00:00","og_image":[{"width":2048,"height":2048,"url":"https:\/\/www.casala.com\/wp-content\/uploads\/2025\/10\/casala-product-train-bench.jpg","type":"image\/jpeg"}],"twitter_card":"summary_large_image","twitter_misc":{"Est. reading time":"5 minutes"},"schema":{"@context":"https:\/\/schema.org","@graph":[{"@type":"WebPage","@id":"https:\/\/www.casala.com\/de\/produkt\/train-bench\/","url":"https:\/\/www.casala.com\/de\/produkt\/train-bench\/","name":"Casala Train Bench | Modulares Sitzprogramm \u00f6ffentliche Bereiche","isPartOf":{"@id":"https:\/\/www.casala.com\/de\/#website"},"primaryImageOfPage":{"@id":"https:\/\/www.casala.com\/de\/produkt\/train-bench\/#primaryimage"},"image":{"@id":"https:\/\/www.casala.com\/de\/produkt\/train-bench\/#primaryimage"},"thumbnailUrl":"https:\/\/www.casala.com\/wp-content\/uploads\/2025\/10\/casala-product-train-bench.jpg","datePublished":"2025-10-27T13:04:11+00:00","dateModified":"2026-03-13T10:57:24+00:00","description":"Die Casala Train Bench ist ein flexibles, modulares Sitzsystem mit verschiedenen Breiten und H\u00f6hen. Ideal f\u00fcr B\u00fcros, Bildungseinrichtungen und \u00f6ffentliche Bereiche, f\u00fcr strukturierte, komfortable Sitzl\u00f6sungen im modernen Design.","breadcrumb":{"@id":"https:\/\/www.casala.com\/de\/produkt\/train-bench\/#breadcrumb"},"inLanguage":"de","potentialAction":[{"@type":"ReadAction","target":["https:\/\/www.casala.com\/de\/produkt\/train-bench\/"]}]},{"@type":"ImageObject","inLanguage":"de","@id":"https:\/\/www.casala.com\/de\/produkt\/train-bench\/#primaryimage","url":"https:\/\/www.casala.com\/wp-content\/uploads\/2025\/10\/casala-product-train-bench.jpg","contentUrl":"https:\/\/www.casala.com\/wp-content\/uploads\/2025\/10\/casala-product-train-bench.jpg","width":2048,"height":2048},{"@type":"BreadcrumbList","@id":"https:\/\/www.casala.com\/de\/produkt\/train-bench\/#breadcrumb","itemListElement":[{"@type":"ListItem","position":1,"name":"Home","item":"https:\/\/www.casala.com\/de\/"},{"@type":"ListItem","position":2,"name":"Train Bench"}]},{"@type":"WebSite","@id":"https:\/\/www.casala.com\/de\/#website","url":"https:\/\/www.casala.com\/de\/","name":"Casala","description":"","alternateName":"Casala","potentialAction":[{"@type":"SearchAction","target":{"@type":"EntryPoint","urlTemplate":"https:\/\/www.casala.com\/de\/?s={search_term_string}"},"query-input":{"@type":"PropertyValueSpecification","valueRequired":true,"valueName":"search_term_string"}}],"inLanguage":"de"}]}},"_links":{"self":[{"href":"https:\/\/www.casala.com\/de\/wp-json\/wp\/v2\/product\/32258","targetHints":{"allow":["GET"]}}],"collection":[{"href":"https:\/\/www.casala.com\/de\/wp-json\/wp\/v2\/product"}],"about":[{"href":"https:\/\/www.casala.com\/de\/wp-json\/wp\/v2\/types\/product"}],"wp:featuredmedia":[{"embeddable":true,"href":"https:\/\/www.casala.com\/de\/wp-json\/wp\/v2\/media\/15596"}],"wp:attachment":[{"href":"https:\/\/www.casala.com\/de\/wp-json\/wp\/v2\/media?parent=32258"}],"wp:term":[{"taxonomy":"product_category","embeddable":true,"href":"https:\/\/www.casala.com\/de\/wp-json\/wp\/v2\/product_category?post=32258"},{"taxonomy":"product_sector","embeddable":true,"href":"https:\/\/www.casala.com\/de\/wp-json\/wp\/v2\/product_sector?post=32258"},{"taxonomy":"designer","embeddable":true,"href":"https:\/\/www.casala.com\/de\/wp-json\/wp\/v2\/designer?post=32258"}],"curies":[{"name":"wp","href":"https:\/\/api.w.org\/{rel}","templated":true}]}}