{"id":32252,"date":"2025-10-26T23:47:36","date_gmt":"2025-10-26T22:47:36","guid":{"rendered":"https:\/\/www.casala.com\/product\/temo\/"},"modified":"2026-03-12T15:47:48","modified_gmt":"2026-03-12T14:47:48","slug":"temo","status":"publish","type":"product","link":"https:\/\/www.casala.com\/de\/produkt\/temo\/","title":{"rendered":"Temo"},"content":{"rendered":"","protected":false},"featured_media":15580,"template":"","product_category":[510],"product_sector":[511,487],"designer":[412],"class_list":["post-32252","product","type-product","status-publish","has-post-thumbnail","hentry","product_category-tische","product_sector-konferenzen","product_sector-office","designer-kressel-schelle"],"acf":[],"yoast_head":"<!-- This site is optimized with the Yoast SEO plugin v27.1.1 - https:\/\/yoast.com\/product\/yoast-seo-wordpress\/ -->\n<title>Casala Temo | Tisch programm f\u00fcr B\u00fcros und Konferenzzentren<\/title>\n<meta name=\"description\" content=\"Der Casala Temo Tisch ist als feste Version, als Klapptisch und in Konfigurationen erh\u00e4ltlich und eignet sich ideal f\u00fcr B\u00fcros: Besprechungsr\u00e4ume, Vorstandszimmer, Schulungsr\u00e4ume, Konferenzzentren, Boardrooms und andere B\u00fcroumgebungen.\" \/>\n<meta name=\"robots\" content=\"index, follow, max-snippet:-1, max-image-preview:large, max-video-preview:-1\" \/>\n<link rel=\"canonical\" href=\"https:\/\/www.casala.com\/de\/produkt\/temo\/\" \/>\n<meta property=\"og:locale\" content=\"de_DE\" \/>\n<meta property=\"og:type\" content=\"article\" \/>\n<meta property=\"og:title\" content=\"Casala Temo | Tisch programm f\u00fcr B\u00fcros und Konferenzzentren\" \/>\n<meta property=\"og:description\" content=\"Der Casala Temo Tisch ist als feste Version, als Klapptisch und in Konfigurationen erh\u00e4ltlich und eignet sich ideal f\u00fcr B\u00fcros: Besprechungsr\u00e4ume, Vorstandszimmer, Schulungsr\u00e4ume, Konferenzzentren, Boardrooms und andere B\u00fcroumgebungen.\" \/>\n<meta property=\"og:url\" content=\"https:\/\/www.casala.com\/de\/produkt\/temo\/\" \/>\n<meta property=\"og:site_name\" content=\"Casala Furniture\" \/>\n<meta property=\"article:modified_time\" content=\"2026-03-12T14:47:48+00:00\" \/>\n<meta property=\"og:image\" content=\"https:\/\/www.casala.com\/wp-content\/uploads\/2025\/10\/casala-product-temo.jpg\" \/>\n\t<meta property=\"og:image:width\" content=\"2048\" \/>\n\t<meta property=\"og:image:height\" content=\"2048\" \/>\n\t<meta property=\"og:image:type\" content=\"image\/jpeg\" \/>\n<meta name=\"twitter:card\" content=\"summary_large_image\" \/>\n<meta name=\"twitter:label1\" content=\"Est. reading time\" \/>\n\t<meta name=\"twitter:data1\" content=\"8 minutes\" \/>\n<script type=\"application\/ld+json\" class=\"yoast-schema-graph\">{\"@context\":\"https:\/\/schema.org\",\"@graph\":[{\"@type\":\"WebPage\",\"@id\":\"https:\/\/www.casala.com\/de\/produkt\/temo\/\",\"url\":\"https:\/\/www.casala.com\/de\/produkt\/temo\/\",\"name\":\"Casala Temo | Tisch programm f\u00fcr B\u00fcros und Konferenzzentren\",\"isPartOf\":{\"@id\":\"https:\/\/www.casala.com\/de\/#website\"},\"primaryImageOfPage\":{\"@id\":\"https:\/\/www.casala.com\/de\/produkt\/temo\/#primaryimage\"},\"image\":{\"@id\":\"https:\/\/www.casala.com\/de\/produkt\/temo\/#primaryimage\"},\"thumbnailUrl\":\"https:\/\/www.casala.com\/wp-content\/uploads\/2025\/10\/casala-product-temo.jpg\",\"datePublished\":\"2025-10-26T22:47:36+00:00\",\"dateModified\":\"2026-03-12T14:47:48+00:00\",\"description\":\"Der Casala Temo Tisch ist als feste Version, als Klapptisch und in Konfigurationen erh\u00e4ltlich und eignet sich ideal f\u00fcr B\u00fcros: Besprechungsr\u00e4ume, Vorstandszimmer, Schulungsr\u00e4ume, Konferenzzentren, Boardrooms und andere B\u00fcroumgebungen.\",\"breadcrumb\":{\"@id\":\"https:\/\/www.casala.com\/de\/produkt\/temo\/#breadcrumb\"},\"inLanguage\":\"de\",\"potentialAction\":[{\"@type\":\"ReadAction\",\"target\":[\"https:\/\/www.casala.com\/de\/produkt\/temo\/\"]}]},{\"@type\":\"ImageObject\",\"inLanguage\":\"de\",\"@id\":\"https:\/\/www.casala.com\/de\/produkt\/temo\/#primaryimage\",\"url\":\"https:\/\/www.casala.com\/wp-content\/uploads\/2025\/10\/casala-product-temo.jpg\",\"contentUrl\":\"https:\/\/www.casala.com\/wp-content\/uploads\/2025\/10\/casala-product-temo.jpg\",\"width\":2048,\"height\":2048},{\"@type\":\"BreadcrumbList\",\"@id\":\"https:\/\/www.casala.com\/de\/produkt\/temo\/#breadcrumb\",\"itemListElement\":[{\"@type\":\"ListItem\",\"position\":1,\"name\":\"Home\",\"item\":\"https:\/\/www.casala.com\/de\/\"},{\"@type\":\"ListItem\",\"position\":2,\"name\":\"Temo\"}]},{\"@type\":\"WebSite\",\"@id\":\"https:\/\/www.casala.com\/de\/#website\",\"url\":\"https:\/\/www.casala.com\/de\/\",\"name\":\"Casala\",\"description\":\"\",\"alternateName\":\"Casala\",\"potentialAction\":[{\"@type\":\"SearchAction\",\"target\":{\"@type\":\"EntryPoint\",\"urlTemplate\":\"https:\/\/www.casala.com\/de\/?s={search_term_string}\"},\"query-input\":{\"@type\":\"PropertyValueSpecification\",\"valueRequired\":true,\"valueName\":\"search_term_string\"}}],\"inLanguage\":\"de\"}]}<\/script>\n<!-- \/ Yoast SEO plugin. -->","yoast_head_json":{"title":"Casala Temo | Tisch programm f\u00fcr B\u00fcros und Konferenzzentren","description":"Der Casala Temo Tisch ist als feste Version, als Klapptisch und in Konfigurationen erh\u00e4ltlich und eignet sich ideal f\u00fcr B\u00fcros: Besprechungsr\u00e4ume, Vorstandszimmer, Schulungsr\u00e4ume, Konferenzzentren, Boardrooms und andere B\u00fcroumgebungen.","robots":{"index":"index","follow":"follow","max-snippet":"max-snippet:-1","max-image-preview":"max-image-preview:large","max-video-preview":"max-video-preview:-1"},"canonical":"https:\/\/www.casala.com\/de\/produkt\/temo\/","og_locale":"de_DE","og_type":"article","og_title":"Casala Temo | Tisch programm f\u00fcr B\u00fcros und Konferenzzentren","og_description":"Der Casala Temo Tisch ist als feste Version, als Klapptisch und in Konfigurationen erh\u00e4ltlich und eignet sich ideal f\u00fcr B\u00fcros: Besprechungsr\u00e4ume, Vorstandszimmer, Schulungsr\u00e4ume, Konferenzzentren, Boardrooms und andere B\u00fcroumgebungen.","og_url":"https:\/\/www.casala.com\/de\/produkt\/temo\/","og_site_name":"Casala Furniture","article_modified_time":"2026-03-12T14:47:48+00:00","og_image":[{"width":2048,"height":2048,"url":"https:\/\/www.casala.com\/wp-content\/uploads\/2025\/10\/casala-product-temo.jpg","type":"image\/jpeg"}],"twitter_card":"summary_large_image","twitter_misc":{"Est. reading time":"8 minutes"},"schema":{"@context":"https:\/\/schema.org","@graph":[{"@type":"WebPage","@id":"https:\/\/www.casala.com\/de\/produkt\/temo\/","url":"https:\/\/www.casala.com\/de\/produkt\/temo\/","name":"Casala Temo | Tisch programm f\u00fcr B\u00fcros und Konferenzzentren","isPartOf":{"@id":"https:\/\/www.casala.com\/de\/#website"},"primaryImageOfPage":{"@id":"https:\/\/www.casala.com\/de\/produkt\/temo\/#primaryimage"},"image":{"@id":"https:\/\/www.casala.com\/de\/produkt\/temo\/#primaryimage"},"thumbnailUrl":"https:\/\/www.casala.com\/wp-content\/uploads\/2025\/10\/casala-product-temo.jpg","datePublished":"2025-10-26T22:47:36+00:00","dateModified":"2026-03-12T14:47:48+00:00","description":"Der Casala Temo Tisch ist als feste Version, als Klapptisch und in Konfigurationen erh\u00e4ltlich und eignet sich ideal f\u00fcr B\u00fcros: Besprechungsr\u00e4ume, Vorstandszimmer, Schulungsr\u00e4ume, Konferenzzentren, Boardrooms und andere B\u00fcroumgebungen.","breadcrumb":{"@id":"https:\/\/www.casala.com\/de\/produkt\/temo\/#breadcrumb"},"inLanguage":"de","potentialAction":[{"@type":"ReadAction","target":["https:\/\/www.casala.com\/de\/produkt\/temo\/"]}]},{"@type":"ImageObject","inLanguage":"de","@id":"https:\/\/www.casala.com\/de\/produkt\/temo\/#primaryimage","url":"https:\/\/www.casala.com\/wp-content\/uploads\/2025\/10\/casala-product-temo.jpg","contentUrl":"https:\/\/www.casala.com\/wp-content\/uploads\/2025\/10\/casala-product-temo.jpg","width":2048,"height":2048},{"@type":"BreadcrumbList","@id":"https:\/\/www.casala.com\/de\/produkt\/temo\/#breadcrumb","itemListElement":[{"@type":"ListItem","position":1,"name":"Home","item":"https:\/\/www.casala.com\/de\/"},{"@type":"ListItem","position":2,"name":"Temo"}]},{"@type":"WebSite","@id":"https:\/\/www.casala.com\/de\/#website","url":"https:\/\/www.casala.com\/de\/","name":"Casala","description":"","alternateName":"Casala","potentialAction":[{"@type":"SearchAction","target":{"@type":"EntryPoint","urlTemplate":"https:\/\/www.casala.com\/de\/?s={search_term_string}"},"query-input":{"@type":"PropertyValueSpecification","valueRequired":true,"valueName":"search_term_string"}}],"inLanguage":"de"}]}},"_links":{"self":[{"href":"https:\/\/www.casala.com\/de\/wp-json\/wp\/v2\/product\/32252","targetHints":{"allow":["GET"]}}],"collection":[{"href":"https:\/\/www.casala.com\/de\/wp-json\/wp\/v2\/product"}],"about":[{"href":"https:\/\/www.casala.com\/de\/wp-json\/wp\/v2\/types\/product"}],"wp:featuredmedia":[{"embeddable":true,"href":"https:\/\/www.casala.com\/de\/wp-json\/wp\/v2\/media\/15580"}],"wp:attachment":[{"href":"https:\/\/www.casala.com\/de\/wp-json\/wp\/v2\/media?parent=32252"}],"wp:term":[{"taxonomy":"product_category","embeddable":true,"href":"https:\/\/www.casala.com\/de\/wp-json\/wp\/v2\/product_category?post=32252"},{"taxonomy":"product_sector","embeddable":true,"href":"https:\/\/www.casala.com\/de\/wp-json\/wp\/v2\/product_sector?post=32252"},{"taxonomy":"designer","embeddable":true,"href":"https:\/\/www.casala.com\/de\/wp-json\/wp\/v2\/designer?post=32252"}],"curies":[{"name":"wp","href":"https:\/\/api.w.org\/{rel}","templated":true}]}}