{"id":32249,"date":"2025-10-27T09:36:53","date_gmt":"2025-10-27T08:36:53","guid":{"rendered":"https:\/\/www.casala.com\/product\/temo-fliptop\/"},"modified":"2026-03-12T15:51:11","modified_gmt":"2026-03-12T14:51:11","slug":"temo-fliptop","status":"publish","type":"product","link":"https:\/\/www.casala.com\/de\/produkt\/temo-fliptop\/","title":{"rendered":"Temo Fliptop"},"content":{"rendered":"","protected":false},"featured_media":15584,"template":"","product_category":[510],"product_sector":[511,487],"designer":[412],"class_list":["post-32249","product","type-product","status-publish","has-post-thumbnail","hentry","product_category-tische","product_sector-konferenzen","product_sector-office","designer-kressel-schelle"],"acf":[],"yoast_head":"<!-- This site is optimized with the Yoast SEO plugin v27.1.1 - https:\/\/yoast.com\/product\/yoast-seo-wordpress\/ -->\n<title>Casala Temo Fliptop | Klappbarer, platzsparender Tisch<\/title>\n<meta name=\"description\" content=\"Der Casala Temo Fliptop Tisch ist f\u00fcr effizientes Raum-Management konzipiert. Mit Klappmechanismus und Rahmen mit Rollen f\u00fcr schnelle Aufstellung, kompakte Stapelung und einfache Lagerung. Ideal f\u00fcr flexible Besprechungs- und Trainingsbereiche.\" \/>\n<meta name=\"robots\" content=\"index, follow, max-snippet:-1, max-image-preview:large, max-video-preview:-1\" \/>\n<link rel=\"canonical\" href=\"https:\/\/www.casala.com\/de\/produkt\/temo-fliptop\/\" \/>\n<meta property=\"og:locale\" content=\"de_DE\" \/>\n<meta property=\"og:type\" content=\"article\" \/>\n<meta property=\"og:title\" content=\"Casala Temo Fliptop | Klappbarer, platzsparender Tisch\" \/>\n<meta property=\"og:description\" content=\"Der Casala Temo Fliptop Tisch ist f\u00fcr effizientes Raum-Management konzipiert. Mit Klappmechanismus und Rahmen mit Rollen f\u00fcr schnelle Aufstellung, kompakte Stapelung und einfache Lagerung. Ideal f\u00fcr flexible Besprechungs- und Trainingsbereiche.\" \/>\n<meta property=\"og:url\" content=\"https:\/\/www.casala.com\/de\/produkt\/temo-fliptop\/\" \/>\n<meta property=\"og:site_name\" content=\"Casala Furniture\" \/>\n<meta property=\"article:modified_time\" content=\"2026-03-12T14:51:11+00:00\" \/>\n<meta property=\"og:image\" content=\"https:\/\/www.casala.com\/wp-content\/uploads\/2025\/10\/casala-product-temo-fliptop.jpg\" \/>\n\t<meta property=\"og:image:width\" content=\"2048\" \/>\n\t<meta property=\"og:image:height\" content=\"2048\" \/>\n\t<meta property=\"og:image:type\" content=\"image\/jpeg\" \/>\n<meta name=\"twitter:card\" content=\"summary_large_image\" \/>\n<meta name=\"twitter:label1\" content=\"Est. reading time\" \/>\n\t<meta name=\"twitter:data1\" content=\"6 minutes\" \/>\n<script type=\"application\/ld+json\" class=\"yoast-schema-graph\">{\"@context\":\"https:\/\/schema.org\",\"@graph\":[{\"@type\":\"WebPage\",\"@id\":\"https:\/\/www.casala.com\/de\/produkt\/temo-fliptop\/\",\"url\":\"https:\/\/www.casala.com\/de\/produkt\/temo-fliptop\/\",\"name\":\"Casala Temo Fliptop | Klappbarer, platzsparender Tisch\",\"isPartOf\":{\"@id\":\"https:\/\/www.casala.com\/de\/#website\"},\"primaryImageOfPage\":{\"@id\":\"https:\/\/www.casala.com\/de\/produkt\/temo-fliptop\/#primaryimage\"},\"image\":{\"@id\":\"https:\/\/www.casala.com\/de\/produkt\/temo-fliptop\/#primaryimage\"},\"thumbnailUrl\":\"https:\/\/www.casala.com\/wp-content\/uploads\/2025\/10\/casala-product-temo-fliptop.jpg\",\"datePublished\":\"2025-10-27T08:36:53+00:00\",\"dateModified\":\"2026-03-12T14:51:11+00:00\",\"description\":\"Der Casala Temo Fliptop Tisch ist f\u00fcr effizientes Raum-Management konzipiert. Mit Klappmechanismus und Rahmen mit Rollen f\u00fcr schnelle Aufstellung, kompakte Stapelung und einfache Lagerung. Ideal f\u00fcr flexible Besprechungs- und Trainingsbereiche.\",\"breadcrumb\":{\"@id\":\"https:\/\/www.casala.com\/de\/produkt\/temo-fliptop\/#breadcrumb\"},\"inLanguage\":\"de\",\"potentialAction\":[{\"@type\":\"ReadAction\",\"target\":[\"https:\/\/www.casala.com\/de\/produkt\/temo-fliptop\/\"]}]},{\"@type\":\"ImageObject\",\"inLanguage\":\"de\",\"@id\":\"https:\/\/www.casala.com\/de\/produkt\/temo-fliptop\/#primaryimage\",\"url\":\"https:\/\/www.casala.com\/wp-content\/uploads\/2025\/10\/casala-product-temo-fliptop.jpg\",\"contentUrl\":\"https:\/\/www.casala.com\/wp-content\/uploads\/2025\/10\/casala-product-temo-fliptop.jpg\",\"width\":2048,\"height\":2048},{\"@type\":\"BreadcrumbList\",\"@id\":\"https:\/\/www.casala.com\/de\/produkt\/temo-fliptop\/#breadcrumb\",\"itemListElement\":[{\"@type\":\"ListItem\",\"position\":1,\"name\":\"Home\",\"item\":\"https:\/\/www.casala.com\/de\/\"},{\"@type\":\"ListItem\",\"position\":2,\"name\":\"Temo Fliptop\"}]},{\"@type\":\"WebSite\",\"@id\":\"https:\/\/www.casala.com\/de\/#website\",\"url\":\"https:\/\/www.casala.com\/de\/\",\"name\":\"Casala\",\"description\":\"\",\"alternateName\":\"Casala\",\"potentialAction\":[{\"@type\":\"SearchAction\",\"target\":{\"@type\":\"EntryPoint\",\"urlTemplate\":\"https:\/\/www.casala.com\/de\/?s={search_term_string}\"},\"query-input\":{\"@type\":\"PropertyValueSpecification\",\"valueRequired\":true,\"valueName\":\"search_term_string\"}}],\"inLanguage\":\"de\"}]}<\/script>\n<!-- \/ Yoast SEO plugin. -->","yoast_head_json":{"title":"Casala Temo Fliptop | Klappbarer, platzsparender Tisch","description":"Der Casala Temo Fliptop Tisch ist f\u00fcr effizientes Raum-Management konzipiert. Mit Klappmechanismus und Rahmen mit Rollen f\u00fcr schnelle Aufstellung, kompakte Stapelung und einfache Lagerung. Ideal f\u00fcr flexible Besprechungs- und Trainingsbereiche.","robots":{"index":"index","follow":"follow","max-snippet":"max-snippet:-1","max-image-preview":"max-image-preview:large","max-video-preview":"max-video-preview:-1"},"canonical":"https:\/\/www.casala.com\/de\/produkt\/temo-fliptop\/","og_locale":"de_DE","og_type":"article","og_title":"Casala Temo Fliptop | Klappbarer, platzsparender Tisch","og_description":"Der Casala Temo Fliptop Tisch ist f\u00fcr effizientes Raum-Management konzipiert. Mit Klappmechanismus und Rahmen mit Rollen f\u00fcr schnelle Aufstellung, kompakte Stapelung und einfache Lagerung. Ideal f\u00fcr flexible Besprechungs- und Trainingsbereiche.","og_url":"https:\/\/www.casala.com\/de\/produkt\/temo-fliptop\/","og_site_name":"Casala Furniture","article_modified_time":"2026-03-12T14:51:11+00:00","og_image":[{"width":2048,"height":2048,"url":"https:\/\/www.casala.com\/wp-content\/uploads\/2025\/10\/casala-product-temo-fliptop.jpg","type":"image\/jpeg"}],"twitter_card":"summary_large_image","twitter_misc":{"Est. reading time":"6 minutes"},"schema":{"@context":"https:\/\/schema.org","@graph":[{"@type":"WebPage","@id":"https:\/\/www.casala.com\/de\/produkt\/temo-fliptop\/","url":"https:\/\/www.casala.com\/de\/produkt\/temo-fliptop\/","name":"Casala Temo Fliptop | Klappbarer, platzsparender Tisch","isPartOf":{"@id":"https:\/\/www.casala.com\/de\/#website"},"primaryImageOfPage":{"@id":"https:\/\/www.casala.com\/de\/produkt\/temo-fliptop\/#primaryimage"},"image":{"@id":"https:\/\/www.casala.com\/de\/produkt\/temo-fliptop\/#primaryimage"},"thumbnailUrl":"https:\/\/www.casala.com\/wp-content\/uploads\/2025\/10\/casala-product-temo-fliptop.jpg","datePublished":"2025-10-27T08:36:53+00:00","dateModified":"2026-03-12T14:51:11+00:00","description":"Der Casala Temo Fliptop Tisch ist f\u00fcr effizientes Raum-Management konzipiert. Mit Klappmechanismus und Rahmen mit Rollen f\u00fcr schnelle Aufstellung, kompakte Stapelung und einfache Lagerung. Ideal f\u00fcr flexible Besprechungs- und Trainingsbereiche.","breadcrumb":{"@id":"https:\/\/www.casala.com\/de\/produkt\/temo-fliptop\/#breadcrumb"},"inLanguage":"de","potentialAction":[{"@type":"ReadAction","target":["https:\/\/www.casala.com\/de\/produkt\/temo-fliptop\/"]}]},{"@type":"ImageObject","inLanguage":"de","@id":"https:\/\/www.casala.com\/de\/produkt\/temo-fliptop\/#primaryimage","url":"https:\/\/www.casala.com\/wp-content\/uploads\/2025\/10\/casala-product-temo-fliptop.jpg","contentUrl":"https:\/\/www.casala.com\/wp-content\/uploads\/2025\/10\/casala-product-temo-fliptop.jpg","width":2048,"height":2048},{"@type":"BreadcrumbList","@id":"https:\/\/www.casala.com\/de\/produkt\/temo-fliptop\/#breadcrumb","itemListElement":[{"@type":"ListItem","position":1,"name":"Home","item":"https:\/\/www.casala.com\/de\/"},{"@type":"ListItem","position":2,"name":"Temo Fliptop"}]},{"@type":"WebSite","@id":"https:\/\/www.casala.com\/de\/#website","url":"https:\/\/www.casala.com\/de\/","name":"Casala","description":"","alternateName":"Casala","potentialAction":[{"@type":"SearchAction","target":{"@type":"EntryPoint","urlTemplate":"https:\/\/www.casala.com\/de\/?s={search_term_string}"},"query-input":{"@type":"PropertyValueSpecification","valueRequired":true,"valueName":"search_term_string"}}],"inLanguage":"de"}]}},"_links":{"self":[{"href":"https:\/\/www.casala.com\/de\/wp-json\/wp\/v2\/product\/32249","targetHints":{"allow":["GET"]}}],"collection":[{"href":"https:\/\/www.casala.com\/de\/wp-json\/wp\/v2\/product"}],"about":[{"href":"https:\/\/www.casala.com\/de\/wp-json\/wp\/v2\/types\/product"}],"wp:featuredmedia":[{"embeddable":true,"href":"https:\/\/www.casala.com\/de\/wp-json\/wp\/v2\/media\/15584"}],"wp:attachment":[{"href":"https:\/\/www.casala.com\/de\/wp-json\/wp\/v2\/media?parent=32249"}],"wp:term":[{"taxonomy":"product_category","embeddable":true,"href":"https:\/\/www.casala.com\/de\/wp-json\/wp\/v2\/product_category?post=32249"},{"taxonomy":"product_sector","embeddable":true,"href":"https:\/\/www.casala.com\/de\/wp-json\/wp\/v2\/product_sector?post=32249"},{"taxonomy":"designer","embeddable":true,"href":"https:\/\/www.casala.com\/de\/wp-json\/wp\/v2\/designer?post=32249"}],"curies":[{"name":"wp","href":"https:\/\/api.w.org\/{rel}","templated":true}]}}