{"id":32246,"date":"2025-10-27T09:57:39","date_gmt":"2025-10-27T08:57:39","guid":{"rendered":"https:\/\/www.casala.com\/product\/temo-iii-iv\/"},"modified":"2026-03-12T15:54:48","modified_gmt":"2026-03-12T14:54:48","slug":"temo-iii-iv","status":"publish","type":"product","link":"https:\/\/www.casala.com\/de\/produkt\/temo-iii-iv\/","title":{"rendered":"Temo III-IV"},"content":{"rendered":"","protected":false},"featured_media":15588,"template":"","product_category":[510],"product_sector":[511,487,497],"designer":[412],"class_list":["post-32246","product","type-product","status-publish","has-post-thumbnail","hentry","product_category-tische","product_sector-konferenzen","product_sector-office","product_sector-hospitality","designer-kressel-schelle"],"acf":[],"yoast_head":"<!-- This site is optimized with the Yoast SEO plugin v27.1.1 - https:\/\/yoast.com\/product\/yoast-seo-wordpress\/ -->\n<title>Casala Temo III\u2013IV | Elegante Kaffee- und Stehtische f\u00fcr flexible R\u00e4ume<\/title>\n<meta name=\"description\" content=\"Die Casala Temo III\u2013IV Tische bieten elegante Kaffee- und Stehtische f\u00fcr B\u00fcro- und Hospitality-Interieurs. Erh\u00e4ltlich mit 3- oder 4-Bein-Rahmen, klappbare, stapelbare Stehtische f\u00fcr flexible, platzsparende Layouts.\" \/>\n<meta name=\"robots\" content=\"index, follow, max-snippet:-1, max-image-preview:large, max-video-preview:-1\" \/>\n<link rel=\"canonical\" href=\"https:\/\/www.casala.com\/de\/produkt\/temo-iii-iv\/\" \/>\n<meta property=\"og:locale\" content=\"de_DE\" \/>\n<meta property=\"og:type\" content=\"article\" \/>\n<meta property=\"og:title\" content=\"Casala Temo III\u2013IV | Elegante Kaffee- und Stehtische f\u00fcr flexible R\u00e4ume\" \/>\n<meta property=\"og:description\" content=\"Die Casala Temo III\u2013IV Tische bieten elegante Kaffee- und Stehtische f\u00fcr B\u00fcro- und Hospitality-Interieurs. Erh\u00e4ltlich mit 3- oder 4-Bein-Rahmen, klappbare, stapelbare Stehtische f\u00fcr flexible, platzsparende Layouts.\" \/>\n<meta property=\"og:url\" content=\"https:\/\/www.casala.com\/de\/produkt\/temo-iii-iv\/\" \/>\n<meta property=\"og:site_name\" content=\"Casala Furniture\" \/>\n<meta property=\"article:modified_time\" content=\"2026-03-12T14:54:48+00:00\" \/>\n<meta property=\"og:image\" content=\"https:\/\/www.casala.com\/wp-content\/uploads\/2025\/10\/casala-product-temo-iii-iv.jpg\" \/>\n\t<meta property=\"og:image:width\" content=\"2560\" \/>\n\t<meta property=\"og:image:height\" content=\"1440\" \/>\n\t<meta property=\"og:image:type\" content=\"image\/jpeg\" \/>\n<meta name=\"twitter:card\" content=\"summary_large_image\" \/>\n<meta name=\"twitter:label1\" content=\"Est. reading time\" \/>\n\t<meta name=\"twitter:data1\" content=\"4 minutes\" \/>\n<script type=\"application\/ld+json\" class=\"yoast-schema-graph\">{\"@context\":\"https:\/\/schema.org\",\"@graph\":[{\"@type\":\"WebPage\",\"@id\":\"https:\/\/www.casala.com\/de\/produkt\/temo-iii-iv\/\",\"url\":\"https:\/\/www.casala.com\/de\/produkt\/temo-iii-iv\/\",\"name\":\"Casala Temo III\u2013IV | Elegante Kaffee- und Stehtische f\u00fcr flexible R\u00e4ume\",\"isPartOf\":{\"@id\":\"https:\/\/www.casala.com\/de\/#website\"},\"primaryImageOfPage\":{\"@id\":\"https:\/\/www.casala.com\/de\/produkt\/temo-iii-iv\/#primaryimage\"},\"image\":{\"@id\":\"https:\/\/www.casala.com\/de\/produkt\/temo-iii-iv\/#primaryimage\"},\"thumbnailUrl\":\"https:\/\/www.casala.com\/wp-content\/uploads\/2025\/10\/casala-product-temo-iii-iv.jpg\",\"datePublished\":\"2025-10-27T08:57:39+00:00\",\"dateModified\":\"2026-03-12T14:54:48+00:00\",\"description\":\"Die Casala Temo III\u2013IV Tische bieten elegante Kaffee- und Stehtische f\u00fcr B\u00fcro- und Hospitality-Interieurs. Erh\u00e4ltlich mit 3- oder 4-Bein-Rahmen, klappbare, stapelbare Stehtische f\u00fcr flexible, platzsparende Layouts.\",\"breadcrumb\":{\"@id\":\"https:\/\/www.casala.com\/de\/produkt\/temo-iii-iv\/#breadcrumb\"},\"inLanguage\":\"de\",\"potentialAction\":[{\"@type\":\"ReadAction\",\"target\":[\"https:\/\/www.casala.com\/de\/produkt\/temo-iii-iv\/\"]}]},{\"@type\":\"ImageObject\",\"inLanguage\":\"de\",\"@id\":\"https:\/\/www.casala.com\/de\/produkt\/temo-iii-iv\/#primaryimage\",\"url\":\"https:\/\/www.casala.com\/wp-content\/uploads\/2025\/10\/casala-product-temo-iii-iv.jpg\",\"contentUrl\":\"https:\/\/www.casala.com\/wp-content\/uploads\/2025\/10\/casala-product-temo-iii-iv.jpg\",\"width\":2560,\"height\":1440},{\"@type\":\"BreadcrumbList\",\"@id\":\"https:\/\/www.casala.com\/de\/produkt\/temo-iii-iv\/#breadcrumb\",\"itemListElement\":[{\"@type\":\"ListItem\",\"position\":1,\"name\":\"Home\",\"item\":\"https:\/\/www.casala.com\/de\/\"},{\"@type\":\"ListItem\",\"position\":2,\"name\":\"Temo III-IV\"}]},{\"@type\":\"WebSite\",\"@id\":\"https:\/\/www.casala.com\/de\/#website\",\"url\":\"https:\/\/www.casala.com\/de\/\",\"name\":\"Casala\",\"description\":\"\",\"alternateName\":\"Casala\",\"potentialAction\":[{\"@type\":\"SearchAction\",\"target\":{\"@type\":\"EntryPoint\",\"urlTemplate\":\"https:\/\/www.casala.com\/de\/?s={search_term_string}\"},\"query-input\":{\"@type\":\"PropertyValueSpecification\",\"valueRequired\":true,\"valueName\":\"search_term_string\"}}],\"inLanguage\":\"de\"}]}<\/script>\n<!-- \/ Yoast SEO plugin. -->","yoast_head_json":{"title":"Casala Temo III\u2013IV | Elegante Kaffee- und Stehtische f\u00fcr flexible R\u00e4ume","description":"Die Casala Temo III\u2013IV Tische bieten elegante Kaffee- und Stehtische f\u00fcr B\u00fcro- und Hospitality-Interieurs. Erh\u00e4ltlich mit 3- oder 4-Bein-Rahmen, klappbare, stapelbare Stehtische f\u00fcr flexible, platzsparende Layouts.","robots":{"index":"index","follow":"follow","max-snippet":"max-snippet:-1","max-image-preview":"max-image-preview:large","max-video-preview":"max-video-preview:-1"},"canonical":"https:\/\/www.casala.com\/de\/produkt\/temo-iii-iv\/","og_locale":"de_DE","og_type":"article","og_title":"Casala Temo III\u2013IV | Elegante Kaffee- und Stehtische f\u00fcr flexible R\u00e4ume","og_description":"Die Casala Temo III\u2013IV Tische bieten elegante Kaffee- und Stehtische f\u00fcr B\u00fcro- und Hospitality-Interieurs. Erh\u00e4ltlich mit 3- oder 4-Bein-Rahmen, klappbare, stapelbare Stehtische f\u00fcr flexible, platzsparende Layouts.","og_url":"https:\/\/www.casala.com\/de\/produkt\/temo-iii-iv\/","og_site_name":"Casala Furniture","article_modified_time":"2026-03-12T14:54:48+00:00","og_image":[{"width":2560,"height":1440,"url":"https:\/\/www.casala.com\/wp-content\/uploads\/2025\/10\/casala-product-temo-iii-iv.jpg","type":"image\/jpeg"}],"twitter_card":"summary_large_image","twitter_misc":{"Est. reading time":"4 minutes"},"schema":{"@context":"https:\/\/schema.org","@graph":[{"@type":"WebPage","@id":"https:\/\/www.casala.com\/de\/produkt\/temo-iii-iv\/","url":"https:\/\/www.casala.com\/de\/produkt\/temo-iii-iv\/","name":"Casala Temo III\u2013IV | Elegante Kaffee- und Stehtische f\u00fcr flexible R\u00e4ume","isPartOf":{"@id":"https:\/\/www.casala.com\/de\/#website"},"primaryImageOfPage":{"@id":"https:\/\/www.casala.com\/de\/produkt\/temo-iii-iv\/#primaryimage"},"image":{"@id":"https:\/\/www.casala.com\/de\/produkt\/temo-iii-iv\/#primaryimage"},"thumbnailUrl":"https:\/\/www.casala.com\/wp-content\/uploads\/2025\/10\/casala-product-temo-iii-iv.jpg","datePublished":"2025-10-27T08:57:39+00:00","dateModified":"2026-03-12T14:54:48+00:00","description":"Die Casala Temo III\u2013IV Tische bieten elegante Kaffee- und Stehtische f\u00fcr B\u00fcro- und Hospitality-Interieurs. Erh\u00e4ltlich mit 3- oder 4-Bein-Rahmen, klappbare, stapelbare Stehtische f\u00fcr flexible, platzsparende Layouts.","breadcrumb":{"@id":"https:\/\/www.casala.com\/de\/produkt\/temo-iii-iv\/#breadcrumb"},"inLanguage":"de","potentialAction":[{"@type":"ReadAction","target":["https:\/\/www.casala.com\/de\/produkt\/temo-iii-iv\/"]}]},{"@type":"ImageObject","inLanguage":"de","@id":"https:\/\/www.casala.com\/de\/produkt\/temo-iii-iv\/#primaryimage","url":"https:\/\/www.casala.com\/wp-content\/uploads\/2025\/10\/casala-product-temo-iii-iv.jpg","contentUrl":"https:\/\/www.casala.com\/wp-content\/uploads\/2025\/10\/casala-product-temo-iii-iv.jpg","width":2560,"height":1440},{"@type":"BreadcrumbList","@id":"https:\/\/www.casala.com\/de\/produkt\/temo-iii-iv\/#breadcrumb","itemListElement":[{"@type":"ListItem","position":1,"name":"Home","item":"https:\/\/www.casala.com\/de\/"},{"@type":"ListItem","position":2,"name":"Temo III-IV"}]},{"@type":"WebSite","@id":"https:\/\/www.casala.com\/de\/#website","url":"https:\/\/www.casala.com\/de\/","name":"Casala","description":"","alternateName":"Casala","potentialAction":[{"@type":"SearchAction","target":{"@type":"EntryPoint","urlTemplate":"https:\/\/www.casala.com\/de\/?s={search_term_string}"},"query-input":{"@type":"PropertyValueSpecification","valueRequired":true,"valueName":"search_term_string"}}],"inLanguage":"de"}]}},"_links":{"self":[{"href":"https:\/\/www.casala.com\/de\/wp-json\/wp\/v2\/product\/32246","targetHints":{"allow":["GET"]}}],"collection":[{"href":"https:\/\/www.casala.com\/de\/wp-json\/wp\/v2\/product"}],"about":[{"href":"https:\/\/www.casala.com\/de\/wp-json\/wp\/v2\/types\/product"}],"wp:featuredmedia":[{"embeddable":true,"href":"https:\/\/www.casala.com\/de\/wp-json\/wp\/v2\/media\/15588"}],"wp:attachment":[{"href":"https:\/\/www.casala.com\/de\/wp-json\/wp\/v2\/media?parent=32246"}],"wp:term":[{"taxonomy":"product_category","embeddable":true,"href":"https:\/\/www.casala.com\/de\/wp-json\/wp\/v2\/product_category?post=32246"},{"taxonomy":"product_sector","embeddable":true,"href":"https:\/\/www.casala.com\/de\/wp-json\/wp\/v2\/product_sector?post=32246"},{"taxonomy":"designer","embeddable":true,"href":"https:\/\/www.casala.com\/de\/wp-json\/wp\/v2\/designer?post=32246"}],"curies":[{"name":"wp","href":"https:\/\/api.w.org\/{rel}","templated":true}]}}