{"id":32219,"date":"2025-10-23T19:03:47","date_gmt":"2025-10-23T18:03:47","guid":{"rendered":"https:\/\/www.casala.com\/product\/senna-table\/"},"modified":"2026-03-27T10:19:43","modified_gmt":"2026-03-27T09:19:43","slug":"senna-tisch","status":"publish","type":"product","link":"https:\/\/www.casala.com\/de\/produkt\/senna-tisch\/","title":{"rendered":"Senna Tisch"},"content":{"rendered":"","protected":false},"featured_media":15555,"template":"","product_category":[510],"product_sector":[183,487,497],"designer":[427],"class_list":["post-32219","product","type-product","status-publish","has-post-thumbnail","hentry","product_category-tische","product_sector-bildung","product_sector-office","product_sector-hospitality","designer-pablo-regano"],"acf":[],"yoast_head":"<!-- This site is optimized with the Yoast SEO plugin v27.1.1 - https:\/\/yoast.com\/product\/yoast-seo-wordpress\/ -->\n<title>Casala Senna Tisch | Programm mit passendem Stuhl &amp; Barhocker<\/title>\n<meta name=\"description\" content=\"Der Casala Senna Tisch ist eine stilvolle M\u00f6bell\u00f6sung f\u00fcr jede Gesch\u00e4ftseinrichtung \u2013 von informellen Gespr\u00e4chen am Stehtisch bis zum Mittagessen im Betriebsrestaurant. Besonders in Kombination mit dem Senna Stuhl und dem Senna Barhocker in derselben Formensprache.\" \/>\n<meta name=\"robots\" content=\"index, follow, max-snippet:-1, max-image-preview:large, max-video-preview:-1\" \/>\n<link rel=\"canonical\" href=\"https:\/\/www.casala.com\/de\/produkt\/senna-tisch\/\" \/>\n<meta property=\"og:locale\" content=\"de_DE\" \/>\n<meta property=\"og:type\" content=\"article\" \/>\n<meta property=\"og:title\" content=\"Casala Senna Tisch | Programm mit passendem Stuhl &amp; Barhocker\" \/>\n<meta property=\"og:description\" content=\"Der Casala Senna Tisch ist eine stilvolle M\u00f6bell\u00f6sung f\u00fcr jede Gesch\u00e4ftseinrichtung \u2013 von informellen Gespr\u00e4chen am Stehtisch bis zum Mittagessen im Betriebsrestaurant. Besonders in Kombination mit dem Senna Stuhl und dem Senna Barhocker in derselben Formensprache.\" \/>\n<meta property=\"og:url\" content=\"https:\/\/www.casala.com\/de\/produkt\/senna-tisch\/\" \/>\n<meta property=\"og:site_name\" content=\"Casala Furniture\" \/>\n<meta property=\"article:modified_time\" content=\"2026-03-27T09:19:43+00:00\" \/>\n<meta property=\"og:image\" content=\"https:\/\/www.casala.com\/wp-content\/uploads\/2025\/10\/casala-product-senna-table.jpg\" \/>\n\t<meta property=\"og:image:width\" content=\"2048\" \/>\n\t<meta property=\"og:image:height\" content=\"2048\" \/>\n\t<meta property=\"og:image:type\" content=\"image\/jpeg\" \/>\n<meta name=\"twitter:card\" content=\"summary_large_image\" \/>\n<meta name=\"twitter:label1\" content=\"Est. reading time\" \/>\n\t<meta name=\"twitter:data1\" content=\"7 minutes\" \/>\n<script type=\"application\/ld+json\" class=\"yoast-schema-graph\">{\"@context\":\"https:\/\/schema.org\",\"@graph\":[{\"@type\":\"WebPage\",\"@id\":\"https:\/\/www.casala.com\/de\/produkt\/senna-tisch\/\",\"url\":\"https:\/\/www.casala.com\/de\/produkt\/senna-tisch\/\",\"name\":\"Casala Senna Tisch | Programm mit passendem Stuhl & Barhocker\",\"isPartOf\":{\"@id\":\"https:\/\/www.casala.com\/de\/#website\"},\"primaryImageOfPage\":{\"@id\":\"https:\/\/www.casala.com\/de\/produkt\/senna-tisch\/#primaryimage\"},\"image\":{\"@id\":\"https:\/\/www.casala.com\/de\/produkt\/senna-tisch\/#primaryimage\"},\"thumbnailUrl\":\"https:\/\/www.casala.com\/wp-content\/uploads\/2025\/10\/casala-product-senna-table.jpg\",\"datePublished\":\"2025-10-23T18:03:47+00:00\",\"dateModified\":\"2026-03-27T09:19:43+00:00\",\"description\":\"Der Casala Senna Tisch ist eine stilvolle M\u00f6bell\u00f6sung f\u00fcr jede Gesch\u00e4ftseinrichtung \u2013 von informellen Gespr\u00e4chen am Stehtisch bis zum Mittagessen im Betriebsrestaurant. Besonders in Kombination mit dem Senna Stuhl und dem Senna Barhocker in derselben Formensprache.\",\"breadcrumb\":{\"@id\":\"https:\/\/www.casala.com\/de\/produkt\/senna-tisch\/#breadcrumb\"},\"inLanguage\":\"de\",\"potentialAction\":[{\"@type\":\"ReadAction\",\"target\":[\"https:\/\/www.casala.com\/de\/produkt\/senna-tisch\/\"]}]},{\"@type\":\"ImageObject\",\"inLanguage\":\"de\",\"@id\":\"https:\/\/www.casala.com\/de\/produkt\/senna-tisch\/#primaryimage\",\"url\":\"https:\/\/www.casala.com\/wp-content\/uploads\/2025\/10\/casala-product-senna-table.jpg\",\"contentUrl\":\"https:\/\/www.casala.com\/wp-content\/uploads\/2025\/10\/casala-product-senna-table.jpg\",\"width\":2048,\"height\":2048},{\"@type\":\"BreadcrumbList\",\"@id\":\"https:\/\/www.casala.com\/de\/produkt\/senna-tisch\/#breadcrumb\",\"itemListElement\":[{\"@type\":\"ListItem\",\"position\":1,\"name\":\"Home\",\"item\":\"https:\/\/www.casala.com\/de\/\"},{\"@type\":\"ListItem\",\"position\":2,\"name\":\"Senna Tisch\"}]},{\"@type\":\"WebSite\",\"@id\":\"https:\/\/www.casala.com\/de\/#website\",\"url\":\"https:\/\/www.casala.com\/de\/\",\"name\":\"Casala\",\"description\":\"\",\"alternateName\":\"Casala\",\"potentialAction\":[{\"@type\":\"SearchAction\",\"target\":{\"@type\":\"EntryPoint\",\"urlTemplate\":\"https:\/\/www.casala.com\/de\/?s={search_term_string}\"},\"query-input\":{\"@type\":\"PropertyValueSpecification\",\"valueRequired\":true,\"valueName\":\"search_term_string\"}}],\"inLanguage\":\"de\"}]}<\/script>\n<!-- \/ Yoast SEO plugin. -->","yoast_head_json":{"title":"Casala Senna Tisch | Programm mit passendem Stuhl & Barhocker","description":"Der Casala Senna Tisch ist eine stilvolle M\u00f6bell\u00f6sung f\u00fcr jede Gesch\u00e4ftseinrichtung \u2013 von informellen Gespr\u00e4chen am Stehtisch bis zum Mittagessen im Betriebsrestaurant. Besonders in Kombination mit dem Senna Stuhl und dem Senna Barhocker in derselben Formensprache.","robots":{"index":"index","follow":"follow","max-snippet":"max-snippet:-1","max-image-preview":"max-image-preview:large","max-video-preview":"max-video-preview:-1"},"canonical":"https:\/\/www.casala.com\/de\/produkt\/senna-tisch\/","og_locale":"de_DE","og_type":"article","og_title":"Casala Senna Tisch | Programm mit passendem Stuhl & Barhocker","og_description":"Der Casala Senna Tisch ist eine stilvolle M\u00f6bell\u00f6sung f\u00fcr jede Gesch\u00e4ftseinrichtung \u2013 von informellen Gespr\u00e4chen am Stehtisch bis zum Mittagessen im Betriebsrestaurant. Besonders in Kombination mit dem Senna Stuhl und dem Senna Barhocker in derselben Formensprache.","og_url":"https:\/\/www.casala.com\/de\/produkt\/senna-tisch\/","og_site_name":"Casala Furniture","article_modified_time":"2026-03-27T09:19:43+00:00","og_image":[{"width":2048,"height":2048,"url":"https:\/\/www.casala.com\/wp-content\/uploads\/2025\/10\/casala-product-senna-table.jpg","type":"image\/jpeg"}],"twitter_card":"summary_large_image","twitter_misc":{"Est. reading time":"7 minutes"},"schema":{"@context":"https:\/\/schema.org","@graph":[{"@type":"WebPage","@id":"https:\/\/www.casala.com\/de\/produkt\/senna-tisch\/","url":"https:\/\/www.casala.com\/de\/produkt\/senna-tisch\/","name":"Casala Senna Tisch | Programm mit passendem Stuhl & Barhocker","isPartOf":{"@id":"https:\/\/www.casala.com\/de\/#website"},"primaryImageOfPage":{"@id":"https:\/\/www.casala.com\/de\/produkt\/senna-tisch\/#primaryimage"},"image":{"@id":"https:\/\/www.casala.com\/de\/produkt\/senna-tisch\/#primaryimage"},"thumbnailUrl":"https:\/\/www.casala.com\/wp-content\/uploads\/2025\/10\/casala-product-senna-table.jpg","datePublished":"2025-10-23T18:03:47+00:00","dateModified":"2026-03-27T09:19:43+00:00","description":"Der Casala Senna Tisch ist eine stilvolle M\u00f6bell\u00f6sung f\u00fcr jede Gesch\u00e4ftseinrichtung \u2013 von informellen Gespr\u00e4chen am Stehtisch bis zum Mittagessen im Betriebsrestaurant. Besonders in Kombination mit dem Senna Stuhl und dem Senna Barhocker in derselben Formensprache.","breadcrumb":{"@id":"https:\/\/www.casala.com\/de\/produkt\/senna-tisch\/#breadcrumb"},"inLanguage":"de","potentialAction":[{"@type":"ReadAction","target":["https:\/\/www.casala.com\/de\/produkt\/senna-tisch\/"]}]},{"@type":"ImageObject","inLanguage":"de","@id":"https:\/\/www.casala.com\/de\/produkt\/senna-tisch\/#primaryimage","url":"https:\/\/www.casala.com\/wp-content\/uploads\/2025\/10\/casala-product-senna-table.jpg","contentUrl":"https:\/\/www.casala.com\/wp-content\/uploads\/2025\/10\/casala-product-senna-table.jpg","width":2048,"height":2048},{"@type":"BreadcrumbList","@id":"https:\/\/www.casala.com\/de\/produkt\/senna-tisch\/#breadcrumb","itemListElement":[{"@type":"ListItem","position":1,"name":"Home","item":"https:\/\/www.casala.com\/de\/"},{"@type":"ListItem","position":2,"name":"Senna Tisch"}]},{"@type":"WebSite","@id":"https:\/\/www.casala.com\/de\/#website","url":"https:\/\/www.casala.com\/de\/","name":"Casala","description":"","alternateName":"Casala","potentialAction":[{"@type":"SearchAction","target":{"@type":"EntryPoint","urlTemplate":"https:\/\/www.casala.com\/de\/?s={search_term_string}"},"query-input":{"@type":"PropertyValueSpecification","valueRequired":true,"valueName":"search_term_string"}}],"inLanguage":"de"}]}},"_links":{"self":[{"href":"https:\/\/www.casala.com\/de\/wp-json\/wp\/v2\/product\/32219","targetHints":{"allow":["GET"]}}],"collection":[{"href":"https:\/\/www.casala.com\/de\/wp-json\/wp\/v2\/product"}],"about":[{"href":"https:\/\/www.casala.com\/de\/wp-json\/wp\/v2\/types\/product"}],"wp:featuredmedia":[{"embeddable":true,"href":"https:\/\/www.casala.com\/de\/wp-json\/wp\/v2\/media\/15555"}],"wp:attachment":[{"href":"https:\/\/www.casala.com\/de\/wp-json\/wp\/v2\/media?parent=32219"}],"wp:term":[{"taxonomy":"product_category","embeddable":true,"href":"https:\/\/www.casala.com\/de\/wp-json\/wp\/v2\/product_category?post=32219"},{"taxonomy":"product_sector","embeddable":true,"href":"https:\/\/www.casala.com\/de\/wp-json\/wp\/v2\/product_sector?post=32219"},{"taxonomy":"designer","embeddable":true,"href":"https:\/\/www.casala.com\/de\/wp-json\/wp\/v2\/designer?post=32219"}],"curies":[{"name":"wp","href":"https:\/\/api.w.org\/{rel}","templated":true}]}}