{"id":32204,"date":"2025-10-23T14:55:50","date_gmt":"2025-10-23T13:55:50","guid":{"rendered":"https:\/\/www.casala.com\/product\/parker-vi\/"},"modified":"2026-03-11T10:27:41","modified_gmt":"2026-03-11T09:27:41","slug":"parker-vi","status":"publish","type":"product","link":"https:\/\/www.casala.com\/de\/produkt\/parker-vi\/","title":{"rendered":"Parker VI"},"content":{"rendered":"","protected":false},"featured_media":15485,"template":"","product_category":[181],"product_sector":[511,487],"designer":[412],"class_list":["post-32204","product","type-product","status-publish","has-post-thumbnail","hentry","product_category-stuehle","product_sector-konferenzen","product_sector-office","designer-kressel-schelle"],"acf":[],"yoast_head":"<!-- This site is optimized with the Yoast SEO plugin v27.1.1 - https:\/\/yoast.com\/product\/yoast-seo-wordpress\/ -->\n<title>Casala Parker VI | komplett gepolsterter Stuhl mit Kreuzgestell<\/title>\n<meta name=\"description\" content=\"Der Parker VI ist ein vollst\u00e4ndig gepolsterter Stuhl mit Kreuzgestell, wahlweise mit oder ohne Rollen, optional mit H\u00f6henverstellung, Kippfunktion und R\u00fcckstellmechanismus. Ideal f\u00fcr Vorstandsr\u00e4ume, Arbeitspl\u00e4tze und Chefetagen.\" \/>\n<meta name=\"robots\" content=\"index, follow, max-snippet:-1, max-image-preview:large, max-video-preview:-1\" \/>\n<link rel=\"canonical\" href=\"https:\/\/www.casala.com\/de\/produkt\/parker-vi\/\" \/>\n<meta property=\"og:locale\" content=\"de_DE\" \/>\n<meta property=\"og:type\" content=\"article\" \/>\n<meta property=\"og:title\" content=\"Casala Parker VI | komplett gepolsterter Stuhl mit Kreuzgestell\" \/>\n<meta property=\"og:description\" content=\"Der Parker VI ist ein vollst\u00e4ndig gepolsterter Stuhl mit Kreuzgestell, wahlweise mit oder ohne Rollen, optional mit H\u00f6henverstellung, Kippfunktion und R\u00fcckstellmechanismus. Ideal f\u00fcr Vorstandsr\u00e4ume, Arbeitspl\u00e4tze und Chefetagen.\" \/>\n<meta property=\"og:url\" content=\"https:\/\/www.casala.com\/de\/produkt\/parker-vi\/\" \/>\n<meta property=\"og:site_name\" content=\"Casala Furniture\" \/>\n<meta property=\"article:modified_time\" content=\"2026-03-11T09:27:41+00:00\" \/>\n<meta property=\"og:image\" content=\"https:\/\/www.casala.com\/wp-content\/uploads\/2025\/10\/casala-product-parker-vi.jpg\" \/>\n\t<meta property=\"og:image:width\" content=\"2048\" \/>\n\t<meta property=\"og:image:height\" content=\"2048\" \/>\n\t<meta property=\"og:image:type\" content=\"image\/jpeg\" \/>\n<meta name=\"twitter:card\" content=\"summary_large_image\" \/>\n<meta name=\"twitter:label1\" content=\"Est. reading time\" \/>\n\t<meta name=\"twitter:data1\" content=\"5 minutes\" \/>\n<script type=\"application\/ld+json\" class=\"yoast-schema-graph\">{\"@context\":\"https:\/\/schema.org\",\"@graph\":[{\"@type\":\"WebPage\",\"@id\":\"https:\/\/www.casala.com\/de\/produkt\/parker-vi\/\",\"url\":\"https:\/\/www.casala.com\/de\/produkt\/parker-vi\/\",\"name\":\"Casala Parker VI | komplett gepolsterter Stuhl mit Kreuzgestell\",\"isPartOf\":{\"@id\":\"https:\/\/www.casala.com\/de\/#website\"},\"primaryImageOfPage\":{\"@id\":\"https:\/\/www.casala.com\/de\/produkt\/parker-vi\/#primaryimage\"},\"image\":{\"@id\":\"https:\/\/www.casala.com\/de\/produkt\/parker-vi\/#primaryimage\"},\"thumbnailUrl\":\"https:\/\/www.casala.com\/wp-content\/uploads\/2025\/10\/casala-product-parker-vi.jpg\",\"datePublished\":\"2025-10-23T13:55:50+00:00\",\"dateModified\":\"2026-03-11T09:27:41+00:00\",\"description\":\"Der Parker VI ist ein vollst\u00e4ndig gepolsterter Stuhl mit Kreuzgestell, wahlweise mit oder ohne Rollen, optional mit H\u00f6henverstellung, Kippfunktion und R\u00fcckstellmechanismus. Ideal f\u00fcr Vorstandsr\u00e4ume, Arbeitspl\u00e4tze und Chefetagen.\",\"breadcrumb\":{\"@id\":\"https:\/\/www.casala.com\/de\/produkt\/parker-vi\/#breadcrumb\"},\"inLanguage\":\"de\",\"potentialAction\":[{\"@type\":\"ReadAction\",\"target\":[\"https:\/\/www.casala.com\/de\/produkt\/parker-vi\/\"]}]},{\"@type\":\"ImageObject\",\"inLanguage\":\"de\",\"@id\":\"https:\/\/www.casala.com\/de\/produkt\/parker-vi\/#primaryimage\",\"url\":\"https:\/\/www.casala.com\/wp-content\/uploads\/2025\/10\/casala-product-parker-vi.jpg\",\"contentUrl\":\"https:\/\/www.casala.com\/wp-content\/uploads\/2025\/10\/casala-product-parker-vi.jpg\",\"width\":2048,\"height\":2048},{\"@type\":\"BreadcrumbList\",\"@id\":\"https:\/\/www.casala.com\/de\/produkt\/parker-vi\/#breadcrumb\",\"itemListElement\":[{\"@type\":\"ListItem\",\"position\":1,\"name\":\"Home\",\"item\":\"https:\/\/www.casala.com\/de\/\"},{\"@type\":\"ListItem\",\"position\":2,\"name\":\"Parker VI\"}]},{\"@type\":\"WebSite\",\"@id\":\"https:\/\/www.casala.com\/de\/#website\",\"url\":\"https:\/\/www.casala.com\/de\/\",\"name\":\"Casala\",\"description\":\"\",\"alternateName\":\"Casala\",\"potentialAction\":[{\"@type\":\"SearchAction\",\"target\":{\"@type\":\"EntryPoint\",\"urlTemplate\":\"https:\/\/www.casala.com\/de\/?s={search_term_string}\"},\"query-input\":{\"@type\":\"PropertyValueSpecification\",\"valueRequired\":true,\"valueName\":\"search_term_string\"}}],\"inLanguage\":\"de\"}]}<\/script>\n<!-- \/ Yoast SEO plugin. -->","yoast_head_json":{"title":"Casala Parker VI | komplett gepolsterter Stuhl mit Kreuzgestell","description":"Der Parker VI ist ein vollst\u00e4ndig gepolsterter Stuhl mit Kreuzgestell, wahlweise mit oder ohne Rollen, optional mit H\u00f6henverstellung, Kippfunktion und R\u00fcckstellmechanismus. Ideal f\u00fcr Vorstandsr\u00e4ume, Arbeitspl\u00e4tze und Chefetagen.","robots":{"index":"index","follow":"follow","max-snippet":"max-snippet:-1","max-image-preview":"max-image-preview:large","max-video-preview":"max-video-preview:-1"},"canonical":"https:\/\/www.casala.com\/de\/produkt\/parker-vi\/","og_locale":"de_DE","og_type":"article","og_title":"Casala Parker VI | komplett gepolsterter Stuhl mit Kreuzgestell","og_description":"Der Parker VI ist ein vollst\u00e4ndig gepolsterter Stuhl mit Kreuzgestell, wahlweise mit oder ohne Rollen, optional mit H\u00f6henverstellung, Kippfunktion und R\u00fcckstellmechanismus. Ideal f\u00fcr Vorstandsr\u00e4ume, Arbeitspl\u00e4tze und Chefetagen.","og_url":"https:\/\/www.casala.com\/de\/produkt\/parker-vi\/","og_site_name":"Casala Furniture","article_modified_time":"2026-03-11T09:27:41+00:00","og_image":[{"width":2048,"height":2048,"url":"https:\/\/www.casala.com\/wp-content\/uploads\/2025\/10\/casala-product-parker-vi.jpg","type":"image\/jpeg"}],"twitter_card":"summary_large_image","twitter_misc":{"Est. reading time":"5 minutes"},"schema":{"@context":"https:\/\/schema.org","@graph":[{"@type":"WebPage","@id":"https:\/\/www.casala.com\/de\/produkt\/parker-vi\/","url":"https:\/\/www.casala.com\/de\/produkt\/parker-vi\/","name":"Casala Parker VI | komplett gepolsterter Stuhl mit Kreuzgestell","isPartOf":{"@id":"https:\/\/www.casala.com\/de\/#website"},"primaryImageOfPage":{"@id":"https:\/\/www.casala.com\/de\/produkt\/parker-vi\/#primaryimage"},"image":{"@id":"https:\/\/www.casala.com\/de\/produkt\/parker-vi\/#primaryimage"},"thumbnailUrl":"https:\/\/www.casala.com\/wp-content\/uploads\/2025\/10\/casala-product-parker-vi.jpg","datePublished":"2025-10-23T13:55:50+00:00","dateModified":"2026-03-11T09:27:41+00:00","description":"Der Parker VI ist ein vollst\u00e4ndig gepolsterter Stuhl mit Kreuzgestell, wahlweise mit oder ohne Rollen, optional mit H\u00f6henverstellung, Kippfunktion und R\u00fcckstellmechanismus. Ideal f\u00fcr Vorstandsr\u00e4ume, Arbeitspl\u00e4tze und Chefetagen.","breadcrumb":{"@id":"https:\/\/www.casala.com\/de\/produkt\/parker-vi\/#breadcrumb"},"inLanguage":"de","potentialAction":[{"@type":"ReadAction","target":["https:\/\/www.casala.com\/de\/produkt\/parker-vi\/"]}]},{"@type":"ImageObject","inLanguage":"de","@id":"https:\/\/www.casala.com\/de\/produkt\/parker-vi\/#primaryimage","url":"https:\/\/www.casala.com\/wp-content\/uploads\/2025\/10\/casala-product-parker-vi.jpg","contentUrl":"https:\/\/www.casala.com\/wp-content\/uploads\/2025\/10\/casala-product-parker-vi.jpg","width":2048,"height":2048},{"@type":"BreadcrumbList","@id":"https:\/\/www.casala.com\/de\/produkt\/parker-vi\/#breadcrumb","itemListElement":[{"@type":"ListItem","position":1,"name":"Home","item":"https:\/\/www.casala.com\/de\/"},{"@type":"ListItem","position":2,"name":"Parker VI"}]},{"@type":"WebSite","@id":"https:\/\/www.casala.com\/de\/#website","url":"https:\/\/www.casala.com\/de\/","name":"Casala","description":"","alternateName":"Casala","potentialAction":[{"@type":"SearchAction","target":{"@type":"EntryPoint","urlTemplate":"https:\/\/www.casala.com\/de\/?s={search_term_string}"},"query-input":{"@type":"PropertyValueSpecification","valueRequired":true,"valueName":"search_term_string"}}],"inLanguage":"de"}]}},"_links":{"self":[{"href":"https:\/\/www.casala.com\/de\/wp-json\/wp\/v2\/product\/32204","targetHints":{"allow":["GET"]}}],"collection":[{"href":"https:\/\/www.casala.com\/de\/wp-json\/wp\/v2\/product"}],"about":[{"href":"https:\/\/www.casala.com\/de\/wp-json\/wp\/v2\/types\/product"}],"wp:featuredmedia":[{"embeddable":true,"href":"https:\/\/www.casala.com\/de\/wp-json\/wp\/v2\/media\/15485"}],"wp:attachment":[{"href":"https:\/\/www.casala.com\/de\/wp-json\/wp\/v2\/media?parent=32204"}],"wp:term":[{"taxonomy":"product_category","embeddable":true,"href":"https:\/\/www.casala.com\/de\/wp-json\/wp\/v2\/product_category?post=32204"},{"taxonomy":"product_sector","embeddable":true,"href":"https:\/\/www.casala.com\/de\/wp-json\/wp\/v2\/product_sector?post=32204"},{"taxonomy":"designer","embeddable":true,"href":"https:\/\/www.casala.com\/de\/wp-json\/wp\/v2\/designer?post=32204"}],"curies":[{"name":"wp","href":"https:\/\/api.w.org\/{rel}","templated":true}]}}