{"id":32174,"date":"2025-10-20T14:13:39","date_gmt":"2025-10-20T13:13:39","guid":{"rendered":"https:\/\/www.casala.com\/product\/omega-iii\/"},"modified":"2026-03-10T14:05:41","modified_gmt":"2026-03-10T13:05:41","slug":"omega-iii","status":"publish","type":"product","link":"https:\/\/www.casala.com\/de\/produkt\/omega-iii\/","title":{"rendered":"Omega III"},"content":{"rendered":"","protected":false},"featured_media":15421,"template":"","product_category":[181],"product_sector":[511,185,183],"designer":[386],"class_list":["post-32174","product","type-product","status-publish","has-post-thumbnail","hentry","product_category-stuehle","product_sector-konferenzen","product_sector-gesundheitswesen","product_sector-bildung","designer-favaretto-partners"],"acf":[],"yoast_head":"<!-- This site is optimized with the Yoast SEO plugin v27.1.1 - https:\/\/yoast.com\/product\/yoast-seo-wordpress\/ -->\n<title>Casala Omega III | preisgekr\u00f6nter Stuhl, Filzschale recyceltem PET<\/title>\n<meta name=\"description\" content=\"Der preisgekr\u00f6nte Casala Omega III Stuhl mit Vierfu\u00dfgestell verf\u00fcgt \u00fcber eine Filzschale aus recyceltem PET und ist in sechs Farben erh\u00e4ltlich. Omega III wurde mit dem German Design Award 2024 in der Kategorie \u201eExcellent Product Design\u201c ausgezeichnet.\" \/>\n<meta name=\"robots\" content=\"index, follow, max-snippet:-1, max-image-preview:large, max-video-preview:-1\" \/>\n<link rel=\"canonical\" href=\"https:\/\/www.casala.com\/de\/produkt\/omega-iii\/\" \/>\n<meta property=\"og:locale\" content=\"de_DE\" \/>\n<meta property=\"og:type\" content=\"article\" \/>\n<meta property=\"og:title\" content=\"Casala Omega III | preisgekr\u00f6nter Stuhl, Filzschale recyceltem PET\" \/>\n<meta property=\"og:description\" content=\"Der preisgekr\u00f6nte Casala Omega III Stuhl mit Vierfu\u00dfgestell verf\u00fcgt \u00fcber eine Filzschale aus recyceltem PET und ist in sechs Farben erh\u00e4ltlich. Omega III wurde mit dem German Design Award 2024 in der Kategorie \u201eExcellent Product Design\u201c ausgezeichnet.\" \/>\n<meta property=\"og:url\" content=\"https:\/\/www.casala.com\/de\/produkt\/omega-iii\/\" \/>\n<meta property=\"og:site_name\" content=\"Casala Furniture\" \/>\n<meta property=\"article:modified_time\" content=\"2026-03-10T13:05:41+00:00\" \/>\n<meta property=\"og:image\" content=\"https:\/\/www.casala.com\/wp-content\/uploads\/2025\/10\/casala-product-omega-iii-1.jpg\" \/>\n\t<meta property=\"og:image:width\" content=\"1024\" \/>\n\t<meta property=\"og:image:height\" content=\"1024\" \/>\n\t<meta property=\"og:image:type\" content=\"image\/jpeg\" \/>\n<meta name=\"twitter:card\" content=\"summary_large_image\" \/>\n<meta name=\"twitter:label1\" content=\"Est. reading time\" \/>\n\t<meta name=\"twitter:data1\" content=\"8 minutes\" \/>\n<script type=\"application\/ld+json\" class=\"yoast-schema-graph\">{\"@context\":\"https:\/\/schema.org\",\"@graph\":[{\"@type\":\"WebPage\",\"@id\":\"https:\/\/www.casala.com\/de\/produkt\/omega-iii\/\",\"url\":\"https:\/\/www.casala.com\/de\/produkt\/omega-iii\/\",\"name\":\"Casala Omega III | preisgekr\u00f6nter Stuhl, Filzschale recyceltem PET\",\"isPartOf\":{\"@id\":\"https:\/\/www.casala.com\/de\/#website\"},\"primaryImageOfPage\":{\"@id\":\"https:\/\/www.casala.com\/de\/produkt\/omega-iii\/#primaryimage\"},\"image\":{\"@id\":\"https:\/\/www.casala.com\/de\/produkt\/omega-iii\/#primaryimage\"},\"thumbnailUrl\":\"https:\/\/www.casala.com\/wp-content\/uploads\/2025\/10\/casala-product-omega-iii-1.jpg\",\"datePublished\":\"2025-10-20T13:13:39+00:00\",\"dateModified\":\"2026-03-10T13:05:41+00:00\",\"description\":\"Der preisgekr\u00f6nte Casala Omega III Stuhl mit Vierfu\u00dfgestell verf\u00fcgt \u00fcber eine Filzschale aus recyceltem PET und ist in sechs Farben erh\u00e4ltlich. Omega III wurde mit dem German Design Award 2024 in der Kategorie \u201eExcellent Product Design\u201c ausgezeichnet.\",\"breadcrumb\":{\"@id\":\"https:\/\/www.casala.com\/de\/produkt\/omega-iii\/#breadcrumb\"},\"inLanguage\":\"de\",\"potentialAction\":[{\"@type\":\"ReadAction\",\"target\":[\"https:\/\/www.casala.com\/de\/produkt\/omega-iii\/\"]}]},{\"@type\":\"ImageObject\",\"inLanguage\":\"de\",\"@id\":\"https:\/\/www.casala.com\/de\/produkt\/omega-iii\/#primaryimage\",\"url\":\"https:\/\/www.casala.com\/wp-content\/uploads\/2025\/10\/casala-product-omega-iii-1.jpg\",\"contentUrl\":\"https:\/\/www.casala.com\/wp-content\/uploads\/2025\/10\/casala-product-omega-iii-1.jpg\",\"width\":1024,\"height\":1024},{\"@type\":\"BreadcrumbList\",\"@id\":\"https:\/\/www.casala.com\/de\/produkt\/omega-iii\/#breadcrumb\",\"itemListElement\":[{\"@type\":\"ListItem\",\"position\":1,\"name\":\"Home\",\"item\":\"https:\/\/www.casala.com\/de\/\"},{\"@type\":\"ListItem\",\"position\":2,\"name\":\"Omega III\"}]},{\"@type\":\"WebSite\",\"@id\":\"https:\/\/www.casala.com\/de\/#website\",\"url\":\"https:\/\/www.casala.com\/de\/\",\"name\":\"Casala\",\"description\":\"\",\"alternateName\":\"Casala\",\"potentialAction\":[{\"@type\":\"SearchAction\",\"target\":{\"@type\":\"EntryPoint\",\"urlTemplate\":\"https:\/\/www.casala.com\/de\/?s={search_term_string}\"},\"query-input\":{\"@type\":\"PropertyValueSpecification\",\"valueRequired\":true,\"valueName\":\"search_term_string\"}}],\"inLanguage\":\"de\"}]}<\/script>\n<!-- \/ Yoast SEO plugin. -->","yoast_head_json":{"title":"Casala Omega III | preisgekr\u00f6nter Stuhl, Filzschale recyceltem PET","description":"Der preisgekr\u00f6nte Casala Omega III Stuhl mit Vierfu\u00dfgestell verf\u00fcgt \u00fcber eine Filzschale aus recyceltem PET und ist in sechs Farben erh\u00e4ltlich. Omega III wurde mit dem German Design Award 2024 in der Kategorie \u201eExcellent Product Design\u201c ausgezeichnet.","robots":{"index":"index","follow":"follow","max-snippet":"max-snippet:-1","max-image-preview":"max-image-preview:large","max-video-preview":"max-video-preview:-1"},"canonical":"https:\/\/www.casala.com\/de\/produkt\/omega-iii\/","og_locale":"de_DE","og_type":"article","og_title":"Casala Omega III | preisgekr\u00f6nter Stuhl, Filzschale recyceltem PET","og_description":"Der preisgekr\u00f6nte Casala Omega III Stuhl mit Vierfu\u00dfgestell verf\u00fcgt \u00fcber eine Filzschale aus recyceltem PET und ist in sechs Farben erh\u00e4ltlich. Omega III wurde mit dem German Design Award 2024 in der Kategorie \u201eExcellent Product Design\u201c ausgezeichnet.","og_url":"https:\/\/www.casala.com\/de\/produkt\/omega-iii\/","og_site_name":"Casala Furniture","article_modified_time":"2026-03-10T13:05:41+00:00","og_image":[{"width":1024,"height":1024,"url":"https:\/\/www.casala.com\/wp-content\/uploads\/2025\/10\/casala-product-omega-iii-1.jpg","type":"image\/jpeg"}],"twitter_card":"summary_large_image","twitter_misc":{"Est. reading time":"8 minutes"},"schema":{"@context":"https:\/\/schema.org","@graph":[{"@type":"WebPage","@id":"https:\/\/www.casala.com\/de\/produkt\/omega-iii\/","url":"https:\/\/www.casala.com\/de\/produkt\/omega-iii\/","name":"Casala Omega III | preisgekr\u00f6nter Stuhl, Filzschale recyceltem PET","isPartOf":{"@id":"https:\/\/www.casala.com\/de\/#website"},"primaryImageOfPage":{"@id":"https:\/\/www.casala.com\/de\/produkt\/omega-iii\/#primaryimage"},"image":{"@id":"https:\/\/www.casala.com\/de\/produkt\/omega-iii\/#primaryimage"},"thumbnailUrl":"https:\/\/www.casala.com\/wp-content\/uploads\/2025\/10\/casala-product-omega-iii-1.jpg","datePublished":"2025-10-20T13:13:39+00:00","dateModified":"2026-03-10T13:05:41+00:00","description":"Der preisgekr\u00f6nte Casala Omega III Stuhl mit Vierfu\u00dfgestell verf\u00fcgt \u00fcber eine Filzschale aus recyceltem PET und ist in sechs Farben erh\u00e4ltlich. Omega III wurde mit dem German Design Award 2024 in der Kategorie \u201eExcellent Product Design\u201c ausgezeichnet.","breadcrumb":{"@id":"https:\/\/www.casala.com\/de\/produkt\/omega-iii\/#breadcrumb"},"inLanguage":"de","potentialAction":[{"@type":"ReadAction","target":["https:\/\/www.casala.com\/de\/produkt\/omega-iii\/"]}]},{"@type":"ImageObject","inLanguage":"de","@id":"https:\/\/www.casala.com\/de\/produkt\/omega-iii\/#primaryimage","url":"https:\/\/www.casala.com\/wp-content\/uploads\/2025\/10\/casala-product-omega-iii-1.jpg","contentUrl":"https:\/\/www.casala.com\/wp-content\/uploads\/2025\/10\/casala-product-omega-iii-1.jpg","width":1024,"height":1024},{"@type":"BreadcrumbList","@id":"https:\/\/www.casala.com\/de\/produkt\/omega-iii\/#breadcrumb","itemListElement":[{"@type":"ListItem","position":1,"name":"Home","item":"https:\/\/www.casala.com\/de\/"},{"@type":"ListItem","position":2,"name":"Omega III"}]},{"@type":"WebSite","@id":"https:\/\/www.casala.com\/de\/#website","url":"https:\/\/www.casala.com\/de\/","name":"Casala","description":"","alternateName":"Casala","potentialAction":[{"@type":"SearchAction","target":{"@type":"EntryPoint","urlTemplate":"https:\/\/www.casala.com\/de\/?s={search_term_string}"},"query-input":{"@type":"PropertyValueSpecification","valueRequired":true,"valueName":"search_term_string"}}],"inLanguage":"de"}]}},"_links":{"self":[{"href":"https:\/\/www.casala.com\/de\/wp-json\/wp\/v2\/product\/32174","targetHints":{"allow":["GET"]}}],"collection":[{"href":"https:\/\/www.casala.com\/de\/wp-json\/wp\/v2\/product"}],"about":[{"href":"https:\/\/www.casala.com\/de\/wp-json\/wp\/v2\/types\/product"}],"wp:featuredmedia":[{"embeddable":true,"href":"https:\/\/www.casala.com\/de\/wp-json\/wp\/v2\/media\/15421"}],"wp:attachment":[{"href":"https:\/\/www.casala.com\/de\/wp-json\/wp\/v2\/media?parent=32174"}],"wp:term":[{"taxonomy":"product_category","embeddable":true,"href":"https:\/\/www.casala.com\/de\/wp-json\/wp\/v2\/product_category?post=32174"},{"taxonomy":"product_sector","embeddable":true,"href":"https:\/\/www.casala.com\/de\/wp-json\/wp\/v2\/product_sector?post=32174"},{"taxonomy":"designer","embeddable":true,"href":"https:\/\/www.casala.com\/de\/wp-json\/wp\/v2\/designer?post=32174"}],"curies":[{"name":"wp","href":"https:\/\/api.w.org\/{rel}","templated":true}]}}