{"id":30433,"date":"2025-08-13T10:30:31","date_gmt":"2025-08-13T09:30:31","guid":{"rendered":"https:\/\/www.casala.com\/product\/lacrosse-ii\/"},"modified":"2026-03-12T16:19:15","modified_gmt":"2026-03-12T15:19:15","slug":"lacrosse-ii","status":"publish","type":"product","link":"https:\/\/www.casala.com\/de\/produkt\/lacrosse-ii\/","title":{"rendered":"Lacrosse II"},"content":{"rendered":"","protected":false},"featured_media":9025,"template":"","product_category":[507,510],"product_sector":[511,185,183,487],"designer":[395],"class_list":["post-30433","product","type-product","status-publish","has-post-thumbnail","hentry","product_category-klapptische","product_category-tische","product_sector-konferenzen","product_sector-gesundheitswesen","product_sector-bildung","product_sector-office","designer-jens-korte"],"acf":[],"yoast_head":"<!-- This site is optimized with the Yoast SEO plugin v27.1.1 - https:\/\/yoast.com\/product\/yoast-seo-wordpress\/ -->\n<title>Casala Lacrosse II | Tisch und Klapptisch f\u00fcr flexible R\u00e4ume<\/title>\n<meta name=\"description\" content=\"Der Casala Lacrosse II stapelbare Tisch bzw. Klapptisch l\u00e4sst sich schnell zusammenklappen und kann platzsparend auf einem Transportwagen transportiert und gelagert werden. Ideal f\u00fcr flexible R\u00e4ume.\" \/>\n<meta name=\"robots\" content=\"index, follow, max-snippet:-1, max-image-preview:large, max-video-preview:-1\" \/>\n<link rel=\"canonical\" href=\"https:\/\/www.casala.com\/de\/produkt\/lacrosse-ii\/\" \/>\n<meta property=\"og:locale\" content=\"de_DE\" \/>\n<meta property=\"og:type\" content=\"article\" \/>\n<meta property=\"og:title\" content=\"Casala Lacrosse II | Tisch und Klapptisch f\u00fcr flexible R\u00e4ume\" \/>\n<meta property=\"og:description\" content=\"Der Casala Lacrosse II stapelbare Tisch bzw. Klapptisch l\u00e4sst sich schnell zusammenklappen und kann platzsparend auf einem Transportwagen transportiert und gelagert werden. Ideal f\u00fcr flexible R\u00e4ume.\" \/>\n<meta property=\"og:url\" content=\"https:\/\/www.casala.com\/de\/produkt\/lacrosse-ii\/\" \/>\n<meta property=\"og:site_name\" content=\"Casala Furniture\" \/>\n<meta property=\"article:modified_time\" content=\"2026-03-12T15:19:15+00:00\" \/>\n<meta property=\"og:image\" content=\"https:\/\/www.casala.com\/wp-content\/uploads\/2025\/08\/casala-product-lacrosse-ii-1.jpg\" \/>\n\t<meta property=\"og:image:width\" content=\"1024\" \/>\n\t<meta property=\"og:image:height\" content=\"1024\" \/>\n\t<meta property=\"og:image:type\" content=\"image\/jpeg\" \/>\n<meta name=\"twitter:card\" content=\"summary_large_image\" \/>\n<meta name=\"twitter:label1\" content=\"Est. reading time\" \/>\n\t<meta name=\"twitter:data1\" content=\"7 minutes\" \/>\n<script type=\"application\/ld+json\" class=\"yoast-schema-graph\">{\"@context\":\"https:\/\/schema.org\",\"@graph\":[{\"@type\":\"WebPage\",\"@id\":\"https:\/\/www.casala.com\/de\/produkt\/lacrosse-ii\/\",\"url\":\"https:\/\/www.casala.com\/de\/produkt\/lacrosse-ii\/\",\"name\":\"Casala Lacrosse II | Tisch und Klapptisch f\u00fcr flexible R\u00e4ume\",\"isPartOf\":{\"@id\":\"https:\/\/www.casala.com\/de\/#website\"},\"primaryImageOfPage\":{\"@id\":\"https:\/\/www.casala.com\/de\/produkt\/lacrosse-ii\/#primaryimage\"},\"image\":{\"@id\":\"https:\/\/www.casala.com\/de\/produkt\/lacrosse-ii\/#primaryimage\"},\"thumbnailUrl\":\"https:\/\/www.casala.com\/wp-content\/uploads\/2025\/08\/casala-product-lacrosse-ii-1.jpg\",\"datePublished\":\"2025-08-13T09:30:31+00:00\",\"dateModified\":\"2026-03-12T15:19:15+00:00\",\"description\":\"Der Casala Lacrosse II stapelbare Tisch bzw. Klapptisch l\u00e4sst sich schnell zusammenklappen und kann platzsparend auf einem Transportwagen transportiert und gelagert werden. Ideal f\u00fcr flexible R\u00e4ume.\",\"breadcrumb\":{\"@id\":\"https:\/\/www.casala.com\/de\/produkt\/lacrosse-ii\/#breadcrumb\"},\"inLanguage\":\"de\",\"potentialAction\":[{\"@type\":\"ReadAction\",\"target\":[\"https:\/\/www.casala.com\/de\/produkt\/lacrosse-ii\/\"]}]},{\"@type\":\"ImageObject\",\"inLanguage\":\"de\",\"@id\":\"https:\/\/www.casala.com\/de\/produkt\/lacrosse-ii\/#primaryimage\",\"url\":\"https:\/\/www.casala.com\/wp-content\/uploads\/2025\/08\/casala-product-lacrosse-ii-1.jpg\",\"contentUrl\":\"https:\/\/www.casala.com\/wp-content\/uploads\/2025\/08\/casala-product-lacrosse-ii-1.jpg\",\"width\":1024,\"height\":1024},{\"@type\":\"BreadcrumbList\",\"@id\":\"https:\/\/www.casala.com\/de\/produkt\/lacrosse-ii\/#breadcrumb\",\"itemListElement\":[{\"@type\":\"ListItem\",\"position\":1,\"name\":\"Home\",\"item\":\"https:\/\/www.casala.com\/de\/\"},{\"@type\":\"ListItem\",\"position\":2,\"name\":\"Lacrosse II\"}]},{\"@type\":\"WebSite\",\"@id\":\"https:\/\/www.casala.com\/de\/#website\",\"url\":\"https:\/\/www.casala.com\/de\/\",\"name\":\"Casala\",\"description\":\"\",\"alternateName\":\"Casala\",\"potentialAction\":[{\"@type\":\"SearchAction\",\"target\":{\"@type\":\"EntryPoint\",\"urlTemplate\":\"https:\/\/www.casala.com\/de\/?s={search_term_string}\"},\"query-input\":{\"@type\":\"PropertyValueSpecification\",\"valueRequired\":true,\"valueName\":\"search_term_string\"}}],\"inLanguage\":\"de\"}]}<\/script>\n<!-- \/ Yoast SEO plugin. -->","yoast_head_json":{"title":"Casala Lacrosse II | Tisch und Klapptisch f\u00fcr flexible R\u00e4ume","description":"Der Casala Lacrosse II stapelbare Tisch bzw. Klapptisch l\u00e4sst sich schnell zusammenklappen und kann platzsparend auf einem Transportwagen transportiert und gelagert werden. Ideal f\u00fcr flexible R\u00e4ume.","robots":{"index":"index","follow":"follow","max-snippet":"max-snippet:-1","max-image-preview":"max-image-preview:large","max-video-preview":"max-video-preview:-1"},"canonical":"https:\/\/www.casala.com\/de\/produkt\/lacrosse-ii\/","og_locale":"de_DE","og_type":"article","og_title":"Casala Lacrosse II | Tisch und Klapptisch f\u00fcr flexible R\u00e4ume","og_description":"Der Casala Lacrosse II stapelbare Tisch bzw. Klapptisch l\u00e4sst sich schnell zusammenklappen und kann platzsparend auf einem Transportwagen transportiert und gelagert werden. Ideal f\u00fcr flexible R\u00e4ume.","og_url":"https:\/\/www.casala.com\/de\/produkt\/lacrosse-ii\/","og_site_name":"Casala Furniture","article_modified_time":"2026-03-12T15:19:15+00:00","og_image":[{"width":1024,"height":1024,"url":"https:\/\/www.casala.com\/wp-content\/uploads\/2025\/08\/casala-product-lacrosse-ii-1.jpg","type":"image\/jpeg"}],"twitter_card":"summary_large_image","twitter_misc":{"Est. reading time":"7 minutes"},"schema":{"@context":"https:\/\/schema.org","@graph":[{"@type":"WebPage","@id":"https:\/\/www.casala.com\/de\/produkt\/lacrosse-ii\/","url":"https:\/\/www.casala.com\/de\/produkt\/lacrosse-ii\/","name":"Casala Lacrosse II | Tisch und Klapptisch f\u00fcr flexible R\u00e4ume","isPartOf":{"@id":"https:\/\/www.casala.com\/de\/#website"},"primaryImageOfPage":{"@id":"https:\/\/www.casala.com\/de\/produkt\/lacrosse-ii\/#primaryimage"},"image":{"@id":"https:\/\/www.casala.com\/de\/produkt\/lacrosse-ii\/#primaryimage"},"thumbnailUrl":"https:\/\/www.casala.com\/wp-content\/uploads\/2025\/08\/casala-product-lacrosse-ii-1.jpg","datePublished":"2025-08-13T09:30:31+00:00","dateModified":"2026-03-12T15:19:15+00:00","description":"Der Casala Lacrosse II stapelbare Tisch bzw. Klapptisch l\u00e4sst sich schnell zusammenklappen und kann platzsparend auf einem Transportwagen transportiert und gelagert werden. Ideal f\u00fcr flexible R\u00e4ume.","breadcrumb":{"@id":"https:\/\/www.casala.com\/de\/produkt\/lacrosse-ii\/#breadcrumb"},"inLanguage":"de","potentialAction":[{"@type":"ReadAction","target":["https:\/\/www.casala.com\/de\/produkt\/lacrosse-ii\/"]}]},{"@type":"ImageObject","inLanguage":"de","@id":"https:\/\/www.casala.com\/de\/produkt\/lacrosse-ii\/#primaryimage","url":"https:\/\/www.casala.com\/wp-content\/uploads\/2025\/08\/casala-product-lacrosse-ii-1.jpg","contentUrl":"https:\/\/www.casala.com\/wp-content\/uploads\/2025\/08\/casala-product-lacrosse-ii-1.jpg","width":1024,"height":1024},{"@type":"BreadcrumbList","@id":"https:\/\/www.casala.com\/de\/produkt\/lacrosse-ii\/#breadcrumb","itemListElement":[{"@type":"ListItem","position":1,"name":"Home","item":"https:\/\/www.casala.com\/de\/"},{"@type":"ListItem","position":2,"name":"Lacrosse II"}]},{"@type":"WebSite","@id":"https:\/\/www.casala.com\/de\/#website","url":"https:\/\/www.casala.com\/de\/","name":"Casala","description":"","alternateName":"Casala","potentialAction":[{"@type":"SearchAction","target":{"@type":"EntryPoint","urlTemplate":"https:\/\/www.casala.com\/de\/?s={search_term_string}"},"query-input":{"@type":"PropertyValueSpecification","valueRequired":true,"valueName":"search_term_string"}}],"inLanguage":"de"}]}},"_links":{"self":[{"href":"https:\/\/www.casala.com\/de\/wp-json\/wp\/v2\/product\/30433","targetHints":{"allow":["GET"]}}],"collection":[{"href":"https:\/\/www.casala.com\/de\/wp-json\/wp\/v2\/product"}],"about":[{"href":"https:\/\/www.casala.com\/de\/wp-json\/wp\/v2\/types\/product"}],"wp:featuredmedia":[{"embeddable":true,"href":"https:\/\/www.casala.com\/de\/wp-json\/wp\/v2\/media\/9025"}],"wp:attachment":[{"href":"https:\/\/www.casala.com\/de\/wp-json\/wp\/v2\/media?parent=30433"}],"wp:term":[{"taxonomy":"product_category","embeddable":true,"href":"https:\/\/www.casala.com\/de\/wp-json\/wp\/v2\/product_category?post=30433"},{"taxonomy":"product_sector","embeddable":true,"href":"https:\/\/www.casala.com\/de\/wp-json\/wp\/v2\/product_sector?post=30433"},{"taxonomy":"designer","embeddable":true,"href":"https:\/\/www.casala.com\/de\/wp-json\/wp\/v2\/designer?post=30433"}],"curies":[{"name":"wp","href":"https:\/\/api.w.org\/{rel}","templated":true}]}}