{"id":30164,"date":"2025-06-24T13:01:33","date_gmt":"2025-06-24T12:01:33","guid":{"rendered":"https:\/\/www.casala.com\/product\/kabanna\/"},"modified":"2026-03-03T13:36:30","modified_gmt":"2026-03-03T12:36:30","slug":"kabanna","status":"publish","type":"product","link":"https:\/\/www.casala.com\/de\/produkt\/kabanna\/","title":{"rendered":"Kabanna"},"content":{"rendered":"","protected":false},"featured_media":5667,"template":"","product_category":[486],"product_sector":[183,487],"designer":[435],"class_list":["post-30164","product","type-product","status-publish","has-post-thumbnail","hentry","product_category-raum-im-raum","product_sector-bildung","product_sector-office","designer-santiago-sevillano"],"acf":[],"yoast_head":"<!-- This site is optimized with the Yoast SEO plugin v27.1.1 - https:\/\/yoast.com\/product\/yoast-seo-wordpress\/ -->\n<title>Casala Kabanna | Raum-im-Raum f\u00fcr offenen Umgebungen<\/title>\n<meta name=\"description\" content=\"Casala Kabanna Raum-im-Raum bietet halbgeschlossene Sitzpl\u00e4tze f\u00fcr mehr Privatsph\u00e4re und Komfort in offenen B\u00fcros und \u00f6ffentlichen R\u00e4umen.\" \/>\n<meta name=\"robots\" content=\"index, follow, max-snippet:-1, max-image-preview:large, max-video-preview:-1\" \/>\n<link rel=\"canonical\" href=\"https:\/\/www.casala.com\/de\/produkt\/kabanna\/\" \/>\n<meta property=\"og:locale\" content=\"de_DE\" \/>\n<meta property=\"og:type\" content=\"article\" \/>\n<meta property=\"og:title\" content=\"Casala Kabanna | Raum-im-Raum f\u00fcr offenen Umgebungen\" \/>\n<meta property=\"og:description\" content=\"Casala Kabanna Raum-im-Raum bietet halbgeschlossene Sitzpl\u00e4tze f\u00fcr mehr Privatsph\u00e4re und Komfort in offenen B\u00fcros und \u00f6ffentlichen R\u00e4umen.\" \/>\n<meta property=\"og:url\" content=\"https:\/\/www.casala.com\/de\/produkt\/kabanna\/\" \/>\n<meta property=\"og:site_name\" content=\"Casala Furniture\" \/>\n<meta property=\"article:modified_time\" content=\"2026-03-03T12:36:30+00:00\" \/>\n<meta property=\"og:image\" content=\"https:\/\/www.casala.com\/wp-content\/uploads\/2025\/06\/casala-product-kabanna.jpg\" \/>\n\t<meta property=\"og:image:width\" content=\"2560\" \/>\n\t<meta property=\"og:image:height\" content=\"1440\" \/>\n\t<meta property=\"og:image:type\" content=\"image\/jpeg\" \/>\n<meta name=\"twitter:card\" content=\"summary_large_image\" \/>\n<meta name=\"twitter:label1\" content=\"Est. reading time\" \/>\n\t<meta name=\"twitter:data1\" content=\"8 minutes\" \/>\n<script type=\"application\/ld+json\" class=\"yoast-schema-graph\">{\"@context\":\"https:\/\/schema.org\",\"@graph\":[{\"@type\":\"WebPage\",\"@id\":\"https:\/\/www.casala.com\/de\/produkt\/kabanna\/\",\"url\":\"https:\/\/www.casala.com\/de\/produkt\/kabanna\/\",\"name\":\"Casala Kabanna | Raum-im-Raum f\u00fcr offenen Umgebungen\",\"isPartOf\":{\"@id\":\"https:\/\/www.casala.com\/de\/#website\"},\"primaryImageOfPage\":{\"@id\":\"https:\/\/www.casala.com\/de\/produkt\/kabanna\/#primaryimage\"},\"image\":{\"@id\":\"https:\/\/www.casala.com\/de\/produkt\/kabanna\/#primaryimage\"},\"thumbnailUrl\":\"https:\/\/www.casala.com\/wp-content\/uploads\/2025\/06\/casala-product-kabanna.jpg\",\"datePublished\":\"2025-06-24T12:01:33+00:00\",\"dateModified\":\"2026-03-03T12:36:30+00:00\",\"description\":\"Casala Kabanna Raum-im-Raum bietet halbgeschlossene Sitzpl\u00e4tze f\u00fcr mehr Privatsph\u00e4re und Komfort in offenen B\u00fcros und \u00f6ffentlichen R\u00e4umen.\",\"breadcrumb\":{\"@id\":\"https:\/\/www.casala.com\/de\/produkt\/kabanna\/#breadcrumb\"},\"inLanguage\":\"de\",\"potentialAction\":[{\"@type\":\"ReadAction\",\"target\":[\"https:\/\/www.casala.com\/de\/produkt\/kabanna\/\"]}]},{\"@type\":\"ImageObject\",\"inLanguage\":\"de\",\"@id\":\"https:\/\/www.casala.com\/de\/produkt\/kabanna\/#primaryimage\",\"url\":\"https:\/\/www.casala.com\/wp-content\/uploads\/2025\/06\/casala-product-kabanna.jpg\",\"contentUrl\":\"https:\/\/www.casala.com\/wp-content\/uploads\/2025\/06\/casala-product-kabanna.jpg\",\"width\":2560,\"height\":1440},{\"@type\":\"BreadcrumbList\",\"@id\":\"https:\/\/www.casala.com\/de\/produkt\/kabanna\/#breadcrumb\",\"itemListElement\":[{\"@type\":\"ListItem\",\"position\":1,\"name\":\"Home\",\"item\":\"https:\/\/www.casala.com\/de\/\"},{\"@type\":\"ListItem\",\"position\":2,\"name\":\"Kabanna\"}]},{\"@type\":\"WebSite\",\"@id\":\"https:\/\/www.casala.com\/de\/#website\",\"url\":\"https:\/\/www.casala.com\/de\/\",\"name\":\"Casala\",\"description\":\"\",\"alternateName\":\"Casala\",\"potentialAction\":[{\"@type\":\"SearchAction\",\"target\":{\"@type\":\"EntryPoint\",\"urlTemplate\":\"https:\/\/www.casala.com\/de\/?s={search_term_string}\"},\"query-input\":{\"@type\":\"PropertyValueSpecification\",\"valueRequired\":true,\"valueName\":\"search_term_string\"}}],\"inLanguage\":\"de\"}]}<\/script>\n<!-- \/ Yoast SEO plugin. -->","yoast_head_json":{"title":"Casala Kabanna | Raum-im-Raum f\u00fcr offenen Umgebungen","description":"Casala Kabanna Raum-im-Raum bietet halbgeschlossene Sitzpl\u00e4tze f\u00fcr mehr Privatsph\u00e4re und Komfort in offenen B\u00fcros und \u00f6ffentlichen R\u00e4umen.","robots":{"index":"index","follow":"follow","max-snippet":"max-snippet:-1","max-image-preview":"max-image-preview:large","max-video-preview":"max-video-preview:-1"},"canonical":"https:\/\/www.casala.com\/de\/produkt\/kabanna\/","og_locale":"de_DE","og_type":"article","og_title":"Casala Kabanna | Raum-im-Raum f\u00fcr offenen Umgebungen","og_description":"Casala Kabanna Raum-im-Raum bietet halbgeschlossene Sitzpl\u00e4tze f\u00fcr mehr Privatsph\u00e4re und Komfort in offenen B\u00fcros und \u00f6ffentlichen R\u00e4umen.","og_url":"https:\/\/www.casala.com\/de\/produkt\/kabanna\/","og_site_name":"Casala Furniture","article_modified_time":"2026-03-03T12:36:30+00:00","og_image":[{"width":2560,"height":1440,"url":"https:\/\/www.casala.com\/wp-content\/uploads\/2025\/06\/casala-product-kabanna.jpg","type":"image\/jpeg"}],"twitter_card":"summary_large_image","twitter_misc":{"Est. reading time":"8 minutes"},"schema":{"@context":"https:\/\/schema.org","@graph":[{"@type":"WebPage","@id":"https:\/\/www.casala.com\/de\/produkt\/kabanna\/","url":"https:\/\/www.casala.com\/de\/produkt\/kabanna\/","name":"Casala Kabanna | Raum-im-Raum f\u00fcr offenen Umgebungen","isPartOf":{"@id":"https:\/\/www.casala.com\/de\/#website"},"primaryImageOfPage":{"@id":"https:\/\/www.casala.com\/de\/produkt\/kabanna\/#primaryimage"},"image":{"@id":"https:\/\/www.casala.com\/de\/produkt\/kabanna\/#primaryimage"},"thumbnailUrl":"https:\/\/www.casala.com\/wp-content\/uploads\/2025\/06\/casala-product-kabanna.jpg","datePublished":"2025-06-24T12:01:33+00:00","dateModified":"2026-03-03T12:36:30+00:00","description":"Casala Kabanna Raum-im-Raum bietet halbgeschlossene Sitzpl\u00e4tze f\u00fcr mehr Privatsph\u00e4re und Komfort in offenen B\u00fcros und \u00f6ffentlichen R\u00e4umen.","breadcrumb":{"@id":"https:\/\/www.casala.com\/de\/produkt\/kabanna\/#breadcrumb"},"inLanguage":"de","potentialAction":[{"@type":"ReadAction","target":["https:\/\/www.casala.com\/de\/produkt\/kabanna\/"]}]},{"@type":"ImageObject","inLanguage":"de","@id":"https:\/\/www.casala.com\/de\/produkt\/kabanna\/#primaryimage","url":"https:\/\/www.casala.com\/wp-content\/uploads\/2025\/06\/casala-product-kabanna.jpg","contentUrl":"https:\/\/www.casala.com\/wp-content\/uploads\/2025\/06\/casala-product-kabanna.jpg","width":2560,"height":1440},{"@type":"BreadcrumbList","@id":"https:\/\/www.casala.com\/de\/produkt\/kabanna\/#breadcrumb","itemListElement":[{"@type":"ListItem","position":1,"name":"Home","item":"https:\/\/www.casala.com\/de\/"},{"@type":"ListItem","position":2,"name":"Kabanna"}]},{"@type":"WebSite","@id":"https:\/\/www.casala.com\/de\/#website","url":"https:\/\/www.casala.com\/de\/","name":"Casala","description":"","alternateName":"Casala","potentialAction":[{"@type":"SearchAction","target":{"@type":"EntryPoint","urlTemplate":"https:\/\/www.casala.com\/de\/?s={search_term_string}"},"query-input":{"@type":"PropertyValueSpecification","valueRequired":true,"valueName":"search_term_string"}}],"inLanguage":"de"}]}},"_links":{"self":[{"href":"https:\/\/www.casala.com\/de\/wp-json\/wp\/v2\/product\/30164","targetHints":{"allow":["GET"]}}],"collection":[{"href":"https:\/\/www.casala.com\/de\/wp-json\/wp\/v2\/product"}],"about":[{"href":"https:\/\/www.casala.com\/de\/wp-json\/wp\/v2\/types\/product"}],"wp:featuredmedia":[{"embeddable":true,"href":"https:\/\/www.casala.com\/de\/wp-json\/wp\/v2\/media\/5667"}],"wp:attachment":[{"href":"https:\/\/www.casala.com\/de\/wp-json\/wp\/v2\/media?parent=30164"}],"wp:term":[{"taxonomy":"product_category","embeddable":true,"href":"https:\/\/www.casala.com\/de\/wp-json\/wp\/v2\/product_category?post=30164"},{"taxonomy":"product_sector","embeddable":true,"href":"https:\/\/www.casala.com\/de\/wp-json\/wp\/v2\/product_sector?post=30164"},{"taxonomy":"designer","embeddable":true,"href":"https:\/\/www.casala.com\/de\/wp-json\/wp\/v2\/designer?post=30164"}],"curies":[{"name":"wp","href":"https:\/\/api.w.org\/{rel}","templated":true}]}}