{"id":29872,"date":"2025-08-11T14:31:54","date_gmt":"2025-08-11T13:31:54","guid":{"rendered":"https:\/\/www.casala.com\/product\/feniks-bariatric\/"},"modified":"2026-03-18T16:23:52","modified_gmt":"2026-03-18T15:23:52","slug":"feniks-bariatric","status":"publish","type":"product","link":"https:\/\/www.casala.com\/de\/produkt\/feniks-bariatric\/","title":{"rendered":"Feniks Bariatric"},"content":{"rendered":"","protected":false},"featured_media":15326,"template":"","product_category":[181],"product_sector":[185],"designer":[412],"class_list":["post-29872","product","type-product","status-publish","has-post-thumbnail","hentry","product_category-stuehle","product_sector-gesundheitswesen","designer-kressel-schelle"],"acf":[],"yoast_head":"<!-- This site is optimized with the Yoast SEO plugin v27.1.1 - https:\/\/yoast.com\/product\/yoast-seo-wordpress\/ -->\n<title>Casala Feniks Bariatric Stuhl | gro\u00dfz\u00fcgiger Sitzfl\u00e4che bis 250 kg<\/title>\n<meta name=\"description\" content=\"Der Casala Feniks Bariatric Stuhl verf\u00fcgt \u00fcber eine 66 cm breite Sitzfl\u00e4che, eine komfortable Deluxe-Polsterung und ein robustes Gestell, das f\u00fcr eine Belastung bis zu 250 kg ausgelegt ist.\" \/>\n<meta name=\"robots\" content=\"index, follow, max-snippet:-1, max-image-preview:large, max-video-preview:-1\" \/>\n<link rel=\"canonical\" href=\"https:\/\/www.casala.com\/de\/produkt\/feniks-bariatric\/\" \/>\n<meta property=\"og:locale\" content=\"de_DE\" \/>\n<meta property=\"og:type\" content=\"article\" \/>\n<meta property=\"og:title\" content=\"Casala Feniks Bariatric Stuhl | gro\u00dfz\u00fcgiger Sitzfl\u00e4che bis 250 kg\" \/>\n<meta property=\"og:description\" content=\"Der Casala Feniks Bariatric Stuhl verf\u00fcgt \u00fcber eine 66 cm breite Sitzfl\u00e4che, eine komfortable Deluxe-Polsterung und ein robustes Gestell, das f\u00fcr eine Belastung bis zu 250 kg ausgelegt ist.\" \/>\n<meta property=\"og:url\" content=\"https:\/\/www.casala.com\/de\/produkt\/feniks-bariatric\/\" \/>\n<meta property=\"og:site_name\" content=\"Casala Furniture\" \/>\n<meta property=\"article:modified_time\" content=\"2026-03-18T15:23:52+00:00\" \/>\n<meta property=\"og:image\" content=\"https:\/\/www.casala.com\/wp-content\/uploads\/2025\/08\/casala-product-feniks-bariatric-2.jpg\" \/>\n\t<meta property=\"og:image:width\" content=\"1024\" \/>\n\t<meta property=\"og:image:height\" content=\"1024\" \/>\n\t<meta property=\"og:image:type\" content=\"image\/jpeg\" \/>\n<meta name=\"twitter:card\" content=\"summary_large_image\" \/>\n<meta name=\"twitter:label1\" content=\"Est. reading time\" \/>\n\t<meta name=\"twitter:data1\" content=\"3 minutes\" \/>\n<script type=\"application\/ld+json\" class=\"yoast-schema-graph\">{\"@context\":\"https:\/\/schema.org\",\"@graph\":[{\"@type\":\"WebPage\",\"@id\":\"https:\/\/www.casala.com\/de\/produkt\/feniks-bariatric\/\",\"url\":\"https:\/\/www.casala.com\/de\/produkt\/feniks-bariatric\/\",\"name\":\"Casala Feniks Bariatric Stuhl | gro\u00dfz\u00fcgiger Sitzfl\u00e4che bis 250 kg\",\"isPartOf\":{\"@id\":\"https:\/\/www.casala.com\/de\/#website\"},\"primaryImageOfPage\":{\"@id\":\"https:\/\/www.casala.com\/de\/produkt\/feniks-bariatric\/#primaryimage\"},\"image\":{\"@id\":\"https:\/\/www.casala.com\/de\/produkt\/feniks-bariatric\/#primaryimage\"},\"thumbnailUrl\":\"https:\/\/www.casala.com\/wp-content\/uploads\/2025\/08\/casala-product-feniks-bariatric-2.jpg\",\"datePublished\":\"2025-08-11T13:31:54+00:00\",\"dateModified\":\"2026-03-18T15:23:52+00:00\",\"description\":\"Der Casala Feniks Bariatric Stuhl verf\u00fcgt \u00fcber eine 66 cm breite Sitzfl\u00e4che, eine komfortable Deluxe-Polsterung und ein robustes Gestell, das f\u00fcr eine Belastung bis zu 250 kg ausgelegt ist.\",\"breadcrumb\":{\"@id\":\"https:\/\/www.casala.com\/de\/produkt\/feniks-bariatric\/#breadcrumb\"},\"inLanguage\":\"de\",\"potentialAction\":[{\"@type\":\"ReadAction\",\"target\":[\"https:\/\/www.casala.com\/de\/produkt\/feniks-bariatric\/\"]}]},{\"@type\":\"ImageObject\",\"inLanguage\":\"de\",\"@id\":\"https:\/\/www.casala.com\/de\/produkt\/feniks-bariatric\/#primaryimage\",\"url\":\"https:\/\/www.casala.com\/wp-content\/uploads\/2025\/08\/casala-product-feniks-bariatric-2.jpg\",\"contentUrl\":\"https:\/\/www.casala.com\/wp-content\/uploads\/2025\/08\/casala-product-feniks-bariatric-2.jpg\",\"width\":1024,\"height\":1024},{\"@type\":\"BreadcrumbList\",\"@id\":\"https:\/\/www.casala.com\/de\/produkt\/feniks-bariatric\/#breadcrumb\",\"itemListElement\":[{\"@type\":\"ListItem\",\"position\":1,\"name\":\"Home\",\"item\":\"https:\/\/www.casala.com\/de\/\"},{\"@type\":\"ListItem\",\"position\":2,\"name\":\"Feniks Bariatric\"}]},{\"@type\":\"WebSite\",\"@id\":\"https:\/\/www.casala.com\/de\/#website\",\"url\":\"https:\/\/www.casala.com\/de\/\",\"name\":\"Casala\",\"description\":\"\",\"alternateName\":\"Casala\",\"potentialAction\":[{\"@type\":\"SearchAction\",\"target\":{\"@type\":\"EntryPoint\",\"urlTemplate\":\"https:\/\/www.casala.com\/de\/?s={search_term_string}\"},\"query-input\":{\"@type\":\"PropertyValueSpecification\",\"valueRequired\":true,\"valueName\":\"search_term_string\"}}],\"inLanguage\":\"de\"}]}<\/script>\n<!-- \/ Yoast SEO plugin. -->","yoast_head_json":{"title":"Casala Feniks Bariatric Stuhl | gro\u00dfz\u00fcgiger Sitzfl\u00e4che bis 250 kg","description":"Der Casala Feniks Bariatric Stuhl verf\u00fcgt \u00fcber eine 66 cm breite Sitzfl\u00e4che, eine komfortable Deluxe-Polsterung und ein robustes Gestell, das f\u00fcr eine Belastung bis zu 250 kg ausgelegt ist.","robots":{"index":"index","follow":"follow","max-snippet":"max-snippet:-1","max-image-preview":"max-image-preview:large","max-video-preview":"max-video-preview:-1"},"canonical":"https:\/\/www.casala.com\/de\/produkt\/feniks-bariatric\/","og_locale":"de_DE","og_type":"article","og_title":"Casala Feniks Bariatric Stuhl | gro\u00dfz\u00fcgiger Sitzfl\u00e4che bis 250 kg","og_description":"Der Casala Feniks Bariatric Stuhl verf\u00fcgt \u00fcber eine 66 cm breite Sitzfl\u00e4che, eine komfortable Deluxe-Polsterung und ein robustes Gestell, das f\u00fcr eine Belastung bis zu 250 kg ausgelegt ist.","og_url":"https:\/\/www.casala.com\/de\/produkt\/feniks-bariatric\/","og_site_name":"Casala Furniture","article_modified_time":"2026-03-18T15:23:52+00:00","og_image":[{"width":1024,"height":1024,"url":"https:\/\/www.casala.com\/wp-content\/uploads\/2025\/08\/casala-product-feniks-bariatric-2.jpg","type":"image\/jpeg"}],"twitter_card":"summary_large_image","twitter_misc":{"Est. reading time":"3 minutes"},"schema":{"@context":"https:\/\/schema.org","@graph":[{"@type":"WebPage","@id":"https:\/\/www.casala.com\/de\/produkt\/feniks-bariatric\/","url":"https:\/\/www.casala.com\/de\/produkt\/feniks-bariatric\/","name":"Casala Feniks Bariatric Stuhl | gro\u00dfz\u00fcgiger Sitzfl\u00e4che bis 250 kg","isPartOf":{"@id":"https:\/\/www.casala.com\/de\/#website"},"primaryImageOfPage":{"@id":"https:\/\/www.casala.com\/de\/produkt\/feniks-bariatric\/#primaryimage"},"image":{"@id":"https:\/\/www.casala.com\/de\/produkt\/feniks-bariatric\/#primaryimage"},"thumbnailUrl":"https:\/\/www.casala.com\/wp-content\/uploads\/2025\/08\/casala-product-feniks-bariatric-2.jpg","datePublished":"2025-08-11T13:31:54+00:00","dateModified":"2026-03-18T15:23:52+00:00","description":"Der Casala Feniks Bariatric Stuhl verf\u00fcgt \u00fcber eine 66 cm breite Sitzfl\u00e4che, eine komfortable Deluxe-Polsterung und ein robustes Gestell, das f\u00fcr eine Belastung bis zu 250 kg ausgelegt ist.","breadcrumb":{"@id":"https:\/\/www.casala.com\/de\/produkt\/feniks-bariatric\/#breadcrumb"},"inLanguage":"de","potentialAction":[{"@type":"ReadAction","target":["https:\/\/www.casala.com\/de\/produkt\/feniks-bariatric\/"]}]},{"@type":"ImageObject","inLanguage":"de","@id":"https:\/\/www.casala.com\/de\/produkt\/feniks-bariatric\/#primaryimage","url":"https:\/\/www.casala.com\/wp-content\/uploads\/2025\/08\/casala-product-feniks-bariatric-2.jpg","contentUrl":"https:\/\/www.casala.com\/wp-content\/uploads\/2025\/08\/casala-product-feniks-bariatric-2.jpg","width":1024,"height":1024},{"@type":"BreadcrumbList","@id":"https:\/\/www.casala.com\/de\/produkt\/feniks-bariatric\/#breadcrumb","itemListElement":[{"@type":"ListItem","position":1,"name":"Home","item":"https:\/\/www.casala.com\/de\/"},{"@type":"ListItem","position":2,"name":"Feniks Bariatric"}]},{"@type":"WebSite","@id":"https:\/\/www.casala.com\/de\/#website","url":"https:\/\/www.casala.com\/de\/","name":"Casala","description":"","alternateName":"Casala","potentialAction":[{"@type":"SearchAction","target":{"@type":"EntryPoint","urlTemplate":"https:\/\/www.casala.com\/de\/?s={search_term_string}"},"query-input":{"@type":"PropertyValueSpecification","valueRequired":true,"valueName":"search_term_string"}}],"inLanguage":"de"}]}},"_links":{"self":[{"href":"https:\/\/www.casala.com\/de\/wp-json\/wp\/v2\/product\/29872","targetHints":{"allow":["GET"]}}],"collection":[{"href":"https:\/\/www.casala.com\/de\/wp-json\/wp\/v2\/product"}],"about":[{"href":"https:\/\/www.casala.com\/de\/wp-json\/wp\/v2\/types\/product"}],"wp:featuredmedia":[{"embeddable":true,"href":"https:\/\/www.casala.com\/de\/wp-json\/wp\/v2\/media\/15326"}],"wp:attachment":[{"href":"https:\/\/www.casala.com\/de\/wp-json\/wp\/v2\/media?parent=29872"}],"wp:term":[{"taxonomy":"product_category","embeddable":true,"href":"https:\/\/www.casala.com\/de\/wp-json\/wp\/v2\/product_category?post=29872"},{"taxonomy":"product_sector","embeddable":true,"href":"https:\/\/www.casala.com\/de\/wp-json\/wp\/v2\/product_sector?post=29872"},{"taxonomy":"designer","embeddable":true,"href":"https:\/\/www.casala.com\/de\/wp-json\/wp\/v2\/designer?post=29872"}],"curies":[{"name":"wp","href":"https:\/\/api.w.org\/{rel}","templated":true}]}}