{"id":29738,"date":"2025-08-01T11:22:53","date_gmt":"2025-08-01T10:22:53","guid":{"rendered":"https:\/\/www.casala.com\/product\/curvy-beam-seating\/"},"modified":"2026-03-11T10:30:03","modified_gmt":"2026-03-11T09:30:03","slug":"curvy-traversenbank","status":"publish","type":"product","link":"https:\/\/www.casala.com\/de\/produkt\/curvy-traversenbank\/","title":{"rendered":"Curvy Traverse"},"content":{"rendered":"","protected":false},"featured_media":8633,"template":"","product_category":[538],"product_sector":[185],"designer":[438],"class_list":["post-29738","product","type-product","status-publish","has-post-thumbnail","hentry","product_category-traversenbaenke","product_sector-gesundheitswesen","designer-sigurd-rothe"],"acf":[],"yoast_head":"<!-- This site is optimized with the Yoast SEO plugin v27.1.1 - https:\/\/yoast.com\/product\/yoast-seo-wordpress\/ -->\n<title>Casala Curvy Traversenbank | Warteb\u00e4nke f\u00fcr Gesundheitswesen<\/title>\n<meta name=\"description\" content=\"Casala Curvy Beam Seating bietet komfortable Warteb\u00e4nke, die speziell f\u00fcr Einrichtungen im Gesundheitswesen entwickelt wurden.\" \/>\n<meta name=\"robots\" content=\"index, follow, max-snippet:-1, max-image-preview:large, max-video-preview:-1\" \/>\n<link rel=\"canonical\" href=\"https:\/\/www.casala.com\/de\/produkt\/curvy-traversenbank\/\" \/>\n<meta property=\"og:locale\" content=\"de_DE\" \/>\n<meta property=\"og:type\" content=\"article\" \/>\n<meta property=\"og:title\" content=\"Casala Curvy Traversenbank | Warteb\u00e4nke f\u00fcr Gesundheitswesen\" \/>\n<meta property=\"og:description\" content=\"Casala Curvy Beam Seating bietet komfortable Warteb\u00e4nke, die speziell f\u00fcr Einrichtungen im Gesundheitswesen entwickelt wurden.\" \/>\n<meta property=\"og:url\" content=\"https:\/\/www.casala.com\/de\/produkt\/curvy-traversenbank\/\" \/>\n<meta property=\"og:site_name\" content=\"Casala Furniture\" \/>\n<meta property=\"article:modified_time\" content=\"2026-03-11T09:30:03+00:00\" \/>\n<meta property=\"og:image\" content=\"https:\/\/www.casala.com\/wp-content\/uploads\/2025\/08\/casala-product-curvy-beamseating.jpg\" \/>\n\t<meta property=\"og:image:width\" content=\"1024\" \/>\n\t<meta property=\"og:image:height\" content=\"1024\" \/>\n\t<meta property=\"og:image:type\" content=\"image\/jpeg\" \/>\n<meta name=\"twitter:card\" content=\"summary_large_image\" \/>\n<meta name=\"twitter:label1\" content=\"Est. reading time\" \/>\n\t<meta name=\"twitter:data1\" content=\"7 minutes\" \/>\n<script type=\"application\/ld+json\" class=\"yoast-schema-graph\">{\"@context\":\"https:\/\/schema.org\",\"@graph\":[{\"@type\":\"WebPage\",\"@id\":\"https:\/\/www.casala.com\/de\/produkt\/curvy-traversenbank\/\",\"url\":\"https:\/\/www.casala.com\/de\/produkt\/curvy-traversenbank\/\",\"name\":\"Casala Curvy Traversenbank | Warteb\u00e4nke f\u00fcr Gesundheitswesen\",\"isPartOf\":{\"@id\":\"https:\/\/www.casala.com\/de\/#website\"},\"primaryImageOfPage\":{\"@id\":\"https:\/\/www.casala.com\/de\/produkt\/curvy-traversenbank\/#primaryimage\"},\"image\":{\"@id\":\"https:\/\/www.casala.com\/de\/produkt\/curvy-traversenbank\/#primaryimage\"},\"thumbnailUrl\":\"https:\/\/www.casala.com\/wp-content\/uploads\/2025\/08\/casala-product-curvy-beamseating.jpg\",\"datePublished\":\"2025-08-01T10:22:53+00:00\",\"dateModified\":\"2026-03-11T09:30:03+00:00\",\"description\":\"Casala Curvy Beam Seating bietet komfortable Warteb\u00e4nke, die speziell f\u00fcr Einrichtungen im Gesundheitswesen entwickelt wurden.\",\"breadcrumb\":{\"@id\":\"https:\/\/www.casala.com\/de\/produkt\/curvy-traversenbank\/#breadcrumb\"},\"inLanguage\":\"de\",\"potentialAction\":[{\"@type\":\"ReadAction\",\"target\":[\"https:\/\/www.casala.com\/de\/produkt\/curvy-traversenbank\/\"]}]},{\"@type\":\"ImageObject\",\"inLanguage\":\"de\",\"@id\":\"https:\/\/www.casala.com\/de\/produkt\/curvy-traversenbank\/#primaryimage\",\"url\":\"https:\/\/www.casala.com\/wp-content\/uploads\/2025\/08\/casala-product-curvy-beamseating.jpg\",\"contentUrl\":\"https:\/\/www.casala.com\/wp-content\/uploads\/2025\/08\/casala-product-curvy-beamseating.jpg\",\"width\":1024,\"height\":1024},{\"@type\":\"BreadcrumbList\",\"@id\":\"https:\/\/www.casala.com\/de\/produkt\/curvy-traversenbank\/#breadcrumb\",\"itemListElement\":[{\"@type\":\"ListItem\",\"position\":1,\"name\":\"Home\",\"item\":\"https:\/\/www.casala.com\/de\/\"},{\"@type\":\"ListItem\",\"position\":2,\"name\":\"Curvy Traverse\"}]},{\"@type\":\"WebSite\",\"@id\":\"https:\/\/www.casala.com\/de\/#website\",\"url\":\"https:\/\/www.casala.com\/de\/\",\"name\":\"Casala\",\"description\":\"\",\"alternateName\":\"Casala\",\"potentialAction\":[{\"@type\":\"SearchAction\",\"target\":{\"@type\":\"EntryPoint\",\"urlTemplate\":\"https:\/\/www.casala.com\/de\/?s={search_term_string}\"},\"query-input\":{\"@type\":\"PropertyValueSpecification\",\"valueRequired\":true,\"valueName\":\"search_term_string\"}}],\"inLanguage\":\"de\"}]}<\/script>\n<!-- \/ Yoast SEO plugin. -->","yoast_head_json":{"title":"Casala Curvy Traversenbank | Warteb\u00e4nke f\u00fcr Gesundheitswesen","description":"Casala Curvy Beam Seating bietet komfortable Warteb\u00e4nke, die speziell f\u00fcr Einrichtungen im Gesundheitswesen entwickelt wurden.","robots":{"index":"index","follow":"follow","max-snippet":"max-snippet:-1","max-image-preview":"max-image-preview:large","max-video-preview":"max-video-preview:-1"},"canonical":"https:\/\/www.casala.com\/de\/produkt\/curvy-traversenbank\/","og_locale":"de_DE","og_type":"article","og_title":"Casala Curvy Traversenbank | Warteb\u00e4nke f\u00fcr Gesundheitswesen","og_description":"Casala Curvy Beam Seating bietet komfortable Warteb\u00e4nke, die speziell f\u00fcr Einrichtungen im Gesundheitswesen entwickelt wurden.","og_url":"https:\/\/www.casala.com\/de\/produkt\/curvy-traversenbank\/","og_site_name":"Casala Furniture","article_modified_time":"2026-03-11T09:30:03+00:00","og_image":[{"width":1024,"height":1024,"url":"https:\/\/www.casala.com\/wp-content\/uploads\/2025\/08\/casala-product-curvy-beamseating.jpg","type":"image\/jpeg"}],"twitter_card":"summary_large_image","twitter_misc":{"Est. reading time":"7 minutes"},"schema":{"@context":"https:\/\/schema.org","@graph":[{"@type":"WebPage","@id":"https:\/\/www.casala.com\/de\/produkt\/curvy-traversenbank\/","url":"https:\/\/www.casala.com\/de\/produkt\/curvy-traversenbank\/","name":"Casala Curvy Traversenbank | Warteb\u00e4nke f\u00fcr Gesundheitswesen","isPartOf":{"@id":"https:\/\/www.casala.com\/de\/#website"},"primaryImageOfPage":{"@id":"https:\/\/www.casala.com\/de\/produkt\/curvy-traversenbank\/#primaryimage"},"image":{"@id":"https:\/\/www.casala.com\/de\/produkt\/curvy-traversenbank\/#primaryimage"},"thumbnailUrl":"https:\/\/www.casala.com\/wp-content\/uploads\/2025\/08\/casala-product-curvy-beamseating.jpg","datePublished":"2025-08-01T10:22:53+00:00","dateModified":"2026-03-11T09:30:03+00:00","description":"Casala Curvy Beam Seating bietet komfortable Warteb\u00e4nke, die speziell f\u00fcr Einrichtungen im Gesundheitswesen entwickelt wurden.","breadcrumb":{"@id":"https:\/\/www.casala.com\/de\/produkt\/curvy-traversenbank\/#breadcrumb"},"inLanguage":"de","potentialAction":[{"@type":"ReadAction","target":["https:\/\/www.casala.com\/de\/produkt\/curvy-traversenbank\/"]}]},{"@type":"ImageObject","inLanguage":"de","@id":"https:\/\/www.casala.com\/de\/produkt\/curvy-traversenbank\/#primaryimage","url":"https:\/\/www.casala.com\/wp-content\/uploads\/2025\/08\/casala-product-curvy-beamseating.jpg","contentUrl":"https:\/\/www.casala.com\/wp-content\/uploads\/2025\/08\/casala-product-curvy-beamseating.jpg","width":1024,"height":1024},{"@type":"BreadcrumbList","@id":"https:\/\/www.casala.com\/de\/produkt\/curvy-traversenbank\/#breadcrumb","itemListElement":[{"@type":"ListItem","position":1,"name":"Home","item":"https:\/\/www.casala.com\/de\/"},{"@type":"ListItem","position":2,"name":"Curvy Traverse"}]},{"@type":"WebSite","@id":"https:\/\/www.casala.com\/de\/#website","url":"https:\/\/www.casala.com\/de\/","name":"Casala","description":"","alternateName":"Casala","potentialAction":[{"@type":"SearchAction","target":{"@type":"EntryPoint","urlTemplate":"https:\/\/www.casala.com\/de\/?s={search_term_string}"},"query-input":{"@type":"PropertyValueSpecification","valueRequired":true,"valueName":"search_term_string"}}],"inLanguage":"de"}]}},"_links":{"self":[{"href":"https:\/\/www.casala.com\/de\/wp-json\/wp\/v2\/product\/29738","targetHints":{"allow":["GET"]}}],"collection":[{"href":"https:\/\/www.casala.com\/de\/wp-json\/wp\/v2\/product"}],"about":[{"href":"https:\/\/www.casala.com\/de\/wp-json\/wp\/v2\/types\/product"}],"wp:featuredmedia":[{"embeddable":true,"href":"https:\/\/www.casala.com\/de\/wp-json\/wp\/v2\/media\/8633"}],"wp:attachment":[{"href":"https:\/\/www.casala.com\/de\/wp-json\/wp\/v2\/media?parent=29738"}],"wp:term":[{"taxonomy":"product_category","embeddable":true,"href":"https:\/\/www.casala.com\/de\/wp-json\/wp\/v2\/product_category?post=29738"},{"taxonomy":"product_sector","embeddable":true,"href":"https:\/\/www.casala.com\/de\/wp-json\/wp\/v2\/product_sector?post=29738"},{"taxonomy":"designer","embeddable":true,"href":"https:\/\/www.casala.com\/de\/wp-json\/wp\/v2\/designer?post=29738"}],"curies":[{"name":"wp","href":"https:\/\/api.w.org\/{rel}","templated":true}]}}