{"id":29225,"date":"2025-06-16T09:18:05","date_gmt":"2025-06-16T08:18:05","guid":{"rendered":"https:\/\/www.casala.com\/product\/curvy\/"},"modified":"2026-03-05T11:27:12","modified_gmt":"2026-03-05T10:27:12","slug":"curvy","status":"publish","type":"product","link":"https:\/\/www.casala.com\/de\/produkt\/curvy\/","title":{"rendered":"Curvy"},"content":{"rendered":"","protected":false},"featured_media":5659,"template":"","product_category":[181],"product_sector":[184,511,183,528],"designer":[438],"class_list":["post-29225","product","type-product","status-publish","has-post-thumbnail","hentry","product_category-stuehle","product_sector-hallen","product_sector-konferenzen","product_sector-bildung","product_sector-kirchen","designer-sigurd-rothe"],"acf":[],"yoast_head":"<!-- This site is optimized with the Yoast SEO plugin v27.1.1 - https:\/\/yoast.com\/product\/yoast-seo-wordpress\/ -->\n<title>Curvy | Stuhl f\u00fcr Stapeln und Verketten in S\u00e4len und Kirchen<\/title>\n<meta name=\"description\" content=\"Der Casala Curvy Stuhl l\u00e4sst sich schnell verketten und stapeln und ist zudem leicht zu transportieren und zu lagern. Dank seiner vielen Varianten ist Curvy ein Konzeptstuhl f\u00fcr S\u00e4le, Kirchen, Konferenzr\u00e4ume und Bildungseinrichtungen weltweit.\" \/>\n<meta name=\"robots\" content=\"index, follow, max-snippet:-1, max-image-preview:large, max-video-preview:-1\" \/>\n<link rel=\"canonical\" href=\"https:\/\/www.casala.com\/de\/produkt\/curvy\/\" \/>\n<meta property=\"og:locale\" content=\"de_DE\" \/>\n<meta property=\"og:type\" content=\"article\" \/>\n<meta property=\"og:title\" content=\"Curvy | Stuhl f\u00fcr Stapeln und Verketten in S\u00e4len und Kirchen\" \/>\n<meta property=\"og:description\" content=\"Der Casala Curvy Stuhl l\u00e4sst sich schnell verketten und stapeln und ist zudem leicht zu transportieren und zu lagern. Dank seiner vielen Varianten ist Curvy ein Konzeptstuhl f\u00fcr S\u00e4le, Kirchen, Konferenzr\u00e4ume und Bildungseinrichtungen weltweit.\" \/>\n<meta property=\"og:url\" content=\"https:\/\/www.casala.com\/de\/produkt\/curvy\/\" \/>\n<meta property=\"og:site_name\" content=\"Casala Furniture\" \/>\n<meta property=\"article:modified_time\" content=\"2026-03-05T10:27:12+00:00\" \/>\n<meta property=\"og:image\" content=\"https:\/\/www.casala.com\/wp-content\/uploads\/2025\/06\/casala-product-curvy.jpg\" \/>\n\t<meta property=\"og:image:width\" content=\"2048\" \/>\n\t<meta property=\"og:image:height\" content=\"2048\" \/>\n\t<meta property=\"og:image:type\" content=\"image\/jpeg\" \/>\n<meta name=\"twitter:card\" content=\"summary_large_image\" \/>\n<meta name=\"twitter:label1\" content=\"Est. reading time\" \/>\n\t<meta name=\"twitter:data1\" content=\"9 minutes\" \/>\n<script type=\"application\/ld+json\" class=\"yoast-schema-graph\">{\"@context\":\"https:\/\/schema.org\",\"@graph\":[{\"@type\":\"WebPage\",\"@id\":\"https:\/\/www.casala.com\/de\/produkt\/curvy\/\",\"url\":\"https:\/\/www.casala.com\/de\/produkt\/curvy\/\",\"name\":\"Curvy | Stuhl f\u00fcr Stapeln und Verketten in S\u00e4len und Kirchen\",\"isPartOf\":{\"@id\":\"https:\/\/www.casala.com\/de\/#website\"},\"primaryImageOfPage\":{\"@id\":\"https:\/\/www.casala.com\/de\/produkt\/curvy\/#primaryimage\"},\"image\":{\"@id\":\"https:\/\/www.casala.com\/de\/produkt\/curvy\/#primaryimage\"},\"thumbnailUrl\":\"https:\/\/www.casala.com\/wp-content\/uploads\/2025\/06\/casala-product-curvy.jpg\",\"datePublished\":\"2025-06-16T08:18:05+00:00\",\"dateModified\":\"2026-03-05T10:27:12+00:00\",\"description\":\"Der Casala Curvy Stuhl l\u00e4sst sich schnell verketten und stapeln und ist zudem leicht zu transportieren und zu lagern. Dank seiner vielen Varianten ist Curvy ein Konzeptstuhl f\u00fcr S\u00e4le, Kirchen, Konferenzr\u00e4ume und Bildungseinrichtungen weltweit.\",\"breadcrumb\":{\"@id\":\"https:\/\/www.casala.com\/de\/produkt\/curvy\/#breadcrumb\"},\"inLanguage\":\"de\",\"potentialAction\":[{\"@type\":\"ReadAction\",\"target\":[\"https:\/\/www.casala.com\/de\/produkt\/curvy\/\"]}]},{\"@type\":\"ImageObject\",\"inLanguage\":\"de\",\"@id\":\"https:\/\/www.casala.com\/de\/produkt\/curvy\/#primaryimage\",\"url\":\"https:\/\/www.casala.com\/wp-content\/uploads\/2025\/06\/casala-product-curvy.jpg\",\"contentUrl\":\"https:\/\/www.casala.com\/wp-content\/uploads\/2025\/06\/casala-product-curvy.jpg\",\"width\":2048,\"height\":2048,\"caption\":\"Curvy stoel congres\"},{\"@type\":\"BreadcrumbList\",\"@id\":\"https:\/\/www.casala.com\/de\/produkt\/curvy\/#breadcrumb\",\"itemListElement\":[{\"@type\":\"ListItem\",\"position\":1,\"name\":\"Home\",\"item\":\"https:\/\/www.casala.com\/de\/\"},{\"@type\":\"ListItem\",\"position\":2,\"name\":\"Curvy\"}]},{\"@type\":\"WebSite\",\"@id\":\"https:\/\/www.casala.com\/de\/#website\",\"url\":\"https:\/\/www.casala.com\/de\/\",\"name\":\"Casala\",\"description\":\"\",\"alternateName\":\"Casala\",\"potentialAction\":[{\"@type\":\"SearchAction\",\"target\":{\"@type\":\"EntryPoint\",\"urlTemplate\":\"https:\/\/www.casala.com\/de\/?s={search_term_string}\"},\"query-input\":{\"@type\":\"PropertyValueSpecification\",\"valueRequired\":true,\"valueName\":\"search_term_string\"}}],\"inLanguage\":\"de\"}]}<\/script>\n<!-- \/ Yoast SEO plugin. -->","yoast_head_json":{"title":"Curvy | Stuhl f\u00fcr Stapeln und Verketten in S\u00e4len und Kirchen","description":"Der Casala Curvy Stuhl l\u00e4sst sich schnell verketten und stapeln und ist zudem leicht zu transportieren und zu lagern. Dank seiner vielen Varianten ist Curvy ein Konzeptstuhl f\u00fcr S\u00e4le, Kirchen, Konferenzr\u00e4ume und Bildungseinrichtungen weltweit.","robots":{"index":"index","follow":"follow","max-snippet":"max-snippet:-1","max-image-preview":"max-image-preview:large","max-video-preview":"max-video-preview:-1"},"canonical":"https:\/\/www.casala.com\/de\/produkt\/curvy\/","og_locale":"de_DE","og_type":"article","og_title":"Curvy | Stuhl f\u00fcr Stapeln und Verketten in S\u00e4len und Kirchen","og_description":"Der Casala Curvy Stuhl l\u00e4sst sich schnell verketten und stapeln und ist zudem leicht zu transportieren und zu lagern. Dank seiner vielen Varianten ist Curvy ein Konzeptstuhl f\u00fcr S\u00e4le, Kirchen, Konferenzr\u00e4ume und Bildungseinrichtungen weltweit.","og_url":"https:\/\/www.casala.com\/de\/produkt\/curvy\/","og_site_name":"Casala Furniture","article_modified_time":"2026-03-05T10:27:12+00:00","og_image":[{"width":2048,"height":2048,"url":"https:\/\/www.casala.com\/wp-content\/uploads\/2025\/06\/casala-product-curvy.jpg","type":"image\/jpeg"}],"twitter_card":"summary_large_image","twitter_misc":{"Est. reading time":"9 minutes"},"schema":{"@context":"https:\/\/schema.org","@graph":[{"@type":"WebPage","@id":"https:\/\/www.casala.com\/de\/produkt\/curvy\/","url":"https:\/\/www.casala.com\/de\/produkt\/curvy\/","name":"Curvy | Stuhl f\u00fcr Stapeln und Verketten in S\u00e4len und Kirchen","isPartOf":{"@id":"https:\/\/www.casala.com\/de\/#website"},"primaryImageOfPage":{"@id":"https:\/\/www.casala.com\/de\/produkt\/curvy\/#primaryimage"},"image":{"@id":"https:\/\/www.casala.com\/de\/produkt\/curvy\/#primaryimage"},"thumbnailUrl":"https:\/\/www.casala.com\/wp-content\/uploads\/2025\/06\/casala-product-curvy.jpg","datePublished":"2025-06-16T08:18:05+00:00","dateModified":"2026-03-05T10:27:12+00:00","description":"Der Casala Curvy Stuhl l\u00e4sst sich schnell verketten und stapeln und ist zudem leicht zu transportieren und zu lagern. Dank seiner vielen Varianten ist Curvy ein Konzeptstuhl f\u00fcr S\u00e4le, Kirchen, Konferenzr\u00e4ume und Bildungseinrichtungen weltweit.","breadcrumb":{"@id":"https:\/\/www.casala.com\/de\/produkt\/curvy\/#breadcrumb"},"inLanguage":"de","potentialAction":[{"@type":"ReadAction","target":["https:\/\/www.casala.com\/de\/produkt\/curvy\/"]}]},{"@type":"ImageObject","inLanguage":"de","@id":"https:\/\/www.casala.com\/de\/produkt\/curvy\/#primaryimage","url":"https:\/\/www.casala.com\/wp-content\/uploads\/2025\/06\/casala-product-curvy.jpg","contentUrl":"https:\/\/www.casala.com\/wp-content\/uploads\/2025\/06\/casala-product-curvy.jpg","width":2048,"height":2048,"caption":"Curvy stoel congres"},{"@type":"BreadcrumbList","@id":"https:\/\/www.casala.com\/de\/produkt\/curvy\/#breadcrumb","itemListElement":[{"@type":"ListItem","position":1,"name":"Home","item":"https:\/\/www.casala.com\/de\/"},{"@type":"ListItem","position":2,"name":"Curvy"}]},{"@type":"WebSite","@id":"https:\/\/www.casala.com\/de\/#website","url":"https:\/\/www.casala.com\/de\/","name":"Casala","description":"","alternateName":"Casala","potentialAction":[{"@type":"SearchAction","target":{"@type":"EntryPoint","urlTemplate":"https:\/\/www.casala.com\/de\/?s={search_term_string}"},"query-input":{"@type":"PropertyValueSpecification","valueRequired":true,"valueName":"search_term_string"}}],"inLanguage":"de"}]}},"_links":{"self":[{"href":"https:\/\/www.casala.com\/de\/wp-json\/wp\/v2\/product\/29225","targetHints":{"allow":["GET"]}}],"collection":[{"href":"https:\/\/www.casala.com\/de\/wp-json\/wp\/v2\/product"}],"about":[{"href":"https:\/\/www.casala.com\/de\/wp-json\/wp\/v2\/types\/product"}],"wp:featuredmedia":[{"embeddable":true,"href":"https:\/\/www.casala.com\/de\/wp-json\/wp\/v2\/media\/5659"}],"wp:attachment":[{"href":"https:\/\/www.casala.com\/de\/wp-json\/wp\/v2\/media?parent=29225"}],"wp:term":[{"taxonomy":"product_category","embeddable":true,"href":"https:\/\/www.casala.com\/de\/wp-json\/wp\/v2\/product_category?post=29225"},{"taxonomy":"product_sector","embeddable":true,"href":"https:\/\/www.casala.com\/de\/wp-json\/wp\/v2\/product_sector?post=29225"},{"taxonomy":"designer","embeddable":true,"href":"https:\/\/www.casala.com\/de\/wp-json\/wp\/v2\/designer?post=29225"}],"curies":[{"name":"wp","href":"https:\/\/api.w.org\/{rel}","templated":true}]}}