{"id":28763,"date":"2025-07-30T09:01:54","date_gmt":"2025-07-30T08:01:54","guid":{"rendered":"https:\/\/www.casala.com\/product\/bricks-wall\/"},"modified":"2026-04-08T13:47:20","modified_gmt":"2026-04-08T12:47:20","slug":"bricks-wall","status":"publish","type":"product","link":"https:\/\/www.casala.com\/de\/produkt\/bricks-wall\/","title":{"rendered":"Bricks Wall"},"content":{"rendered":"","protected":false},"featured_media":8556,"template":"","product_category":[526],"product_sector":[487,497],"designer":[430],"class_list":["post-28763","product","type-product","status-publish","has-post-thumbnail","hentry","product_category-raumteiler","product_sector-office","product_sector-hospitality","designer-robert-bronwasser"],"acf":[],"yoast_head":"<!-- This site is optimized with the Yoast SEO plugin v27.1.1 - https:\/\/yoast.com\/product\/yoast-seo-wordpress\/ -->\n<title>Casala Bricks Wall | modulares Raumteiler System<\/title>\n<meta name=\"description\" content=\"Casala Bricks Wall ist ein modulares, ger\u00e4uschreduzierendes Raumteiler System, das freistehende Elemente nutzt, um offene R\u00e4ume in Zonen f\u00fcr Arbeiten, Besprechungen und konzentriertes Fokussieren zu unterteilen.\" \/>\n<meta name=\"robots\" content=\"index, follow, max-snippet:-1, max-image-preview:large, max-video-preview:-1\" \/>\n<link rel=\"canonical\" href=\"https:\/\/www.casala.com\/de\/produkt\/bricks-wall\/\" \/>\n<meta property=\"og:locale\" content=\"de_DE\" \/>\n<meta property=\"og:type\" content=\"article\" \/>\n<meta property=\"og:title\" content=\"Casala Bricks Wall | modulares Raumteiler System\" \/>\n<meta property=\"og:description\" content=\"Casala Bricks Wall ist ein modulares, ger\u00e4uschreduzierendes Raumteiler System, das freistehende Elemente nutzt, um offene R\u00e4ume in Zonen f\u00fcr Arbeiten, Besprechungen und konzentriertes Fokussieren zu unterteilen.\" \/>\n<meta property=\"og:url\" content=\"https:\/\/www.casala.com\/de\/produkt\/bricks-wall\/\" \/>\n<meta property=\"og:site_name\" content=\"Casala Furniture\" \/>\n<meta property=\"article:modified_time\" content=\"2026-04-08T12:47:20+00:00\" \/>\n<meta property=\"og:image\" content=\"https:\/\/www.casala.com\/wp-content\/uploads\/2025\/07\/casala-product-bricks-wall.jpg\" \/>\n\t<meta property=\"og:image:width\" content=\"1024\" \/>\n\t<meta property=\"og:image:height\" content=\"1024\" \/>\n\t<meta property=\"og:image:type\" content=\"image\/jpeg\" \/>\n<meta name=\"twitter:card\" content=\"summary_large_image\" \/>\n<meta name=\"twitter:label1\" content=\"Est. reading time\" \/>\n\t<meta name=\"twitter:data1\" content=\"4 minutes\" \/>\n<script type=\"application\/ld+json\" class=\"yoast-schema-graph\">{\"@context\":\"https:\/\/schema.org\",\"@graph\":[{\"@type\":\"WebPage\",\"@id\":\"https:\/\/www.casala.com\/de\/produkt\/bricks-wall\/\",\"url\":\"https:\/\/www.casala.com\/de\/produkt\/bricks-wall\/\",\"name\":\"Casala Bricks Wall | modulares Raumteiler System\",\"isPartOf\":{\"@id\":\"https:\/\/www.casala.com\/de\/#website\"},\"primaryImageOfPage\":{\"@id\":\"https:\/\/www.casala.com\/de\/produkt\/bricks-wall\/#primaryimage\"},\"image\":{\"@id\":\"https:\/\/www.casala.com\/de\/produkt\/bricks-wall\/#primaryimage\"},\"thumbnailUrl\":\"https:\/\/www.casala.com\/wp-content\/uploads\/2025\/07\/casala-product-bricks-wall.jpg\",\"datePublished\":\"2025-07-30T08:01:54+00:00\",\"dateModified\":\"2026-04-08T12:47:20+00:00\",\"description\":\"Casala Bricks Wall ist ein modulares, ger\u00e4uschreduzierendes Raumteiler System, das freistehende Elemente nutzt, um offene R\u00e4ume in Zonen f\u00fcr Arbeiten, Besprechungen und konzentriertes Fokussieren zu unterteilen.\",\"breadcrumb\":{\"@id\":\"https:\/\/www.casala.com\/de\/produkt\/bricks-wall\/#breadcrumb\"},\"inLanguage\":\"de\",\"potentialAction\":[{\"@type\":\"ReadAction\",\"target\":[\"https:\/\/www.casala.com\/de\/produkt\/bricks-wall\/\"]}]},{\"@type\":\"ImageObject\",\"inLanguage\":\"de\",\"@id\":\"https:\/\/www.casala.com\/de\/produkt\/bricks-wall\/#primaryimage\",\"url\":\"https:\/\/www.casala.com\/wp-content\/uploads\/2025\/07\/casala-product-bricks-wall.jpg\",\"contentUrl\":\"https:\/\/www.casala.com\/wp-content\/uploads\/2025\/07\/casala-product-bricks-wall.jpg\",\"width\":1024,\"height\":1024},{\"@type\":\"BreadcrumbList\",\"@id\":\"https:\/\/www.casala.com\/de\/produkt\/bricks-wall\/#breadcrumb\",\"itemListElement\":[{\"@type\":\"ListItem\",\"position\":1,\"name\":\"Home\",\"item\":\"https:\/\/www.casala.com\/de\/\"},{\"@type\":\"ListItem\",\"position\":2,\"name\":\"Bricks Wall\"}]},{\"@type\":\"WebSite\",\"@id\":\"https:\/\/www.casala.com\/de\/#website\",\"url\":\"https:\/\/www.casala.com\/de\/\",\"name\":\"Casala\",\"description\":\"\",\"alternateName\":\"Casala\",\"potentialAction\":[{\"@type\":\"SearchAction\",\"target\":{\"@type\":\"EntryPoint\",\"urlTemplate\":\"https:\/\/www.casala.com\/de\/?s={search_term_string}\"},\"query-input\":{\"@type\":\"PropertyValueSpecification\",\"valueRequired\":true,\"valueName\":\"search_term_string\"}}],\"inLanguage\":\"de\"}]}<\/script>\n<!-- \/ Yoast SEO plugin. -->","yoast_head_json":{"title":"Casala Bricks Wall | modulares Raumteiler System","description":"Casala Bricks Wall ist ein modulares, ger\u00e4uschreduzierendes Raumteiler System, das freistehende Elemente nutzt, um offene R\u00e4ume in Zonen f\u00fcr Arbeiten, Besprechungen und konzentriertes Fokussieren zu unterteilen.","robots":{"index":"index","follow":"follow","max-snippet":"max-snippet:-1","max-image-preview":"max-image-preview:large","max-video-preview":"max-video-preview:-1"},"canonical":"https:\/\/www.casala.com\/de\/produkt\/bricks-wall\/","og_locale":"de_DE","og_type":"article","og_title":"Casala Bricks Wall | modulares Raumteiler System","og_description":"Casala Bricks Wall ist ein modulares, ger\u00e4uschreduzierendes Raumteiler System, das freistehende Elemente nutzt, um offene R\u00e4ume in Zonen f\u00fcr Arbeiten, Besprechungen und konzentriertes Fokussieren zu unterteilen.","og_url":"https:\/\/www.casala.com\/de\/produkt\/bricks-wall\/","og_site_name":"Casala Furniture","article_modified_time":"2026-04-08T12:47:20+00:00","og_image":[{"width":1024,"height":1024,"url":"https:\/\/www.casala.com\/wp-content\/uploads\/2025\/07\/casala-product-bricks-wall.jpg","type":"image\/jpeg"}],"twitter_card":"summary_large_image","twitter_misc":{"Est. reading time":"4 minutes"},"schema":{"@context":"https:\/\/schema.org","@graph":[{"@type":"WebPage","@id":"https:\/\/www.casala.com\/de\/produkt\/bricks-wall\/","url":"https:\/\/www.casala.com\/de\/produkt\/bricks-wall\/","name":"Casala Bricks Wall | modulares Raumteiler System","isPartOf":{"@id":"https:\/\/www.casala.com\/de\/#website"},"primaryImageOfPage":{"@id":"https:\/\/www.casala.com\/de\/produkt\/bricks-wall\/#primaryimage"},"image":{"@id":"https:\/\/www.casala.com\/de\/produkt\/bricks-wall\/#primaryimage"},"thumbnailUrl":"https:\/\/www.casala.com\/wp-content\/uploads\/2025\/07\/casala-product-bricks-wall.jpg","datePublished":"2025-07-30T08:01:54+00:00","dateModified":"2026-04-08T12:47:20+00:00","description":"Casala Bricks Wall ist ein modulares, ger\u00e4uschreduzierendes Raumteiler System, das freistehende Elemente nutzt, um offene R\u00e4ume in Zonen f\u00fcr Arbeiten, Besprechungen und konzentriertes Fokussieren zu unterteilen.","breadcrumb":{"@id":"https:\/\/www.casala.com\/de\/produkt\/bricks-wall\/#breadcrumb"},"inLanguage":"de","potentialAction":[{"@type":"ReadAction","target":["https:\/\/www.casala.com\/de\/produkt\/bricks-wall\/"]}]},{"@type":"ImageObject","inLanguage":"de","@id":"https:\/\/www.casala.com\/de\/produkt\/bricks-wall\/#primaryimage","url":"https:\/\/www.casala.com\/wp-content\/uploads\/2025\/07\/casala-product-bricks-wall.jpg","contentUrl":"https:\/\/www.casala.com\/wp-content\/uploads\/2025\/07\/casala-product-bricks-wall.jpg","width":1024,"height":1024},{"@type":"BreadcrumbList","@id":"https:\/\/www.casala.com\/de\/produkt\/bricks-wall\/#breadcrumb","itemListElement":[{"@type":"ListItem","position":1,"name":"Home","item":"https:\/\/www.casala.com\/de\/"},{"@type":"ListItem","position":2,"name":"Bricks Wall"}]},{"@type":"WebSite","@id":"https:\/\/www.casala.com\/de\/#website","url":"https:\/\/www.casala.com\/de\/","name":"Casala","description":"","alternateName":"Casala","potentialAction":[{"@type":"SearchAction","target":{"@type":"EntryPoint","urlTemplate":"https:\/\/www.casala.com\/de\/?s={search_term_string}"},"query-input":{"@type":"PropertyValueSpecification","valueRequired":true,"valueName":"search_term_string"}}],"inLanguage":"de"}]}},"_links":{"self":[{"href":"https:\/\/www.casala.com\/de\/wp-json\/wp\/v2\/product\/28763","targetHints":{"allow":["GET"]}}],"collection":[{"href":"https:\/\/www.casala.com\/de\/wp-json\/wp\/v2\/product"}],"about":[{"href":"https:\/\/www.casala.com\/de\/wp-json\/wp\/v2\/types\/product"}],"wp:featuredmedia":[{"embeddable":true,"href":"https:\/\/www.casala.com\/de\/wp-json\/wp\/v2\/media\/8556"}],"wp:attachment":[{"href":"https:\/\/www.casala.com\/de\/wp-json\/wp\/v2\/media?parent=28763"}],"wp:term":[{"taxonomy":"product_category","embeddable":true,"href":"https:\/\/www.casala.com\/de\/wp-json\/wp\/v2\/product_category?post=28763"},{"taxonomy":"product_sector","embeddable":true,"href":"https:\/\/www.casala.com\/de\/wp-json\/wp\/v2\/product_sector?post=28763"},{"taxonomy":"designer","embeddable":true,"href":"https:\/\/www.casala.com\/de\/wp-json\/wp\/v2\/designer?post=28763"}],"curies":[{"name":"wp","href":"https:\/\/api.w.org\/{rel}","templated":true}]}}