{"id":28446,"date":"2025-07-28T14:05:56","date_gmt":"2025-07-28T13:05:56","guid":{"rendered":"https:\/\/www.casala.com\/product\/bricks\/"},"modified":"2026-04-08T13:39:53","modified_gmt":"2026-04-08T12:39:53","slug":"bricks","status":"publish","type":"product","link":"https:\/\/www.casala.com\/de\/produkt\/bricks\/","title":{"rendered":"Bricks"},"content":{"rendered":"","protected":false},"featured_media":16433,"template":"","product_category":[520,508],"product_sector":[487,497],"designer":[430],"class_list":["post-28446","product","type-product","status-publish","has-post-thumbnail","hentry","product_category-sofas","product_category-modular","product_sector-office","product_sector-hospitality","designer-robert-bronwasser"],"acf":[],"yoast_head":"<!-- This site is optimized with the Yoast SEO plugin v27.1.1 - https:\/\/yoast.com\/product\/yoast-seo-wordpress\/ -->\n<title>Casala Bricks | Modulares Sitzprogramm f\u00fcr B\u00fcros<\/title>\n<meta name=\"description\" content=\"Casala Bricks ist ein modulares Sitzprogramm zur Gestaltung flexibler Bereiche in B\u00fcro-, Hospitality- und Bildungsumgebungen.\" \/>\n<meta name=\"robots\" content=\"index, follow, max-snippet:-1, max-image-preview:large, max-video-preview:-1\" \/>\n<link rel=\"canonical\" href=\"https:\/\/www.casala.com\/de\/produkt\/bricks\/\" \/>\n<meta property=\"og:locale\" content=\"de_DE\" \/>\n<meta property=\"og:type\" content=\"article\" \/>\n<meta property=\"og:title\" content=\"Casala Bricks | Modulares Sitzprogramm f\u00fcr B\u00fcros\" \/>\n<meta property=\"og:description\" content=\"Casala Bricks ist ein modulares Sitzprogramm zur Gestaltung flexibler Bereiche in B\u00fcro-, Hospitality- und Bildungsumgebungen.\" \/>\n<meta property=\"og:url\" content=\"https:\/\/www.casala.com\/de\/produkt\/bricks\/\" \/>\n<meta property=\"og:site_name\" content=\"Casala Furniture\" \/>\n<meta property=\"article:modified_time\" content=\"2026-04-08T12:39:53+00:00\" \/>\n<meta property=\"og:image\" content=\"https:\/\/www.casala.com\/wp-content\/uploads\/2025\/07\/casala-product-bricks-3.jpg\" \/>\n\t<meta property=\"og:image:width\" content=\"1920\" \/>\n\t<meta property=\"og:image:height\" content=\"1080\" \/>\n\t<meta property=\"og:image:type\" content=\"image\/jpeg\" \/>\n<meta name=\"twitter:card\" content=\"summary_large_image\" \/>\n<meta name=\"twitter:label1\" content=\"Est. reading time\" \/>\n\t<meta name=\"twitter:data1\" content=\"7 minutes\" \/>\n<script type=\"application\/ld+json\" class=\"yoast-schema-graph\">{\"@context\":\"https:\/\/schema.org\",\"@graph\":[{\"@type\":\"WebPage\",\"@id\":\"https:\/\/www.casala.com\/de\/produkt\/bricks\/\",\"url\":\"https:\/\/www.casala.com\/de\/produkt\/bricks\/\",\"name\":\"Casala Bricks | Modulares Sitzprogramm f\u00fcr B\u00fcros\",\"isPartOf\":{\"@id\":\"https:\/\/www.casala.com\/de\/#website\"},\"primaryImageOfPage\":{\"@id\":\"https:\/\/www.casala.com\/de\/produkt\/bricks\/#primaryimage\"},\"image\":{\"@id\":\"https:\/\/www.casala.com\/de\/produkt\/bricks\/#primaryimage\"},\"thumbnailUrl\":\"https:\/\/www.casala.com\/wp-content\/uploads\/2025\/07\/casala-product-bricks-3.jpg\",\"datePublished\":\"2025-07-28T13:05:56+00:00\",\"dateModified\":\"2026-04-08T12:39:53+00:00\",\"description\":\"Casala Bricks ist ein modulares Sitzprogramm zur Gestaltung flexibler Bereiche in B\u00fcro-, Hospitality- und Bildungsumgebungen.\",\"breadcrumb\":{\"@id\":\"https:\/\/www.casala.com\/de\/produkt\/bricks\/#breadcrumb\"},\"inLanguage\":\"de\",\"potentialAction\":[{\"@type\":\"ReadAction\",\"target\":[\"https:\/\/www.casala.com\/de\/produkt\/bricks\/\"]}]},{\"@type\":\"ImageObject\",\"inLanguage\":\"de\",\"@id\":\"https:\/\/www.casala.com\/de\/produkt\/bricks\/#primaryimage\",\"url\":\"https:\/\/www.casala.com\/wp-content\/uploads\/2025\/07\/casala-product-bricks-3.jpg\",\"contentUrl\":\"https:\/\/www.casala.com\/wp-content\/uploads\/2025\/07\/casala-product-bricks-3.jpg\",\"width\":1920,\"height\":1080},{\"@type\":\"BreadcrumbList\",\"@id\":\"https:\/\/www.casala.com\/de\/produkt\/bricks\/#breadcrumb\",\"itemListElement\":[{\"@type\":\"ListItem\",\"position\":1,\"name\":\"Home\",\"item\":\"https:\/\/www.casala.com\/de\/\"},{\"@type\":\"ListItem\",\"position\":2,\"name\":\"Bricks\"}]},{\"@type\":\"WebSite\",\"@id\":\"https:\/\/www.casala.com\/de\/#website\",\"url\":\"https:\/\/www.casala.com\/de\/\",\"name\":\"Casala\",\"description\":\"\",\"alternateName\":\"Casala\",\"potentialAction\":[{\"@type\":\"SearchAction\",\"target\":{\"@type\":\"EntryPoint\",\"urlTemplate\":\"https:\/\/www.casala.com\/de\/?s={search_term_string}\"},\"query-input\":{\"@type\":\"PropertyValueSpecification\",\"valueRequired\":true,\"valueName\":\"search_term_string\"}}],\"inLanguage\":\"de\"}]}<\/script>\n<!-- \/ Yoast SEO plugin. -->","yoast_head_json":{"title":"Casala Bricks | Modulares Sitzprogramm f\u00fcr B\u00fcros","description":"Casala Bricks ist ein modulares Sitzprogramm zur Gestaltung flexibler Bereiche in B\u00fcro-, Hospitality- und Bildungsumgebungen.","robots":{"index":"index","follow":"follow","max-snippet":"max-snippet:-1","max-image-preview":"max-image-preview:large","max-video-preview":"max-video-preview:-1"},"canonical":"https:\/\/www.casala.com\/de\/produkt\/bricks\/","og_locale":"de_DE","og_type":"article","og_title":"Casala Bricks | Modulares Sitzprogramm f\u00fcr B\u00fcros","og_description":"Casala Bricks ist ein modulares Sitzprogramm zur Gestaltung flexibler Bereiche in B\u00fcro-, Hospitality- und Bildungsumgebungen.","og_url":"https:\/\/www.casala.com\/de\/produkt\/bricks\/","og_site_name":"Casala Furniture","article_modified_time":"2026-04-08T12:39:53+00:00","og_image":[{"width":1920,"height":1080,"url":"https:\/\/www.casala.com\/wp-content\/uploads\/2025\/07\/casala-product-bricks-3.jpg","type":"image\/jpeg"}],"twitter_card":"summary_large_image","twitter_misc":{"Est. reading time":"7 minutes"},"schema":{"@context":"https:\/\/schema.org","@graph":[{"@type":"WebPage","@id":"https:\/\/www.casala.com\/de\/produkt\/bricks\/","url":"https:\/\/www.casala.com\/de\/produkt\/bricks\/","name":"Casala Bricks | Modulares Sitzprogramm f\u00fcr B\u00fcros","isPartOf":{"@id":"https:\/\/www.casala.com\/de\/#website"},"primaryImageOfPage":{"@id":"https:\/\/www.casala.com\/de\/produkt\/bricks\/#primaryimage"},"image":{"@id":"https:\/\/www.casala.com\/de\/produkt\/bricks\/#primaryimage"},"thumbnailUrl":"https:\/\/www.casala.com\/wp-content\/uploads\/2025\/07\/casala-product-bricks-3.jpg","datePublished":"2025-07-28T13:05:56+00:00","dateModified":"2026-04-08T12:39:53+00:00","description":"Casala Bricks ist ein modulares Sitzprogramm zur Gestaltung flexibler Bereiche in B\u00fcro-, Hospitality- und Bildungsumgebungen.","breadcrumb":{"@id":"https:\/\/www.casala.com\/de\/produkt\/bricks\/#breadcrumb"},"inLanguage":"de","potentialAction":[{"@type":"ReadAction","target":["https:\/\/www.casala.com\/de\/produkt\/bricks\/"]}]},{"@type":"ImageObject","inLanguage":"de","@id":"https:\/\/www.casala.com\/de\/produkt\/bricks\/#primaryimage","url":"https:\/\/www.casala.com\/wp-content\/uploads\/2025\/07\/casala-product-bricks-3.jpg","contentUrl":"https:\/\/www.casala.com\/wp-content\/uploads\/2025\/07\/casala-product-bricks-3.jpg","width":1920,"height":1080},{"@type":"BreadcrumbList","@id":"https:\/\/www.casala.com\/de\/produkt\/bricks\/#breadcrumb","itemListElement":[{"@type":"ListItem","position":1,"name":"Home","item":"https:\/\/www.casala.com\/de\/"},{"@type":"ListItem","position":2,"name":"Bricks"}]},{"@type":"WebSite","@id":"https:\/\/www.casala.com\/de\/#website","url":"https:\/\/www.casala.com\/de\/","name":"Casala","description":"","alternateName":"Casala","potentialAction":[{"@type":"SearchAction","target":{"@type":"EntryPoint","urlTemplate":"https:\/\/www.casala.com\/de\/?s={search_term_string}"},"query-input":{"@type":"PropertyValueSpecification","valueRequired":true,"valueName":"search_term_string"}}],"inLanguage":"de"}]}},"_links":{"self":[{"href":"https:\/\/www.casala.com\/de\/wp-json\/wp\/v2\/product\/28446","targetHints":{"allow":["GET"]}}],"collection":[{"href":"https:\/\/www.casala.com\/de\/wp-json\/wp\/v2\/product"}],"about":[{"href":"https:\/\/www.casala.com\/de\/wp-json\/wp\/v2\/types\/product"}],"wp:featuredmedia":[{"embeddable":true,"href":"https:\/\/www.casala.com\/de\/wp-json\/wp\/v2\/media\/16433"}],"wp:attachment":[{"href":"https:\/\/www.casala.com\/de\/wp-json\/wp\/v2\/media?parent=28446"}],"wp:term":[{"taxonomy":"product_category","embeddable":true,"href":"https:\/\/www.casala.com\/de\/wp-json\/wp\/v2\/product_category?post=28446"},{"taxonomy":"product_sector","embeddable":true,"href":"https:\/\/www.casala.com\/de\/wp-json\/wp\/v2\/product_sector?post=28446"},{"taxonomy":"designer","embeddable":true,"href":"https:\/\/www.casala.com\/de\/wp-json\/wp\/v2\/designer?post=28446"}],"curies":[{"name":"wp","href":"https:\/\/api.w.org\/{rel}","templated":true}]}}