{"id":28420,"date":"2025-07-10T13:41:43","date_gmt":"2025-07-10T12:41:43","guid":{"rendered":"https:\/\/www.casala.com\/product\/axa-iii\/"},"modified":"2026-03-03T09:51:39","modified_gmt":"2026-03-03T08:51:39","slug":"axa-iii","status":"publish","type":"product","link":"https:\/\/www.casala.com\/de\/produkt\/axa-iii\/","title":{"rendered":"Axa III"},"content":{"rendered":"","protected":false},"featured_media":7160,"template":"","product_category":[181],"product_sector":[184,185,183],"designer":[392],"class_list":["post-28420","product","type-product","status-publish","has-post-thumbnail","hentry","product_category-stuehle","product_sector-hallen","product_sector-gesundheitswesen","product_sector-bildung","designer-giancarlo-bisaglia"],"acf":[],"yoast_head":"<!-- This site is optimized with the Yoast SEO plugin v27.1.1 - https:\/\/yoast.com\/product\/yoast-seo-wordpress\/ -->\n<title>Casala Axa III | Kunststoff Vierfu\u00dfstuhl f\u00fcr Gesch\u00e4ftsr\u00e4ume<\/title>\n<meta name=\"description\" content=\"Der Casala Axa III Stuhl besitzt eine vorgeformte Kunststoff Sitz und R\u00fcckenlehne f\u00fcr hohen Komfort. Er ist in 6 Farben erh\u00e4ltlich und bis zu 6 St\u00fchle stapelbar f\u00fcr eine effiziente Aufbewahrung.\" \/>\n<meta name=\"robots\" content=\"index, follow, max-snippet:-1, max-image-preview:large, max-video-preview:-1\" \/>\n<link rel=\"canonical\" href=\"https:\/\/www.casala.com\/de\/produkt\/axa-iii\/\" \/>\n<meta property=\"og:locale\" content=\"de_DE\" \/>\n<meta property=\"og:type\" content=\"article\" \/>\n<meta property=\"og:title\" content=\"Casala Axa III | Kunststoff Vierfu\u00dfstuhl f\u00fcr Gesch\u00e4ftsr\u00e4ume\" \/>\n<meta property=\"og:description\" content=\"Der Casala Axa III Stuhl besitzt eine vorgeformte Kunststoff Sitz und R\u00fcckenlehne f\u00fcr hohen Komfort. Er ist in 6 Farben erh\u00e4ltlich und bis zu 6 St\u00fchle stapelbar f\u00fcr eine effiziente Aufbewahrung.\" \/>\n<meta property=\"og:url\" content=\"https:\/\/www.casala.com\/de\/produkt\/axa-iii\/\" \/>\n<meta property=\"og:site_name\" content=\"Casala Furniture\" \/>\n<meta property=\"article:modified_time\" content=\"2026-03-03T08:51:39+00:00\" \/>\n<meta property=\"og:image\" content=\"https:\/\/www.casala.com\/wp-content\/uploads\/2025\/07\/casala-product-axa-iii-1.jpg\" \/>\n\t<meta property=\"og:image:width\" content=\"1024\" \/>\n\t<meta property=\"og:image:height\" content=\"1024\" \/>\n\t<meta property=\"og:image:type\" content=\"image\/jpeg\" \/>\n<meta name=\"twitter:card\" content=\"summary_large_image\" \/>\n<meta name=\"twitter:label1\" content=\"Est. reading time\" \/>\n\t<meta name=\"twitter:data1\" content=\"5 minutes\" \/>\n<script type=\"application\/ld+json\" class=\"yoast-schema-graph\">{\"@context\":\"https:\/\/schema.org\",\"@graph\":[{\"@type\":\"WebPage\",\"@id\":\"https:\/\/www.casala.com\/de\/produkt\/axa-iii\/\",\"url\":\"https:\/\/www.casala.com\/de\/produkt\/axa-iii\/\",\"name\":\"Casala Axa III | Kunststoff Vierfu\u00dfstuhl f\u00fcr Gesch\u00e4ftsr\u00e4ume\",\"isPartOf\":{\"@id\":\"https:\/\/www.casala.com\/de\/#website\"},\"primaryImageOfPage\":{\"@id\":\"https:\/\/www.casala.com\/de\/produkt\/axa-iii\/#primaryimage\"},\"image\":{\"@id\":\"https:\/\/www.casala.com\/de\/produkt\/axa-iii\/#primaryimage\"},\"thumbnailUrl\":\"https:\/\/www.casala.com\/wp-content\/uploads\/2025\/07\/casala-product-axa-iii-1.jpg\",\"datePublished\":\"2025-07-10T12:41:43+00:00\",\"dateModified\":\"2026-03-03T08:51:39+00:00\",\"description\":\"Der Casala Axa III Stuhl besitzt eine vorgeformte Kunststoff Sitz und R\u00fcckenlehne f\u00fcr hohen Komfort. Er ist in 6 Farben erh\u00e4ltlich und bis zu 6 St\u00fchle stapelbar f\u00fcr eine effiziente Aufbewahrung.\",\"breadcrumb\":{\"@id\":\"https:\/\/www.casala.com\/de\/produkt\/axa-iii\/#breadcrumb\"},\"inLanguage\":\"de\",\"potentialAction\":[{\"@type\":\"ReadAction\",\"target\":[\"https:\/\/www.casala.com\/de\/produkt\/axa-iii\/\"]}]},{\"@type\":\"ImageObject\",\"inLanguage\":\"de\",\"@id\":\"https:\/\/www.casala.com\/de\/produkt\/axa-iii\/#primaryimage\",\"url\":\"https:\/\/www.casala.com\/wp-content\/uploads\/2025\/07\/casala-product-axa-iii-1.jpg\",\"contentUrl\":\"https:\/\/www.casala.com\/wp-content\/uploads\/2025\/07\/casala-product-axa-iii-1.jpg\",\"width\":1024,\"height\":1024,\"caption\":\"Casala chair Axa III\"},{\"@type\":\"BreadcrumbList\",\"@id\":\"https:\/\/www.casala.com\/de\/produkt\/axa-iii\/#breadcrumb\",\"itemListElement\":[{\"@type\":\"ListItem\",\"position\":1,\"name\":\"Home\",\"item\":\"https:\/\/www.casala.com\/de\/\"},{\"@type\":\"ListItem\",\"position\":2,\"name\":\"Axa III\"}]},{\"@type\":\"WebSite\",\"@id\":\"https:\/\/www.casala.com\/de\/#website\",\"url\":\"https:\/\/www.casala.com\/de\/\",\"name\":\"Casala\",\"description\":\"\",\"alternateName\":\"Casala\",\"potentialAction\":[{\"@type\":\"SearchAction\",\"target\":{\"@type\":\"EntryPoint\",\"urlTemplate\":\"https:\/\/www.casala.com\/de\/?s={search_term_string}\"},\"query-input\":{\"@type\":\"PropertyValueSpecification\",\"valueRequired\":true,\"valueName\":\"search_term_string\"}}],\"inLanguage\":\"de\"}]}<\/script>\n<!-- \/ Yoast SEO plugin. -->","yoast_head_json":{"title":"Casala Axa III | Kunststoff Vierfu\u00dfstuhl f\u00fcr Gesch\u00e4ftsr\u00e4ume","description":"Der Casala Axa III Stuhl besitzt eine vorgeformte Kunststoff Sitz und R\u00fcckenlehne f\u00fcr hohen Komfort. Er ist in 6 Farben erh\u00e4ltlich und bis zu 6 St\u00fchle stapelbar f\u00fcr eine effiziente Aufbewahrung.","robots":{"index":"index","follow":"follow","max-snippet":"max-snippet:-1","max-image-preview":"max-image-preview:large","max-video-preview":"max-video-preview:-1"},"canonical":"https:\/\/www.casala.com\/de\/produkt\/axa-iii\/","og_locale":"de_DE","og_type":"article","og_title":"Casala Axa III | Kunststoff Vierfu\u00dfstuhl f\u00fcr Gesch\u00e4ftsr\u00e4ume","og_description":"Der Casala Axa III Stuhl besitzt eine vorgeformte Kunststoff Sitz und R\u00fcckenlehne f\u00fcr hohen Komfort. Er ist in 6 Farben erh\u00e4ltlich und bis zu 6 St\u00fchle stapelbar f\u00fcr eine effiziente Aufbewahrung.","og_url":"https:\/\/www.casala.com\/de\/produkt\/axa-iii\/","og_site_name":"Casala Furniture","article_modified_time":"2026-03-03T08:51:39+00:00","og_image":[{"width":1024,"height":1024,"url":"https:\/\/www.casala.com\/wp-content\/uploads\/2025\/07\/casala-product-axa-iii-1.jpg","type":"image\/jpeg"}],"twitter_card":"summary_large_image","twitter_misc":{"Est. reading time":"5 minutes"},"schema":{"@context":"https:\/\/schema.org","@graph":[{"@type":"WebPage","@id":"https:\/\/www.casala.com\/de\/produkt\/axa-iii\/","url":"https:\/\/www.casala.com\/de\/produkt\/axa-iii\/","name":"Casala Axa III | Kunststoff Vierfu\u00dfstuhl f\u00fcr Gesch\u00e4ftsr\u00e4ume","isPartOf":{"@id":"https:\/\/www.casala.com\/de\/#website"},"primaryImageOfPage":{"@id":"https:\/\/www.casala.com\/de\/produkt\/axa-iii\/#primaryimage"},"image":{"@id":"https:\/\/www.casala.com\/de\/produkt\/axa-iii\/#primaryimage"},"thumbnailUrl":"https:\/\/www.casala.com\/wp-content\/uploads\/2025\/07\/casala-product-axa-iii-1.jpg","datePublished":"2025-07-10T12:41:43+00:00","dateModified":"2026-03-03T08:51:39+00:00","description":"Der Casala Axa III Stuhl besitzt eine vorgeformte Kunststoff Sitz und R\u00fcckenlehne f\u00fcr hohen Komfort. Er ist in 6 Farben erh\u00e4ltlich und bis zu 6 St\u00fchle stapelbar f\u00fcr eine effiziente Aufbewahrung.","breadcrumb":{"@id":"https:\/\/www.casala.com\/de\/produkt\/axa-iii\/#breadcrumb"},"inLanguage":"de","potentialAction":[{"@type":"ReadAction","target":["https:\/\/www.casala.com\/de\/produkt\/axa-iii\/"]}]},{"@type":"ImageObject","inLanguage":"de","@id":"https:\/\/www.casala.com\/de\/produkt\/axa-iii\/#primaryimage","url":"https:\/\/www.casala.com\/wp-content\/uploads\/2025\/07\/casala-product-axa-iii-1.jpg","contentUrl":"https:\/\/www.casala.com\/wp-content\/uploads\/2025\/07\/casala-product-axa-iii-1.jpg","width":1024,"height":1024,"caption":"Casala chair Axa III"},{"@type":"BreadcrumbList","@id":"https:\/\/www.casala.com\/de\/produkt\/axa-iii\/#breadcrumb","itemListElement":[{"@type":"ListItem","position":1,"name":"Home","item":"https:\/\/www.casala.com\/de\/"},{"@type":"ListItem","position":2,"name":"Axa III"}]},{"@type":"WebSite","@id":"https:\/\/www.casala.com\/de\/#website","url":"https:\/\/www.casala.com\/de\/","name":"Casala","description":"","alternateName":"Casala","potentialAction":[{"@type":"SearchAction","target":{"@type":"EntryPoint","urlTemplate":"https:\/\/www.casala.com\/de\/?s={search_term_string}"},"query-input":{"@type":"PropertyValueSpecification","valueRequired":true,"valueName":"search_term_string"}}],"inLanguage":"de"}]}},"_links":{"self":[{"href":"https:\/\/www.casala.com\/de\/wp-json\/wp\/v2\/product\/28420","targetHints":{"allow":["GET"]}}],"collection":[{"href":"https:\/\/www.casala.com\/de\/wp-json\/wp\/v2\/product"}],"about":[{"href":"https:\/\/www.casala.com\/de\/wp-json\/wp\/v2\/types\/product"}],"wp:featuredmedia":[{"embeddable":true,"href":"https:\/\/www.casala.com\/de\/wp-json\/wp\/v2\/media\/7160"}],"wp:attachment":[{"href":"https:\/\/www.casala.com\/de\/wp-json\/wp\/v2\/media?parent=28420"}],"wp:term":[{"taxonomy":"product_category","embeddable":true,"href":"https:\/\/www.casala.com\/de\/wp-json\/wp\/v2\/product_category?post=28420"},{"taxonomy":"product_sector","embeddable":true,"href":"https:\/\/www.casala.com\/de\/wp-json\/wp\/v2\/product_sector?post=28420"},{"taxonomy":"designer","embeddable":true,"href":"https:\/\/www.casala.com\/de\/wp-json\/wp\/v2\/designer?post=28420"}],"curies":[{"name":"wp","href":"https:\/\/api.w.org\/{rel}","templated":true}]}}