{"id":26892,"date":"2025-03-04T13:15:36","date_gmt":"2025-03-04T12:15:36","guid":{"rendered":"https:\/\/www.casala.com\/home\/"},"modified":"2026-03-27T15:13:43","modified_gmt":"2026-03-27T14:13:43","slug":"home","status":"publish","type":"page","link":"https:\/\/www.casala.com\/de\/","title":{"rendered":"Home"},"content":{"rendered":"","protected":false},"excerpt":{"rendered":"","protected":false},"author":1,"featured_media":0,"parent":0,"menu_order":20,"comment_status":"closed","ping_status":"open","template":"page-home.php","meta":{"_acf_changed":false,"footnotes":""},"class_list":["post-26892","page","type-page","status-publish","hentry"],"acf":[],"yoast_head":"<!-- This site is optimized with the Yoast SEO plugin v27.1.1 - https:\/\/yoast.com\/product\/yoast-seo-wordpress\/ -->\n<title>Casala | Objektm\u00f6bel f\u00fcr Gesch\u00e4ftsr\u00e4ume und Veranstaltungen<\/title>\n<meta name=\"description\" content=\"Entdecken Sie die Objektm\u00f6bel von Casala f\u00fcr Hallen, Konferenzen, Hospitlity, Bildung, Gesundheitswesen, Kirchen und Office.\" \/>\n<meta name=\"robots\" content=\"index, follow, max-snippet:-1, max-image-preview:large, max-video-preview:-1\" \/>\n<link rel=\"canonical\" href=\"https:\/\/www.casala.com\/de\/\" \/>\n<meta property=\"og:locale\" content=\"de_DE\" \/>\n<meta property=\"og:type\" content=\"article\" \/>\n<meta property=\"og:title\" content=\"Casala | Objektm\u00f6bel f\u00fcr Gesch\u00e4ftsr\u00e4ume und Veranstaltungen\" \/>\n<meta property=\"og:description\" content=\"Entdecken Sie die Objektm\u00f6bel von Casala f\u00fcr Hallen, Konferenzen, Hospitlity, Bildung, Gesundheitswesen, Kirchen und Office.\" \/>\n<meta property=\"og:url\" content=\"https:\/\/www.casala.com\/de\/\" \/>\n<meta property=\"og:site_name\" content=\"Casala Furniture\" \/>\n<meta property=\"article:modified_time\" content=\"2026-03-27T14:13:43+00:00\" \/>\n<meta name=\"twitter:card\" content=\"summary_large_image\" \/>\n<meta name=\"twitter:label1\" content=\"Est. reading time\" \/>\n\t<meta name=\"twitter:data1\" content=\"6 minutes\" \/>\n<script type=\"application\/ld+json\" class=\"yoast-schema-graph\">{\"@context\":\"https:\/\/schema.org\",\"@graph\":[{\"@type\":\"WebPage\",\"@id\":\"https:\/\/www.casala.com\/de\/\",\"url\":\"https:\/\/www.casala.com\/de\/\",\"name\":\"Casala | Objektm\u00f6bel f\u00fcr Gesch\u00e4ftsr\u00e4ume und Veranstaltungen\",\"isPartOf\":{\"@id\":\"https:\/\/www.casala.com\/de\/#website\"},\"datePublished\":\"2025-03-04T12:15:36+00:00\",\"dateModified\":\"2026-03-27T14:13:43+00:00\",\"description\":\"Entdecken Sie die Objektm\u00f6bel von Casala f\u00fcr Hallen, Konferenzen, Hospitlity, Bildung, Gesundheitswesen, Kirchen und Office.\",\"breadcrumb\":{\"@id\":\"https:\/\/www.casala.com\/de\/#breadcrumb\"},\"inLanguage\":\"de\",\"potentialAction\":[{\"@type\":\"ReadAction\",\"target\":[\"https:\/\/www.casala.com\/de\/\"]}]},{\"@type\":\"BreadcrumbList\",\"@id\":\"https:\/\/www.casala.com\/de\/#breadcrumb\",\"itemListElement\":[{\"@type\":\"ListItem\",\"position\":1,\"name\":\"Home\",\"item\":\"https:\/\/www.casala.com\/de\/\"},{\"@type\":\"ListItem\",\"position\":2,\"name\":\"Home\"}]},{\"@type\":\"WebSite\",\"@id\":\"https:\/\/www.casala.com\/de\/#website\",\"url\":\"https:\/\/www.casala.com\/de\/\",\"name\":\"Casala\",\"description\":\"\",\"alternateName\":\"Casala\",\"potentialAction\":[{\"@type\":\"SearchAction\",\"target\":{\"@type\":\"EntryPoint\",\"urlTemplate\":\"https:\/\/www.casala.com\/de\/?s={search_term_string}\"},\"query-input\":{\"@type\":\"PropertyValueSpecification\",\"valueRequired\":true,\"valueName\":\"search_term_string\"}}],\"inLanguage\":\"de\"}]}<\/script>\n<!-- \/ Yoast SEO plugin. -->","yoast_head_json":{"title":"Casala | Objektm\u00f6bel f\u00fcr Gesch\u00e4ftsr\u00e4ume und Veranstaltungen","description":"Entdecken Sie die Objektm\u00f6bel von Casala f\u00fcr Hallen, Konferenzen, Hospitlity, Bildung, Gesundheitswesen, Kirchen und Office.","robots":{"index":"index","follow":"follow","max-snippet":"max-snippet:-1","max-image-preview":"max-image-preview:large","max-video-preview":"max-video-preview:-1"},"canonical":"https:\/\/www.casala.com\/de\/","og_locale":"de_DE","og_type":"article","og_title":"Casala | Objektm\u00f6bel f\u00fcr Gesch\u00e4ftsr\u00e4ume und Veranstaltungen","og_description":"Entdecken Sie die Objektm\u00f6bel von Casala f\u00fcr Hallen, Konferenzen, Hospitlity, Bildung, Gesundheitswesen, Kirchen und Office.","og_url":"https:\/\/www.casala.com\/de\/","og_site_name":"Casala Furniture","article_modified_time":"2026-03-27T14:13:43+00:00","twitter_card":"summary_large_image","twitter_misc":{"Est. reading time":"6 minutes"},"schema":{"@context":"https:\/\/schema.org","@graph":[{"@type":"WebPage","@id":"https:\/\/www.casala.com\/de\/","url":"https:\/\/www.casala.com\/de\/","name":"Casala | Objektm\u00f6bel f\u00fcr Gesch\u00e4ftsr\u00e4ume und Veranstaltungen","isPartOf":{"@id":"https:\/\/www.casala.com\/de\/#website"},"datePublished":"2025-03-04T12:15:36+00:00","dateModified":"2026-03-27T14:13:43+00:00","description":"Entdecken Sie die Objektm\u00f6bel von Casala f\u00fcr Hallen, Konferenzen, Hospitlity, Bildung, Gesundheitswesen, Kirchen und Office.","breadcrumb":{"@id":"https:\/\/www.casala.com\/de\/#breadcrumb"},"inLanguage":"de","potentialAction":[{"@type":"ReadAction","target":["https:\/\/www.casala.com\/de\/"]}]},{"@type":"BreadcrumbList","@id":"https:\/\/www.casala.com\/de\/#breadcrumb","itemListElement":[{"@type":"ListItem","position":1,"name":"Home","item":"https:\/\/www.casala.com\/de\/"},{"@type":"ListItem","position":2,"name":"Home"}]},{"@type":"WebSite","@id":"https:\/\/www.casala.com\/de\/#website","url":"https:\/\/www.casala.com\/de\/","name":"Casala","description":"","alternateName":"Casala","potentialAction":[{"@type":"SearchAction","target":{"@type":"EntryPoint","urlTemplate":"https:\/\/www.casala.com\/de\/?s={search_term_string}"},"query-input":{"@type":"PropertyValueSpecification","valueRequired":true,"valueName":"search_term_string"}}],"inLanguage":"de"}]}},"_links":{"self":[{"href":"https:\/\/www.casala.com\/de\/wp-json\/wp\/v2\/pages\/26892","targetHints":{"allow":["GET"]}}],"collection":[{"href":"https:\/\/www.casala.com\/de\/wp-json\/wp\/v2\/pages"}],"about":[{"href":"https:\/\/www.casala.com\/de\/wp-json\/wp\/v2\/types\/page"}],"author":[{"embeddable":true,"href":"https:\/\/www.casala.com\/de\/wp-json\/wp\/v2\/users\/1"}],"replies":[{"embeddable":true,"href":"https:\/\/www.casala.com\/de\/wp-json\/wp\/v2\/comments?post=26892"}],"version-history":[{"count":25,"href":"https:\/\/www.casala.com\/de\/wp-json\/wp\/v2\/pages\/26892\/revisions"}],"predecessor-version":[{"id":32991,"href":"https:\/\/www.casala.com\/de\/wp-json\/wp\/v2\/pages\/26892\/revisions\/32991"}],"wp:attachment":[{"href":"https:\/\/www.casala.com\/de\/wp-json\/wp\/v2\/media?parent=26892"}],"curies":[{"name":"wp","href":"https:\/\/api.w.org\/{rel}","templated":true}]}}