{"id":26878,"date":"2025-05-09T11:21:25","date_gmt":"2025-05-09T10:21:25","guid":{"rendered":"https:\/\/www.casala.com\/products\/"},"modified":"2026-03-10T11:46:05","modified_gmt":"2026-03-10T10:46:05","slug":"produkte","status":"publish","type":"page","link":"https:\/\/www.casala.com\/de\/produkte\/","title":{"rendered":"Produkte"},"content":{"rendered":"","protected":false},"excerpt":{"rendered":"","protected":false},"author":1,"featured_media":0,"parent":0,"menu_order":26,"comment_status":"closed","ping_status":"closed","template":"page-products.php","meta":{"_acf_changed":false,"footnotes":""},"class_list":["post-26878","page","type-page","status-publish","hentry"],"acf":[],"yoast_head":"<!-- This site is optimized with the Yoast SEO plugin v27.1.1 - https:\/\/yoast.com\/product\/yoast-seo-wordpress\/ -->\n<title>Kollektion Objektm\u00f6bel | St\u00fchle, Tische, Workpods &amp; Loungem\u00f6bel<\/title>\n<meta name=\"description\" content=\"Entdecken Sie die Casala Kollektion mit Sitzm\u00f6beln, Tischen und Akustikl\u00f6sungen f\u00fcr Objekt- und Projektbereiche.\" \/>\n<meta name=\"robots\" content=\"index, follow, max-snippet:-1, max-image-preview:large, max-video-preview:-1\" \/>\n<link rel=\"canonical\" href=\"https:\/\/www.casala.com\/de\/produkte\/\" \/>\n<meta property=\"og:locale\" content=\"de_DE\" \/>\n<meta property=\"og:type\" content=\"article\" \/>\n<meta property=\"og:title\" content=\"Kollektion Objektm\u00f6bel | St\u00fchle, Tische, Workpods &amp; Loungem\u00f6bel\" \/>\n<meta property=\"og:description\" content=\"Entdecken Sie die Casala Kollektion mit Sitzm\u00f6beln, Tischen und Akustikl\u00f6sungen f\u00fcr Objekt- und Projektbereiche.\" \/>\n<meta property=\"og:url\" content=\"https:\/\/www.casala.com\/de\/produkte\/\" \/>\n<meta property=\"og:site_name\" content=\"Casala Furniture\" \/>\n<meta property=\"article:modified_time\" content=\"2026-03-10T10:46:05+00:00\" \/>\n<meta name=\"twitter:card\" content=\"summary_large_image\" \/>\n<meta name=\"twitter:label1\" content=\"Est. reading time\" \/>\n\t<meta name=\"twitter:data1\" content=\"1 minute\" \/>\n<script type=\"application\/ld+json\" class=\"yoast-schema-graph\">{\"@context\":\"https:\/\/schema.org\",\"@graph\":[{\"@type\":\"WebPage\",\"@id\":\"https:\/\/www.casala.com\/de\/produkte\/\",\"url\":\"https:\/\/www.casala.com\/de\/produkte\/\",\"name\":\"Kollektion Objektm\u00f6bel | St\u00fchle, Tische, Workpods & Loungem\u00f6bel\",\"isPartOf\":{\"@id\":\"https:\/\/www.casala.com\/de\/#website\"},\"datePublished\":\"2025-05-09T10:21:25+00:00\",\"dateModified\":\"2026-03-10T10:46:05+00:00\",\"description\":\"Entdecken Sie die Casala Kollektion mit Sitzm\u00f6beln, Tischen und Akustikl\u00f6sungen f\u00fcr Objekt- und Projektbereiche.\",\"breadcrumb\":{\"@id\":\"https:\/\/www.casala.com\/de\/produkte\/#breadcrumb\"},\"inLanguage\":\"de\",\"potentialAction\":[{\"@type\":\"ReadAction\",\"target\":[\"https:\/\/www.casala.com\/de\/produkte\/\"]}]},{\"@type\":\"BreadcrumbList\",\"@id\":\"https:\/\/www.casala.com\/de\/produkte\/#breadcrumb\",\"itemListElement\":[{\"@type\":\"ListItem\",\"position\":1,\"name\":\"Home\",\"item\":\"https:\/\/www.casala.com\/de\/\"},{\"@type\":\"ListItem\",\"position\":2,\"name\":\"Produkte\"}]},{\"@type\":\"WebSite\",\"@id\":\"https:\/\/www.casala.com\/de\/#website\",\"url\":\"https:\/\/www.casala.com\/de\/\",\"name\":\"Casala\",\"description\":\"\",\"alternateName\":\"Casala\",\"potentialAction\":[{\"@type\":\"SearchAction\",\"target\":{\"@type\":\"EntryPoint\",\"urlTemplate\":\"https:\/\/www.casala.com\/de\/?s={search_term_string}\"},\"query-input\":{\"@type\":\"PropertyValueSpecification\",\"valueRequired\":true,\"valueName\":\"search_term_string\"}}],\"inLanguage\":\"de\"}]}<\/script>\n<!-- \/ Yoast SEO plugin. -->","yoast_head_json":{"title":"Kollektion Objektm\u00f6bel | St\u00fchle, Tische, Workpods & Loungem\u00f6bel","description":"Entdecken Sie die Casala Kollektion mit Sitzm\u00f6beln, Tischen und Akustikl\u00f6sungen f\u00fcr Objekt- und Projektbereiche.","robots":{"index":"index","follow":"follow","max-snippet":"max-snippet:-1","max-image-preview":"max-image-preview:large","max-video-preview":"max-video-preview:-1"},"canonical":"https:\/\/www.casala.com\/de\/produkte\/","og_locale":"de_DE","og_type":"article","og_title":"Kollektion Objektm\u00f6bel | St\u00fchle, Tische, Workpods & Loungem\u00f6bel","og_description":"Entdecken Sie die Casala Kollektion mit Sitzm\u00f6beln, Tischen und Akustikl\u00f6sungen f\u00fcr Objekt- und Projektbereiche.","og_url":"https:\/\/www.casala.com\/de\/produkte\/","og_site_name":"Casala Furniture","article_modified_time":"2026-03-10T10:46:05+00:00","twitter_card":"summary_large_image","twitter_misc":{"Est. reading time":"1 minute"},"schema":{"@context":"https:\/\/schema.org","@graph":[{"@type":"WebPage","@id":"https:\/\/www.casala.com\/de\/produkte\/","url":"https:\/\/www.casala.com\/de\/produkte\/","name":"Kollektion Objektm\u00f6bel | St\u00fchle, Tische, Workpods & Loungem\u00f6bel","isPartOf":{"@id":"https:\/\/www.casala.com\/de\/#website"},"datePublished":"2025-05-09T10:21:25+00:00","dateModified":"2026-03-10T10:46:05+00:00","description":"Entdecken Sie die Casala Kollektion mit Sitzm\u00f6beln, Tischen und Akustikl\u00f6sungen f\u00fcr Objekt- und Projektbereiche.","breadcrumb":{"@id":"https:\/\/www.casala.com\/de\/produkte\/#breadcrumb"},"inLanguage":"de","potentialAction":[{"@type":"ReadAction","target":["https:\/\/www.casala.com\/de\/produkte\/"]}]},{"@type":"BreadcrumbList","@id":"https:\/\/www.casala.com\/de\/produkte\/#breadcrumb","itemListElement":[{"@type":"ListItem","position":1,"name":"Home","item":"https:\/\/www.casala.com\/de\/"},{"@type":"ListItem","position":2,"name":"Produkte"}]},{"@type":"WebSite","@id":"https:\/\/www.casala.com\/de\/#website","url":"https:\/\/www.casala.com\/de\/","name":"Casala","description":"","alternateName":"Casala","potentialAction":[{"@type":"SearchAction","target":{"@type":"EntryPoint","urlTemplate":"https:\/\/www.casala.com\/de\/?s={search_term_string}"},"query-input":{"@type":"PropertyValueSpecification","valueRequired":true,"valueName":"search_term_string"}}],"inLanguage":"de"}]}},"_links":{"self":[{"href":"https:\/\/www.casala.com\/de\/wp-json\/wp\/v2\/pages\/26878","targetHints":{"allow":["GET"]}}],"collection":[{"href":"https:\/\/www.casala.com\/de\/wp-json\/wp\/v2\/pages"}],"about":[{"href":"https:\/\/www.casala.com\/de\/wp-json\/wp\/v2\/types\/page"}],"author":[{"embeddable":true,"href":"https:\/\/www.casala.com\/de\/wp-json\/wp\/v2\/users\/1"}],"replies":[{"embeddable":true,"href":"https:\/\/www.casala.com\/de\/wp-json\/wp\/v2\/comments?post=26878"}],"version-history":[{"count":4,"href":"https:\/\/www.casala.com\/de\/wp-json\/wp\/v2\/pages\/26878\/revisions"}],"predecessor-version":[{"id":27287,"href":"https:\/\/www.casala.com\/de\/wp-json\/wp\/v2\/pages\/26878\/revisions\/27287"}],"wp:attachment":[{"href":"https:\/\/www.casala.com\/de\/wp-json\/wp\/v2\/media?parent=26878"}],"curies":[{"name":"wp","href":"https:\/\/api.w.org\/{rel}","templated":true}]}}