{"id":26770,"date":"2025-04-09T12:29:24","date_gmt":"2025-04-09T11:29:24","guid":{"rendered":"https:\/\/www.casala.com\/projects\/"},"modified":"2026-04-30T12:19:38","modified_gmt":"2026-04-30T11:19:38","slug":"projekte","status":"publish","type":"page","link":"https:\/\/www.casala.com\/de\/projekte\/","title":{"rendered":"Projekte"},"content":{"rendered":"<p style=\"text-align: center;\">Wir arbeiten eng mit unseren Partnern zusammen, um Ideen durch durchdachtes Design und funktionale M\u00f6bell\u00f6sungen zum Leben zu erwecken. Unsere Kollektion vereint zeitlose \u00c4sthetik mit zuverl\u00e4ssiger Funktionalit\u00e4t. Sie f\u00fcgt sich nahtlos in jedes Interieur ein und schafft ma\u00dfgeschneiderte Umgebungen, die Komfort und Effizienz steigern. Unsere Referenzen unterstreichen die Vielseitigkeit der Casala Kollektion und zeigen, wie unsere M\u00f6bel Menschen in ihrem Arbeitsalltag unterst\u00fctzen und jedem Raum einen unverwechselbaren Charakter verleihen.<\/p>\n","protected":false},"excerpt":{"rendered":"<p>Wir arbeiten eng mit unseren Partnern zusammen, um Ideen durch durchdachtes Design und funktionale M\u00f6bell\u00f6sungen zum Leben zu erwecken. Unsere Kollektion vereint zeitlose \u00c4sthetik mit zuverl\u00e4ssiger Funktionalit\u00e4t. Sie f\u00fcgt sich nahtlos in jedes Interieur ein und schafft ma\u00dfgeschneiderte Umgebungen, die Komfort und Effizienz steigern. Unsere Referenzen unterstreichen die Vielseitigkeit der Casala Kollektion und zeigen, wie [&hellip;]<\/p>\n","protected":false},"author":1,"featured_media":0,"parent":0,"menu_order":29,"comment_status":"closed","ping_status":"closed","template":"page-projecten.php","meta":{"_acf_changed":false,"footnotes":""},"class_list":["post-26770","page","type-page","status-publish","hentry"],"acf":[],"yoast_head":"<!-- This site is optimized with the Yoast SEO plugin v27.1.1 - https:\/\/yoast.com\/product\/yoast-seo-wordpress\/ -->\n<title>Projekte | Inspirierende Gesch\u00e4ftsumgebungen mit Casala M\u00f6bel<\/title>\n<meta name=\"description\" content=\"Entdecken Sie internationale Projekte und sehen Sie, wie Casala Objektm\u00f6bel moderne Innenr\u00e4ume in Arbeitswelten, Hallen und Bildungseinrichtungen gestalten.\" \/>\n<meta name=\"robots\" content=\"index, follow, max-snippet:-1, max-image-preview:large, max-video-preview:-1\" \/>\n<link rel=\"canonical\" href=\"https:\/\/www.casala.com\/de\/projekte\/\" \/>\n<meta property=\"og:locale\" content=\"de_DE\" \/>\n<meta property=\"og:type\" content=\"article\" \/>\n<meta property=\"og:title\" content=\"Projekte | Inspirierende Gesch\u00e4ftsumgebungen mit Casala M\u00f6bel\" \/>\n<meta property=\"og:description\" content=\"Entdecken Sie internationale Projekte und sehen Sie, wie Casala Objektm\u00f6bel moderne Innenr\u00e4ume in Arbeitswelten, Hallen und Bildungseinrichtungen gestalten.\" \/>\n<meta property=\"og:url\" content=\"https:\/\/www.casala.com\/de\/projekte\/\" \/>\n<meta property=\"og:site_name\" content=\"Casala Furniture\" \/>\n<meta property=\"article:modified_time\" content=\"2026-04-30T11:19:38+00:00\" \/>\n<meta name=\"twitter:card\" content=\"summary_large_image\" \/>\n<meta name=\"twitter:label1\" content=\"Est. reading time\" \/>\n\t<meta name=\"twitter:data1\" content=\"1 minute\" \/>\n<script type=\"application\/ld+json\" class=\"yoast-schema-graph\">{\"@context\":\"https:\/\/schema.org\",\"@graph\":[{\"@type\":\"WebPage\",\"@id\":\"https:\/\/www.casala.com\/de\/projekte\/\",\"url\":\"https:\/\/www.casala.com\/de\/projekte\/\",\"name\":\"Projekte | Inspirierende Gesch\u00e4ftsumgebungen mit Casala M\u00f6bel\",\"isPartOf\":{\"@id\":\"https:\/\/www.casala.com\/de\/#website\"},\"datePublished\":\"2025-04-09T11:29:24+00:00\",\"dateModified\":\"2026-04-30T11:19:38+00:00\",\"description\":\"Entdecken Sie internationale Projekte und sehen Sie, wie Casala Objektm\u00f6bel moderne Innenr\u00e4ume in Arbeitswelten, Hallen und Bildungseinrichtungen gestalten.\",\"breadcrumb\":{\"@id\":\"https:\/\/www.casala.com\/de\/projekte\/#breadcrumb\"},\"inLanguage\":\"de\",\"potentialAction\":[{\"@type\":\"ReadAction\",\"target\":[\"https:\/\/www.casala.com\/de\/projekte\/\"]}]},{\"@type\":\"BreadcrumbList\",\"@id\":\"https:\/\/www.casala.com\/de\/projekte\/#breadcrumb\",\"itemListElement\":[{\"@type\":\"ListItem\",\"position\":1,\"name\":\"Home\",\"item\":\"https:\/\/www.casala.com\/de\/\"},{\"@type\":\"ListItem\",\"position\":2,\"name\":\"Projekte\"}]},{\"@type\":\"WebSite\",\"@id\":\"https:\/\/www.casala.com\/de\/#website\",\"url\":\"https:\/\/www.casala.com\/de\/\",\"name\":\"Casala\",\"description\":\"\",\"alternateName\":\"Casala\",\"potentialAction\":[{\"@type\":\"SearchAction\",\"target\":{\"@type\":\"EntryPoint\",\"urlTemplate\":\"https:\/\/www.casala.com\/de\/?s={search_term_string}\"},\"query-input\":{\"@type\":\"PropertyValueSpecification\",\"valueRequired\":true,\"valueName\":\"search_term_string\"}}],\"inLanguage\":\"de\"}]}<\/script>\n<!-- \/ Yoast SEO plugin. -->","yoast_head_json":{"title":"Projekte | Inspirierende Gesch\u00e4ftsumgebungen mit Casala M\u00f6bel","description":"Entdecken Sie internationale Projekte und sehen Sie, wie Casala Objektm\u00f6bel moderne Innenr\u00e4ume in Arbeitswelten, Hallen und Bildungseinrichtungen gestalten.","robots":{"index":"index","follow":"follow","max-snippet":"max-snippet:-1","max-image-preview":"max-image-preview:large","max-video-preview":"max-video-preview:-1"},"canonical":"https:\/\/www.casala.com\/de\/projekte\/","og_locale":"de_DE","og_type":"article","og_title":"Projekte | Inspirierende Gesch\u00e4ftsumgebungen mit Casala M\u00f6bel","og_description":"Entdecken Sie internationale Projekte und sehen Sie, wie Casala Objektm\u00f6bel moderne Innenr\u00e4ume in Arbeitswelten, Hallen und Bildungseinrichtungen gestalten.","og_url":"https:\/\/www.casala.com\/de\/projekte\/","og_site_name":"Casala Furniture","article_modified_time":"2026-04-30T11:19:38+00:00","twitter_card":"summary_large_image","twitter_misc":{"Est. reading time":"1 minute"},"schema":{"@context":"https:\/\/schema.org","@graph":[{"@type":"WebPage","@id":"https:\/\/www.casala.com\/de\/projekte\/","url":"https:\/\/www.casala.com\/de\/projekte\/","name":"Projekte | Inspirierende Gesch\u00e4ftsumgebungen mit Casala M\u00f6bel","isPartOf":{"@id":"https:\/\/www.casala.com\/de\/#website"},"datePublished":"2025-04-09T11:29:24+00:00","dateModified":"2026-04-30T11:19:38+00:00","description":"Entdecken Sie internationale Projekte und sehen Sie, wie Casala Objektm\u00f6bel moderne Innenr\u00e4ume in Arbeitswelten, Hallen und Bildungseinrichtungen gestalten.","breadcrumb":{"@id":"https:\/\/www.casala.com\/de\/projekte\/#breadcrumb"},"inLanguage":"de","potentialAction":[{"@type":"ReadAction","target":["https:\/\/www.casala.com\/de\/projekte\/"]}]},{"@type":"BreadcrumbList","@id":"https:\/\/www.casala.com\/de\/projekte\/#breadcrumb","itemListElement":[{"@type":"ListItem","position":1,"name":"Home","item":"https:\/\/www.casala.com\/de\/"},{"@type":"ListItem","position":2,"name":"Projekte"}]},{"@type":"WebSite","@id":"https:\/\/www.casala.com\/de\/#website","url":"https:\/\/www.casala.com\/de\/","name":"Casala","description":"","alternateName":"Casala","potentialAction":[{"@type":"SearchAction","target":{"@type":"EntryPoint","urlTemplate":"https:\/\/www.casala.com\/de\/?s={search_term_string}"},"query-input":{"@type":"PropertyValueSpecification","valueRequired":true,"valueName":"search_term_string"}}],"inLanguage":"de"}]}},"_links":{"self":[{"href":"https:\/\/www.casala.com\/de\/wp-json\/wp\/v2\/pages\/26770","targetHints":{"allow":["GET"]}}],"collection":[{"href":"https:\/\/www.casala.com\/de\/wp-json\/wp\/v2\/pages"}],"about":[{"href":"https:\/\/www.casala.com\/de\/wp-json\/wp\/v2\/types\/page"}],"author":[{"embeddable":true,"href":"https:\/\/www.casala.com\/de\/wp-json\/wp\/v2\/users\/1"}],"replies":[{"embeddable":true,"href":"https:\/\/www.casala.com\/de\/wp-json\/wp\/v2\/comments?post=26770"}],"version-history":[{"count":7,"href":"https:\/\/www.casala.com\/de\/wp-json\/wp\/v2\/pages\/26770\/revisions"}],"predecessor-version":[{"id":32898,"href":"https:\/\/www.casala.com\/de\/wp-json\/wp\/v2\/pages\/26770\/revisions\/32898"}],"wp:attachment":[{"href":"https:\/\/www.casala.com\/de\/wp-json\/wp\/v2\/media?parent=26770"}],"curies":[{"name":"wp","href":"https:\/\/api.w.org\/{rel}","templated":true}]}}