{"id":26766,"date":"2025-08-07T10:05:15","date_gmt":"2025-08-07T09:05:15","guid":{"rendered":"https:\/\/www.casala.com\/conferences\/"},"modified":"2026-04-30T10:22:12","modified_gmt":"2026-04-30T09:22:12","slug":"konferenzen","status":"publish","type":"page","link":"https:\/\/www.casala.com\/de\/konferenzen\/","title":{"rendered":"Konferenzen"},"content":{"rendered":"","protected":false},"excerpt":{"rendered":"","protected":false},"author":2,"featured_media":0,"parent":0,"menu_order":7,"comment_status":"closed","ping_status":"closed","template":"","meta":{"_acf_changed":false,"footnotes":""},"class_list":["post-26766","page","type-page","status-publish","hentry"],"acf":[],"yoast_head":"<!-- This site is optimized with the Yoast SEO plugin v27.1.1 - https:\/\/yoast.com\/product\/yoast-seo-wordpress\/ -->\n<title>Konferenzen | Casala St\u00fchle und Tische f\u00fcr Konferenzr\u00e4ume<\/title>\n<meta name=\"description\" content=\"Casala bietet stilvolle St\u00fchle und Tische f\u00fcr Konferenzen, die Komfort, Funktionalit\u00e4t und Nachhaltigkeit f\u00fcr kleine R\u00e4ume und gro\u00dfe Veranstaltungsorte vereinen.\" \/>\n<meta name=\"robots\" content=\"index, follow, max-snippet:-1, max-image-preview:large, max-video-preview:-1\" \/>\n<link rel=\"canonical\" href=\"https:\/\/www.casala.com\/de\/konferenzen\/\" \/>\n<meta property=\"og:locale\" content=\"de_DE\" \/>\n<meta property=\"og:type\" content=\"article\" \/>\n<meta property=\"og:title\" content=\"Konferenzen | Casala St\u00fchle und Tische f\u00fcr Konferenzr\u00e4ume\" \/>\n<meta property=\"og:description\" content=\"Casala bietet stilvolle St\u00fchle und Tische f\u00fcr Konferenzen, die Komfort, Funktionalit\u00e4t und Nachhaltigkeit f\u00fcr kleine R\u00e4ume und gro\u00dfe Veranstaltungsorte vereinen.\" \/>\n<meta property=\"og:url\" content=\"https:\/\/www.casala.com\/de\/konferenzen\/\" \/>\n<meta property=\"og:site_name\" content=\"Casala Furniture\" \/>\n<meta property=\"article:modified_time\" content=\"2026-04-30T09:22:12+00:00\" \/>\n<meta name=\"twitter:card\" content=\"summary_large_image\" \/>\n<meta name=\"twitter:label1\" content=\"Est. reading time\" \/>\n\t<meta name=\"twitter:data1\" content=\"5 minutes\" \/>\n<script type=\"application\/ld+json\" class=\"yoast-schema-graph\">{\"@context\":\"https:\/\/schema.org\",\"@graph\":[{\"@type\":\"WebPage\",\"@id\":\"https:\/\/www.casala.com\/de\/konferenzen\/\",\"url\":\"https:\/\/www.casala.com\/de\/konferenzen\/\",\"name\":\"Konferenzen | Casala St\u00fchle und Tische f\u00fcr Konferenzr\u00e4ume\",\"isPartOf\":{\"@id\":\"https:\/\/www.casala.com\/de\/#website\"},\"datePublished\":\"2025-08-07T09:05:15+00:00\",\"dateModified\":\"2026-04-30T09:22:12+00:00\",\"description\":\"Casala bietet stilvolle St\u00fchle und Tische f\u00fcr Konferenzen, die Komfort, Funktionalit\u00e4t und Nachhaltigkeit f\u00fcr kleine R\u00e4ume und gro\u00dfe Veranstaltungsorte vereinen.\",\"breadcrumb\":{\"@id\":\"https:\/\/www.casala.com\/de\/konferenzen\/#breadcrumb\"},\"inLanguage\":\"de\",\"potentialAction\":[{\"@type\":\"ReadAction\",\"target\":[\"https:\/\/www.casala.com\/de\/konferenzen\/\"]}]},{\"@type\":\"BreadcrumbList\",\"@id\":\"https:\/\/www.casala.com\/de\/konferenzen\/#breadcrumb\",\"itemListElement\":[{\"@type\":\"ListItem\",\"position\":1,\"name\":\"Home\",\"item\":\"https:\/\/www.casala.com\/de\/\"},{\"@type\":\"ListItem\",\"position\":2,\"name\":\"Konferenzen\"}]},{\"@type\":\"WebSite\",\"@id\":\"https:\/\/www.casala.com\/de\/#website\",\"url\":\"https:\/\/www.casala.com\/de\/\",\"name\":\"Casala\",\"description\":\"\",\"alternateName\":\"Casala\",\"potentialAction\":[{\"@type\":\"SearchAction\",\"target\":{\"@type\":\"EntryPoint\",\"urlTemplate\":\"https:\/\/www.casala.com\/de\/?s={search_term_string}\"},\"query-input\":{\"@type\":\"PropertyValueSpecification\",\"valueRequired\":true,\"valueName\":\"search_term_string\"}}],\"inLanguage\":\"de\"}]}<\/script>\n<!-- \/ Yoast SEO plugin. -->","yoast_head_json":{"title":"Konferenzen | Casala St\u00fchle und Tische f\u00fcr Konferenzr\u00e4ume","description":"Casala bietet stilvolle St\u00fchle und Tische f\u00fcr Konferenzen, die Komfort, Funktionalit\u00e4t und Nachhaltigkeit f\u00fcr kleine R\u00e4ume und gro\u00dfe Veranstaltungsorte vereinen.","robots":{"index":"index","follow":"follow","max-snippet":"max-snippet:-1","max-image-preview":"max-image-preview:large","max-video-preview":"max-video-preview:-1"},"canonical":"https:\/\/www.casala.com\/de\/konferenzen\/","og_locale":"de_DE","og_type":"article","og_title":"Konferenzen | Casala St\u00fchle und Tische f\u00fcr Konferenzr\u00e4ume","og_description":"Casala bietet stilvolle St\u00fchle und Tische f\u00fcr Konferenzen, die Komfort, Funktionalit\u00e4t und Nachhaltigkeit f\u00fcr kleine R\u00e4ume und gro\u00dfe Veranstaltungsorte vereinen.","og_url":"https:\/\/www.casala.com\/de\/konferenzen\/","og_site_name":"Casala Furniture","article_modified_time":"2026-04-30T09:22:12+00:00","twitter_card":"summary_large_image","twitter_misc":{"Est. reading time":"5 minutes"},"schema":{"@context":"https:\/\/schema.org","@graph":[{"@type":"WebPage","@id":"https:\/\/www.casala.com\/de\/konferenzen\/","url":"https:\/\/www.casala.com\/de\/konferenzen\/","name":"Konferenzen | Casala St\u00fchle und Tische f\u00fcr Konferenzr\u00e4ume","isPartOf":{"@id":"https:\/\/www.casala.com\/de\/#website"},"datePublished":"2025-08-07T09:05:15+00:00","dateModified":"2026-04-30T09:22:12+00:00","description":"Casala bietet stilvolle St\u00fchle und Tische f\u00fcr Konferenzen, die Komfort, Funktionalit\u00e4t und Nachhaltigkeit f\u00fcr kleine R\u00e4ume und gro\u00dfe Veranstaltungsorte vereinen.","breadcrumb":{"@id":"https:\/\/www.casala.com\/de\/konferenzen\/#breadcrumb"},"inLanguage":"de","potentialAction":[{"@type":"ReadAction","target":["https:\/\/www.casala.com\/de\/konferenzen\/"]}]},{"@type":"BreadcrumbList","@id":"https:\/\/www.casala.com\/de\/konferenzen\/#breadcrumb","itemListElement":[{"@type":"ListItem","position":1,"name":"Home","item":"https:\/\/www.casala.com\/de\/"},{"@type":"ListItem","position":2,"name":"Konferenzen"}]},{"@type":"WebSite","@id":"https:\/\/www.casala.com\/de\/#website","url":"https:\/\/www.casala.com\/de\/","name":"Casala","description":"","alternateName":"Casala","potentialAction":[{"@type":"SearchAction","target":{"@type":"EntryPoint","urlTemplate":"https:\/\/www.casala.com\/de\/?s={search_term_string}"},"query-input":{"@type":"PropertyValueSpecification","valueRequired":true,"valueName":"search_term_string"}}],"inLanguage":"de"}]}},"_links":{"self":[{"href":"https:\/\/www.casala.com\/de\/wp-json\/wp\/v2\/pages\/26766","targetHints":{"allow":["GET"]}}],"collection":[{"href":"https:\/\/www.casala.com\/de\/wp-json\/wp\/v2\/pages"}],"about":[{"href":"https:\/\/www.casala.com\/de\/wp-json\/wp\/v2\/types\/page"}],"author":[{"embeddable":true,"href":"https:\/\/www.casala.com\/de\/wp-json\/wp\/v2\/users\/2"}],"replies":[{"embeddable":true,"href":"https:\/\/www.casala.com\/de\/wp-json\/wp\/v2\/comments?post=26766"}],"version-history":[{"count":11,"href":"https:\/\/www.casala.com\/de\/wp-json\/wp\/v2\/pages\/26766\/revisions"}],"predecessor-version":[{"id":33190,"href":"https:\/\/www.casala.com\/de\/wp-json\/wp\/v2\/pages\/26766\/revisions\/33190"}],"wp:attachment":[{"href":"https:\/\/www.casala.com\/de\/wp-json\/wp\/v2\/media?parent=26766"}],"curies":[{"name":"wp","href":"https:\/\/api.w.org\/{rel}","templated":true}]}}